{"id":5360,"date":"2024-07-01T09:32:17","date_gmt":"2024-07-01T07:32:17","guid":{"rendered":"https:\/\/infinitteurope.com\/impressum\/"},"modified":"2025-08-15T09:01:32","modified_gmt":"2025-08-15T07:01:32","slug":"impressum","status":"publish","type":"page","link":"https:\/\/infinitteurope.com\/fr\/mentions-legales\/","title":{"rendered":"Mentions l\u00e9gales"},"content":{"rendered":"<div id='av_section_1'  class='avia-section av-ly2nwoln-04b2323e76e6b0d3f1ec055bfedbe891 main_color avia-section-huge avia-no-border-styling  avia-builder-el-0  avia-builder-el-no-sibling  avia-bg-style-scroll container_wrap fullsize'  ><div class='container av-section-cont-open' ><main  role=\"main\" itemprop=\"mainContentOfPage\"  class='template-page content  av-content-full alpha units'><div class='post-entry post-entry-type-page post-entry-5360'><div class='entry-content-wrapper clearfix'>\r\n\r\n<div  class='flex_column av-20ef1y-c247ff3a9e2f1f30d3cda93ba9838c96 av_one_full  avia-builder-el-1  avia-builder-el-no-sibling  first flex_column_div  '     ><style type=\"text\/css\" data-created_by=\"avia_inline_auto\" id=\"style-css-av-ly2nw719-43f3cd4ca16776c82c272d91dd5ea4ea\">\n#top .av-special-heading.av-ly2nw719-43f3cd4ca16776c82c272d91dd5ea4ea{\npadding-bottom:10px;\n}\nbody .av-special-heading.av-ly2nw719-43f3cd4ca16776c82c272d91dd5ea4ea .av-special-heading-tag .heading-char{\nfont-size:25px;\n}\n.av-special-heading.av-ly2nw719-43f3cd4ca16776c82c272d91dd5ea4ea .av-subheading{\nfont-size:15px;\n}\n<\/style>\n<div  class='av-special-heading av-ly2nw719-43f3cd4ca16776c82c272d91dd5ea4ea av-special-heading-h1 blockquote modern-quote  avia-builder-el-2  el_before_av_textblock  avia-builder-el-first '><h1 class='av-special-heading-tag'  itemprop=\"headline\"  >Mentions l\u00e9gales<\/h1><div class=\"special-heading-border\"><div class=\"special-heading-inner-border\"><\/div><\/div><\/div>\n<section  class='av_textblock_section av-ly2nwhep-d65ec1aed9edcdfb27648635c4400e4d '   itemscope=\"itemscope\" itemtype=\"https:\/\/schema.org\/CreativeWork\" ><div class='avia_textblock'  itemprop=\"text\" ><p>INFINITT Europe GmbH<br \/>\nGaugrafenstra\u00dfe 34<br \/>\n60489 Francfort-sur-le-Main<\/p>\n<p>Registre du commerce : HRB 85551<br \/>\nTribunal d&rsquo;enregistrement : Tribunal d&rsquo;instance de Francfort-sur-le-Main<\/p>\n<p>Repr\u00e9sent\u00e9e par :<br \/>\nKun Hong Lim<\/p>\n<h2>Contact<\/h2>\n<p>T\u00e9l\u00e9phone : +49 (0) 69 583 000 200<br \/>\nFax : +49 (0) 69 583 000 299<br \/>\nE-mail : info@infinitteu.com<\/p>\n<h2>Num\u00e9ro d&rsquo;identification fiscale<\/h2>\n<p>Num\u00e9ro d&rsquo;identification fiscale conform\u00e9ment au \u00a7 27 a de la loi allemande sur la taxe sur le chiffre d&rsquo;affaires :<br \/>\nDE 265062399<\/p>\n<h2>Responsable \u00e9ditorial<\/h2>\n<p>Gabriela Sch\u00fctte<br \/>\nGaugrafenstra\u00dfe 34<br \/>\n60489 Francfort-sur-le-Main<\/p>\n<h2>R\u00e8glement des litiges de consommation\/organisme de m\u00e9diation universel<\/h2>\n<p>Nous ne sommes ni dispos\u00e9s ni tenus de participer \u00e0 une proc\u00e9dure de r\u00e8glement des litiges devant un organisme de m\u00e9diation de consommation.<\/p>\n<h2>R\u00e9alisation<\/h2>\n<p>ECONSOR | <a href=\"https:\/\/www.econsor.de\/wordpress\/wordpress-agentur-frankfurt\" target=\"_blank\" rel=\"noopener\">Agence WordPress \u00e0 Francfort<\/a><\/p>\n<p>Taunusanlage 8<br \/>\n60329 Francfort-sur-le-Main<\/p>\n<p>T\u00e9l\u00e9phone : 069 \/ 24 7 49 58 \u2013 40<\/p>\n<p>info@econsor.de<br \/>\nwww.econsor.de<\/p>\n<p>Traduit avec DeepL.com (version gratuite)<\/p>\n<\/div><\/section><\/div>","protected":false},"excerpt":{"rendered":"","protected":false},"author":1,"featured_media":0,"parent":0,"menu_order":0,"comment_status":"closed","ping_status":"closed","template":"","meta":{"_acf_changed":false,"footnotes":""},"class_list":["post-5360","page","type-page","status-publish","hentry"],"acf":[],"yoast_head":"<!-- This site is optimized with the Yoast SEO plugin v27.3 - https:\/\/yoast.com\/product\/yoast-seo-wordpress\/ -->\n<title>Mentions l\u00e9gales - infinitteurope<\/title>\n<meta name=\"robots\" content=\"index, follow, max-snippet:-1, max-image-preview:large, max-video-preview:-1\" \/>\n<link rel=\"canonical\" href=\"https:\/\/infinitteurope.com\/fr\/mentions-legales\/\" \/>\n<meta property=\"og:locale\" content=\"fr_FR\" \/>\n<meta property=\"og:type\" content=\"article\" \/>\n<meta property=\"og:title\" content=\"Mentions l\u00e9gales - infinitteurope\" \/>\n<meta property=\"og:url\" content=\"https:\/\/infinitteurope.com\/fr\/mentions-legales\/\" \/>\n<meta property=\"og:site_name\" content=\"infinitteurope\" \/>\n<meta property=\"article:modified_time\" content=\"2025-08-15T07:01:32+00:00\" \/>\n<meta name=\"twitter:card\" content=\"summary_large_image\" \/>\n<meta name=\"twitter:label1\" content=\"Dur\u00e9e de lecture estim\u00e9e\" \/>\n\t<meta name=\"twitter:data1\" content=\"1 minute\" \/>\n<script type=\"application\/ld+json\" class=\"yoast-schema-graph\">{\"@context\":\"https:\\\/\\\/schema.org\",\"@graph\":[{\"@type\":\"WebPage\",\"@id\":\"https:\\\/\\\/infinitteurope.com\\\/fr\\\/mentions-legales\\\/\",\"url\":\"https:\\\/\\\/infinitteurope.com\\\/fr\\\/mentions-legales\\\/\",\"name\":\"Mentions l\u00e9gales - infinitteurope\",\"isPartOf\":{\"@id\":\"https:\\\/\\\/infinitteurope.com\\\/fr\\\/#website\"},\"datePublished\":\"2024-07-01T07:32:17+00:00\",\"dateModified\":\"2025-08-15T07:01:32+00:00\",\"breadcrumb\":{\"@id\":\"https:\\\/\\\/infinitteurope.com\\\/fr\\\/mentions-legales\\\/#breadcrumb\"},\"inLanguage\":\"fr-FR\",\"potentialAction\":[{\"@type\":\"ReadAction\",\"target\":[\"https:\\\/\\\/infinitteurope.com\\\/fr\\\/mentions-legales\\\/\"]}]},{\"@type\":\"BreadcrumbList\",\"@id\":\"https:\\\/\\\/infinitteurope.com\\\/fr\\\/mentions-legales\\\/#breadcrumb\",\"itemListElement\":[{\"@type\":\"ListItem\",\"position\":1,\"name\":\"Startseite\",\"item\":\"https:\\\/\\\/infinitteurope.com\\\/fr\\\/\"},{\"@type\":\"ListItem\",\"position\":2,\"name\":\"Mentions l\u00e9gales\"}]},{\"@type\":\"WebSite\",\"@id\":\"https:\\\/\\\/infinitteurope.com\\\/fr\\\/#website\",\"url\":\"https:\\\/\\\/infinitteurope.com\\\/fr\\\/\",\"name\":\"infinitteurope\",\"description\":\"\",\"publisher\":{\"@id\":\"https:\\\/\\\/infinitteurope.com\\\/fr\\\/#organization\"},\"potentialAction\":[{\"@type\":\"SearchAction\",\"target\":{\"@type\":\"EntryPoint\",\"urlTemplate\":\"https:\\\/\\\/infinitteurope.com\\\/fr\\\/?s={search_term_string}\"},\"query-input\":{\"@type\":\"PropertyValueSpecification\",\"valueRequired\":true,\"valueName\":\"search_term_string\"}}],\"inLanguage\":\"fr-FR\"},{\"@type\":\"Organization\",\"@id\":\"https:\\\/\\\/infinitteurope.com\\\/fr\\\/#organization\",\"name\":\"Infinitt Europe GmbH\",\"url\":\"https:\\\/\\\/infinitteurope.com\\\/fr\\\/\",\"logo\":{\"@type\":\"ImageObject\",\"inLanguage\":\"fr-FR\",\"@id\":\"https:\\\/\\\/infinitteurope.com\\\/fr\\\/#\\\/schema\\\/logo\\\/image\\\/\",\"url\":\"https:\\\/\\\/infinitteurope.com\\\/wp-content\\\/uploads\\\/2024\\\/07\\\/ieu_logo_blue-bg-white.jpg\",\"contentUrl\":\"https:\\\/\\\/infinitteurope.com\\\/wp-content\\\/uploads\\\/2024\\\/07\\\/ieu_logo_blue-bg-white.jpg\",\"width\":600,\"height\":600,\"caption\":\"Infinitt Europe GmbH\"},\"image\":{\"@id\":\"https:\\\/\\\/infinitteurope.com\\\/fr\\\/#\\\/schema\\\/logo\\\/image\\\/\"}}]}<\/script>\n<!-- \/ Yoast SEO plugin. -->","yoast_head_json":{"title":"Mentions l\u00e9gales - infinitteurope","robots":{"index":"index","follow":"follow","max-snippet":"max-snippet:-1","max-image-preview":"max-image-preview:large","max-video-preview":"max-video-preview:-1"},"canonical":"https:\/\/infinitteurope.com\/fr\/mentions-legales\/","og_locale":"fr_FR","og_type":"article","og_title":"Mentions l\u00e9gales - infinitteurope","og_url":"https:\/\/infinitteurope.com\/fr\/mentions-legales\/","og_site_name":"infinitteurope","article_modified_time":"2025-08-15T07:01:32+00:00","twitter_card":"summary_large_image","twitter_misc":{"Dur\u00e9e de lecture estim\u00e9e":"1 minute"},"schema":{"@context":"https:\/\/schema.org","@graph":[{"@type":"WebPage","@id":"https:\/\/infinitteurope.com\/fr\/mentions-legales\/","url":"https:\/\/infinitteurope.com\/fr\/mentions-legales\/","name":"Mentions l\u00e9gales - infinitteurope","isPartOf":{"@id":"https:\/\/infinitteurope.com\/fr\/#website"},"datePublished":"2024-07-01T07:32:17+00:00","dateModified":"2025-08-15T07:01:32+00:00","breadcrumb":{"@id":"https:\/\/infinitteurope.com\/fr\/mentions-legales\/#breadcrumb"},"inLanguage":"fr-FR","potentialAction":[{"@type":"ReadAction","target":["https:\/\/infinitteurope.com\/fr\/mentions-legales\/"]}]},{"@type":"BreadcrumbList","@id":"https:\/\/infinitteurope.com\/fr\/mentions-legales\/#breadcrumb","itemListElement":[{"@type":"ListItem","position":1,"name":"Startseite","item":"https:\/\/infinitteurope.com\/fr\/"},{"@type":"ListItem","position":2,"name":"Mentions l\u00e9gales"}]},{"@type":"WebSite","@id":"https:\/\/infinitteurope.com\/fr\/#website","url":"https:\/\/infinitteurope.com\/fr\/","name":"infinitteurope","description":"","publisher":{"@id":"https:\/\/infinitteurope.com\/fr\/#organization"},"potentialAction":[{"@type":"SearchAction","target":{"@type":"EntryPoint","urlTemplate":"https:\/\/infinitteurope.com\/fr\/?s={search_term_string}"},"query-input":{"@type":"PropertyValueSpecification","valueRequired":true,"valueName":"search_term_string"}}],"inLanguage":"fr-FR"},{"@type":"Organization","@id":"https:\/\/infinitteurope.com\/fr\/#organization","name":"Infinitt Europe GmbH","url":"https:\/\/infinitteurope.com\/fr\/","logo":{"@type":"ImageObject","inLanguage":"fr-FR","@id":"https:\/\/infinitteurope.com\/fr\/#\/schema\/logo\/image\/","url":"https:\/\/infinitteurope.com\/wp-content\/uploads\/2024\/07\/ieu_logo_blue-bg-white.jpg","contentUrl":"https:\/\/infinitteurope.com\/wp-content\/uploads\/2024\/07\/ieu_logo_blue-bg-white.jpg","width":600,"height":600,"caption":"Infinitt Europe GmbH"},"image":{"@id":"https:\/\/infinitteurope.com\/fr\/#\/schema\/logo\/image\/"}}]}},"_links":{"self":[{"href":"https:\/\/infinitteurope.com\/fr\/wp-json\/wp\/v2\/pages\/5360","targetHints":{"allow":["GET"]}}],"collection":[{"href":"https:\/\/infinitteurope.com\/fr\/wp-json\/wp\/v2\/pages"}],"about":[{"href":"https:\/\/infinitteurope.com\/fr\/wp-json\/wp\/v2\/types\/page"}],"author":[{"embeddable":true,"href":"https:\/\/infinitteurope.com\/fr\/wp-json\/wp\/v2\/users\/1"}],"replies":[{"embeddable":true,"href":"https:\/\/infinitteurope.com\/fr\/wp-json\/wp\/v2\/comments?post=5360"}],"version-history":[{"count":1,"href":"https:\/\/infinitteurope.com\/fr\/wp-json\/wp\/v2\/pages\/5360\/revisions"}],"predecessor-version":[{"id":8330,"href":"https:\/\/infinitteurope.com\/fr\/wp-json\/wp\/v2\/pages\/5360\/revisions\/8330"}],"wp:attachment":[{"href":"https:\/\/infinitteurope.com\/fr\/wp-json\/wp\/v2\/media?parent=5360"}],"curies":[{"name":"wp","href":"https:\/\/api.w.org\/{rel}","templated":true}]}}