{"id":6778,"date":"2024-02-21T13:41:30","date_gmt":"2024-02-21T12:41:30","guid":{"rendered":"https:\/\/infinitteurope.com\/?page_id=6778"},"modified":"2024-10-11T12:01:06","modified_gmt":"2024-10-11T10:01:06","slug":"carriere","status":"publish","type":"page","link":"https:\/\/infinitteurope.com\/fr\/carriere\/","title":{"rendered":"Carri\u00e8re"},"content":{"rendered":"<div id='av_section_1'  class='avia-section av-eufkax-01c76de893427c07ac917ec14bc7eaaa main_color avia-section-default avia-no-border-styling  avia-builder-el-0  el_before_av_section  avia-builder-el-first  avia-bg-style-scroll container_wrap fullsize'  ><div class='container av-section-cont-open' ><main  role=\"main\" itemprop=\"mainContentOfPage\"  class='template-page content  av-content-full alpha units'><div class='post-entry post-entry-type-page post-entry-6778'><div class='entry-content-wrapper clearfix'>\r\n<div  class='flex_column av-cphxih-b047a01ab2fc6d7b0c10926f7f3a7b79 av_one_full  avia-builder-el-1  avia-builder-el-no-sibling  first flex_column_div  '     ><style type=\"text\/css\" data-created_by=\"avia_inline_auto\" id=\"style-css-av-lsvyird9-6d8513d82178c6d79bf10428331a2d7e\">\n#top .av-special-heading.av-lsvyird9-6d8513d82178c6d79bf10428331a2d7e{\npadding-bottom:10px;\n}\nbody .av-special-heading.av-lsvyird9-6d8513d82178c6d79bf10428331a2d7e .av-special-heading-tag .heading-char{\nfont-size:25px;\n}\n.av-special-heading.av-lsvyird9-6d8513d82178c6d79bf10428331a2d7e .av-subheading{\nfont-size:15px;\n}\n<\/style>\n<div  class='av-special-heading av-lsvyird9-6d8513d82178c6d79bf10428331a2d7e av-special-heading-h1  avia-builder-el-2  avia-builder-el-no-sibling '><h1 class='av-special-heading-tag'  itemprop=\"headline\"  >Carri\u00e8re<\/h1><div class=\"special-heading-border\"><div class=\"special-heading-inner-border\"><\/div><\/div><\/div><\/div>\r\n\r\n\r\n<\/div><\/div><\/main><!-- close content main element --><\/div><\/div><div id='av_section_2'  class='avia-section av-5keyi1-33446a9a2e938c1ff79f110f3a8f7251 main_color avia-section-default avia-no-border-styling  avia-builder-el-3  el_after_av_section  el_before_av_section  avia-bg-style-scroll container_wrap fullsize'  ><div class='container av-section-cont-open' ><div class='template-page content  av-content-full alpha units'><div class='post-entry post-entry-type-page post-entry-6778'><div class='entry-content-wrapper clearfix'>\r\n\r\n<div  class='flex_column av-15jfq1-b715310f5019c322d1012c74514a9720 av_one_half  avia-builder-el-4  el_before_av_one_half  avia-builder-el-first  first flex_column_div  '     ><style type=\"text\/css\" data-created_by=\"avia_inline_auto\" id=\"style-css-av-lt472wiq-8bd776a97bec41dc212f6b46eb78f8af\">\n#top .av-special-heading.av-lt472wiq-8bd776a97bec41dc212f6b46eb78f8af{\npadding-bottom:10px;\n}\nbody .av-special-heading.av-lt472wiq-8bd776a97bec41dc212f6b46eb78f8af .av-special-heading-tag .heading-char{\nfont-size:25px;\n}\n.av-special-heading.av-lt472wiq-8bd776a97bec41dc212f6b46eb78f8af .av-subheading{\nfont-size:15px;\n}\n<\/style>\n<div  class='av-special-heading av-lt472wiq-8bd776a97bec41dc212f6b46eb78f8af av-special-heading-h3  avia-builder-el-5  el_before_av_textblock  avia-builder-el-first '><h3 class='av-special-heading-tag'  itemprop=\"headline\"  >Les solutions optimales sont con\u00e7ues par des personnes<\/h3><div class=\"special-heading-border\"><div class=\"special-heading-inner-border\"><\/div><\/div><\/div>\n<section  class='av_textblock_section av-lt47fhr3-89e5f69947490535027bbdde6b140757 '   itemscope=\"itemscope\" itemtype=\"https:\/\/schema.org\/CreativeWork\" ><div class='avia_textblock'  itemprop=\"text\" ><p>Chez INFINITT, les personnes sont toujours au premier plan. En effet, un bon travail n&rsquo;est jamais fait par une entreprise, mais par des personnes qui travaillent dans cette entreprise. Des ing\u00e9nieurs de d\u00e9veloppement, des scientifiques et des chefs de produit aux commerciaux, en passant par le personnel logistique et les \u00e9quipes d&rsquo;assistance, tout un r\u00e9seau de sp\u00e9cialistes de tous les domaines travaille ensemble avec engagement chez INFINITT.<\/p>\n<p>Tous se soutiennent mutuellement dans la r\u00e9solution des t\u00e2ches gr\u00e2ce \u00e0 leur cr\u00e9ativit\u00e9, leur coop\u00e9ration et leur int\u00e9grit\u00e9. Des collaborateurs aux connaissances et exp\u00e9riences tr\u00e8s diverses, chacun se distinguant par ses comp\u00e9tences exceptionnelles. Mais avant tout, notre \u00e9quipe d&rsquo;experts est compos\u00e9e de personnes. Des personnes qui ont une vision. Des personnes qui font leurs les objectifs du client et qui \u00e9laborent ainsi des solutions globales optimis\u00e9es de mani\u00e8re holistique. Des personnes qui croient en la magie du succ\u00e8s. Toujours au plus haut niveau, efficaces et orient\u00e9s vers les r\u00e9sultats.<\/p>\n<\/div><\/section><\/div><div  class='flex_column av-8nifzd-216cef11d57f4ae571f85a970933eccd av_one_half  avia-builder-el-7  el_after_av_one_half  avia-builder-el-last  flex_column_div  '     ><style type=\"text\/css\" data-created_by=\"avia_inline_auto\" id=\"style-css-av-lt46c6pf-7cce014bd0c3dc13dbe5029a7e94a943\">\n.avia-image-container.av-lt46c6pf-7cce014bd0c3dc13dbe5029a7e94a943 img.avia_image{\nbox-shadow:none;\n}\n.avia-image-container.av-lt46c6pf-7cce014bd0c3dc13dbe5029a7e94a943 .av-image-caption-overlay-center{\ncolor:#ffffff;\n}\n<\/style>\n<div  class='avia-image-container av-lt46c6pf-7cce014bd0c3dc13dbe5029a7e94a943 av-styling- avia-align-center  avia-builder-el-8  avia-builder-el-no-sibling '   itemprop=\"image\" itemscope=\"itemscope\" itemtype=\"https:\/\/schema.org\/ImageObject\" ><div class=\"avia-image-container-inner\"><div class=\"avia-image-overlay-wrap\"><img decoding=\"async\" class='wp-image-3244 avia-img-lazy-loading-not-3244 avia_image ' src=\"https:\/\/infinitteurope.com\/wp-content\/uploads\/2024\/05\/Karriere-Team-Platzhalter.png\" alt='' title='Carri\u00e8re \u00c9quipe Espace r\u00e9serv\u00e9'  height=\"435\" width=\"585\"  itemprop=\"thumbnailUrl\" srcset=\"https:\/\/infinitteurope.com\/wp-content\/uploads\/2024\/05\/Karriere-Team-Platzhalter.png 585w, https:\/\/infinitteurope.com\/wp-content\/uploads\/2024\/05\/Karriere-Team-Platzhalter-300x223.png 300w\" sizes=\"(max-width: 585px) 100vw, 585px\" \/><\/div><\/div><\/div><\/div><\/div><\/div><\/div><!-- close content main div --><\/div><\/div><div id='av_section_3'  class='avia-section av-7gvt2h-1402f83a94ca2daf681a8c6277121b8b main_color avia-section-default avia-no-border-styling  avia-builder-el-9  el_after_av_section  el_before_av_section  avia-bg-style-scroll container_wrap fullsize'  ><div class='container av-section-cont-open' ><div class='template-page content  av-content-full alpha units'><div class='post-entry post-entry-type-page post-entry-6778'><div class='entry-content-wrapper clearfix'>\r\n<div  class='flex_column av-5tj3rt-9a83dda98bf4fa723ccdea15d99173de av_one_full  avia-builder-el-10  avia-builder-el-no-sibling  first flex_column_div  '     ><style type=\"text\/css\" data-created_by=\"avia_inline_auto\" id=\"style-css-av-lt463luv-c00d168617759c9fa67d831da5c50183\">\n#top .av-special-heading.av-lt463luv-c00d168617759c9fa67d831da5c50183{\npadding-bottom:10px;\n}\nbody .av-special-heading.av-lt463luv-c00d168617759c9fa67d831da5c50183 .av-special-heading-tag .heading-char{\nfont-size:25px;\n}\n.av-special-heading.av-lt463luv-c00d168617759c9fa67d831da5c50183 .av-subheading{\nfont-size:15px;\n}\n<\/style>\n<div  class='av-special-heading av-lt463luv-c00d168617759c9fa67d831da5c50183 av-special-heading-h3  avia-builder-el-11  el_before_av_textblock  avia-builder-el-first '><h3 class='av-special-heading-tag'  itemprop=\"headline\"  >Postes \u00e0 pourvoir<\/h3><div class=\"special-heading-border\"><div class=\"special-heading-inner-border\"><\/div><\/div><\/div>\n<section  class='av_textblock_section av-cl2w7d-c8003c6f42bb884557e5d25bc7ade741 '   itemscope=\"itemscope\" itemtype=\"https:\/\/schema.org\/CreativeWork\" ><div class='avia_textblock'  itemprop=\"text\" ><p>Rejoignez une \u00e9quipe gagnante sur un march\u00e9 d&rsquo;avenir en pleine croissance et r\u00e9alisez vos objectifs professionnels personnels avec nous.<\/p>\n<\/div><\/section><\/div>\r\n\r\n\r\n<\/div><\/div><\/div><!-- close content main div --><\/div><\/div>\n<style type=\"text\/css\" data-created_by=\"avia_inline_auto\" id=\"style-css-av-fiju0p-c1ffe451b9690fd893bef158a3f0052c\">\n.avia-section.av-fiju0p-c1ffe451b9690fd893bef158a3f0052c{\nbackground-color:#ffffff;\nbackground:linear-gradient( to bottom, #ffffff, #ffffff );\n}\n<\/style>\n<div id='av_section_4'  class='avia-section av-fiju0p-c1ffe451b9690fd893bef158a3f0052c main_color avia-section-default avia-no-border-styling  avia-builder-el-14  el_after_av_section  avia-builder-el-last  contact-sektion avia-bg-style-scroll container_wrap fullsize'  ><div class='container av-section-cont-open' ><div class='template-page content  av-content-full alpha units'><div class='post-entry post-entry-type-page post-entry-6778'><div class='entry-content-wrapper clearfix'>\r\n<div  class='flex_column av-3ut0tl-56f9d2ad6a92d2661a39fa16aebd2167 av_one_half  avia-builder-el-15  el_before_av_one_half  avia-builder-el-first  first flex_column_div  '     ><style type=\"text\/css\" data-created_by=\"avia_inline_auto\" id=\"style-css-av-277yll-6889ac5eab34b6bb8466e40dcecc425e\">\n.avia-image-container.av-277yll-6889ac5eab34b6bb8466e40dcecc425e img.avia_image{\nbox-shadow:none;\n}\n.avia-image-container.av-277yll-6889ac5eab34b6bb8466e40dcecc425e .av-image-caption-overlay-center{\ncolor:#ffffff;\n}\n<\/style>\n<div  class='avia-image-container av-277yll-6889ac5eab34b6bb8466e40dcecc425e av-styling- avia-align-center  avia-builder-el-16  avia-builder-el-no-sibling '   itemprop=\"image\" itemscope=\"itemscope\" itemtype=\"https:\/\/schema.org\/ImageObject\" ><div class=\"avia-image-container-inner\"><div class=\"avia-image-overlay-wrap\"><img decoding=\"async\" class='wp-image-1256 avia-img-lazy-loading-not-1256 avia_image ' src=\"https:\/\/infinitteurope.com\/wp-content\/uploads\/2024\/02\/INFINITT-Bildvorlagen-28-team.png\" alt='Carri\u00e8res chez INFINITT' title='INFINITT'  height=\"435\" width=\"585\"  itemprop=\"thumbnailUrl\" srcset=\"https:\/\/infinitteurope.com\/wp-content\/uploads\/2024\/02\/INFINITT-Bildvorlagen-28-team.png 585w, https:\/\/infinitteurope.com\/wp-content\/uploads\/2024\/02\/INFINITT-Bildvorlagen-28-team-300x223.png 300w\" sizes=\"(max-width: 585px) 100vw, 585px\" \/><\/div><\/div><\/div><\/div><div  class='flex_column av-dfexh5-5bb1c34a7fbf752342a7cbe2c317b72f av_one_half  avia-builder-el-17  el_after_av_one_half  avia-builder-el-last  contact-form-column flex_column_div  '     ><style type=\"text\/css\" data-created_by=\"avia_inline_auto\" id=\"style-css-av-39mmu1-f7997e34215c4759ab9898b3bde8a185\">\n#top .av-special-heading.av-39mmu1-f7997e34215c4759ab9898b3bde8a185{\npadding-bottom:10px;\n}\nbody .av-special-heading.av-39mmu1-f7997e34215c4759ab9898b3bde8a185 .av-special-heading-tag .heading-char{\nfont-size:25px;\n}\n.av-special-heading.av-39mmu1-f7997e34215c4759ab9898b3bde8a185 .av-subheading{\nfont-size:15px;\n}\n<\/style>\n<div  class='av-special-heading av-39mmu1-f7997e34215c4759ab9898b3bde8a185 av-special-heading-h3  avia-builder-el-18  el_before_av_textblock  avia-builder-el-first '><h3 class='av-special-heading-tag'  itemprop=\"headline\"  >Postulez d\u00e8s maintenant !<\/h3><div class=\"special-heading-border\"><div class=\"special-heading-inner-border\"><\/div><\/div><\/div>\n<section  class='av_textblock_section av-lt47sjoj-baea097fe4124b688145f5e76b4f0aaa '   itemscope=\"itemscope\" itemtype=\"https:\/\/schema.org\/CreativeWork\" ><div class='avia_textblock'  itemprop=\"text\" ><p>Veuillez saisir vos coordonn\u00e9es et nous vous contacterons rapidement !<\/p>\n<\/div><\/section><\/div>\r\n","protected":false},"excerpt":{"rendered":"","protected":false},"author":1,"featured_media":0,"parent":0,"menu_order":0,"comment_status":"closed","ping_status":"closed","template":"","meta":{"_acf_changed":false,"footnotes":""},"class_list":["post-6778","page","type-page","status-publish","hentry"],"acf":[],"yoast_head":"<!-- This site is optimized with the Yoast SEO plugin v27.3 - https:\/\/yoast.com\/product\/yoast-seo-wordpress\/ -->\n<title>Carri\u00e8re - infinitteurope<\/title>\n<meta name=\"robots\" content=\"index, follow, max-snippet:-1, max-image-preview:large, max-video-preview:-1\" \/>\n<link rel=\"canonical\" href=\"https:\/\/infinitteurope.com\/fr\/carriere\/\" \/>\n<meta property=\"og:locale\" content=\"fr_FR\" \/>\n<meta property=\"og:type\" content=\"article\" \/>\n<meta property=\"og:title\" content=\"Carri\u00e8re - infinitteurope\" \/>\n<meta property=\"og:url\" content=\"https:\/\/infinitteurope.com\/fr\/carriere\/\" \/>\n<meta property=\"og:site_name\" content=\"infinitteurope\" \/>\n<meta property=\"article:modified_time\" content=\"2024-10-11T10:01:06+00:00\" \/>\n<meta name=\"twitter:card\" content=\"summary_large_image\" \/>\n<meta name=\"twitter:label1\" content=\"Dur\u00e9e de lecture estim\u00e9e\" \/>\n\t<meta name=\"twitter:data1\" content=\"2 minutes\" \/>\n<script type=\"application\/ld+json\" class=\"yoast-schema-graph\">{\"@context\":\"https:\\\/\\\/schema.org\",\"@graph\":[{\"@type\":\"WebPage\",\"@id\":\"https:\\\/\\\/infinitteurope.com\\\/fr\\\/carriere\\\/\",\"url\":\"https:\\\/\\\/infinitteurope.com\\\/fr\\\/carriere\\\/\",\"name\":\"Carri\u00e8re - infinitteurope\",\"isPartOf\":{\"@id\":\"https:\\\/\\\/infinitteurope.com\\\/fr\\\/#website\"},\"datePublished\":\"2024-02-21T12:41:30+00:00\",\"dateModified\":\"2024-10-11T10:01:06+00:00\",\"breadcrumb\":{\"@id\":\"https:\\\/\\\/infinitteurope.com\\\/fr\\\/carriere\\\/#breadcrumb\"},\"inLanguage\":\"fr-FR\",\"potentialAction\":[{\"@type\":\"ReadAction\",\"target\":[\"https:\\\/\\\/infinitteurope.com\\\/fr\\\/carriere\\\/\"]}]},{\"@type\":\"BreadcrumbList\",\"@id\":\"https:\\\/\\\/infinitteurope.com\\\/fr\\\/carriere\\\/#breadcrumb\",\"itemListElement\":[{\"@type\":\"ListItem\",\"position\":1,\"name\":\"Startseite\",\"item\":\"https:\\\/\\\/infinitteurope.com\\\/fr\\\/\"},{\"@type\":\"ListItem\",\"position\":2,\"name\":\"Carri\u00e8re\"}]},{\"@type\":\"WebSite\",\"@id\":\"https:\\\/\\\/infinitteurope.com\\\/fr\\\/#website\",\"url\":\"https:\\\/\\\/infinitteurope.com\\\/fr\\\/\",\"name\":\"infinitteurope\",\"description\":\"\",\"publisher\":{\"@id\":\"https:\\\/\\\/infinitteurope.com\\\/fr\\\/#organization\"},\"potentialAction\":[{\"@type\":\"SearchAction\",\"target\":{\"@type\":\"EntryPoint\",\"urlTemplate\":\"https:\\\/\\\/infinitteurope.com\\\/fr\\\/?s={search_term_string}\"},\"query-input\":{\"@type\":\"PropertyValueSpecification\",\"valueRequired\":true,\"valueName\":\"search_term_string\"}}],\"inLanguage\":\"fr-FR\"},{\"@type\":\"Organization\",\"@id\":\"https:\\\/\\\/infinitteurope.com\\\/fr\\\/#organization\",\"name\":\"Infinitt Europe GmbH\",\"url\":\"https:\\\/\\\/infinitteurope.com\\\/fr\\\/\",\"logo\":{\"@type\":\"ImageObject\",\"inLanguage\":\"fr-FR\",\"@id\":\"https:\\\/\\\/infinitteurope.com\\\/fr\\\/#\\\/schema\\\/logo\\\/image\\\/\",\"url\":\"https:\\\/\\\/infinitteurope.com\\\/wp-content\\\/uploads\\\/2024\\\/07\\\/ieu_logo_blue-bg-white.jpg\",\"contentUrl\":\"https:\\\/\\\/infinitteurope.com\\\/wp-content\\\/uploads\\\/2024\\\/07\\\/ieu_logo_blue-bg-white.jpg\",\"width\":600,\"height\":600,\"caption\":\"Infinitt Europe GmbH\"},\"image\":{\"@id\":\"https:\\\/\\\/infinitteurope.com\\\/fr\\\/#\\\/schema\\\/logo\\\/image\\\/\"}}]}<\/script>\n<!-- \/ Yoast SEO plugin. -->","yoast_head_json":{"title":"Carri\u00e8re - infinitteurope","robots":{"index":"index","follow":"follow","max-snippet":"max-snippet:-1","max-image-preview":"max-image-preview:large","max-video-preview":"max-video-preview:-1"},"canonical":"https:\/\/infinitteurope.com\/fr\/carriere\/","og_locale":"fr_FR","og_type":"article","og_title":"Carri\u00e8re - infinitteurope","og_url":"https:\/\/infinitteurope.com\/fr\/carriere\/","og_site_name":"infinitteurope","article_modified_time":"2024-10-11T10:01:06+00:00","twitter_card":"summary_large_image","twitter_misc":{"Dur\u00e9e de lecture estim\u00e9e":"2 minutes"},"schema":{"@context":"https:\/\/schema.org","@graph":[{"@type":"WebPage","@id":"https:\/\/infinitteurope.com\/fr\/carriere\/","url":"https:\/\/infinitteurope.com\/fr\/carriere\/","name":"Carri\u00e8re - infinitteurope","isPartOf":{"@id":"https:\/\/infinitteurope.com\/fr\/#website"},"datePublished":"2024-02-21T12:41:30+00:00","dateModified":"2024-10-11T10:01:06+00:00","breadcrumb":{"@id":"https:\/\/infinitteurope.com\/fr\/carriere\/#breadcrumb"},"inLanguage":"fr-FR","potentialAction":[{"@type":"ReadAction","target":["https:\/\/infinitteurope.com\/fr\/carriere\/"]}]},{"@type":"BreadcrumbList","@id":"https:\/\/infinitteurope.com\/fr\/carriere\/#breadcrumb","itemListElement":[{"@type":"ListItem","position":1,"name":"Startseite","item":"https:\/\/infinitteurope.com\/fr\/"},{"@type":"ListItem","position":2,"name":"Carri\u00e8re"}]},{"@type":"WebSite","@id":"https:\/\/infinitteurope.com\/fr\/#website","url":"https:\/\/infinitteurope.com\/fr\/","name":"infinitteurope","description":"","publisher":{"@id":"https:\/\/infinitteurope.com\/fr\/#organization"},"potentialAction":[{"@type":"SearchAction","target":{"@type":"EntryPoint","urlTemplate":"https:\/\/infinitteurope.com\/fr\/?s={search_term_string}"},"query-input":{"@type":"PropertyValueSpecification","valueRequired":true,"valueName":"search_term_string"}}],"inLanguage":"fr-FR"},{"@type":"Organization","@id":"https:\/\/infinitteurope.com\/fr\/#organization","name":"Infinitt Europe GmbH","url":"https:\/\/infinitteurope.com\/fr\/","logo":{"@type":"ImageObject","inLanguage":"fr-FR","@id":"https:\/\/infinitteurope.com\/fr\/#\/schema\/logo\/image\/","url":"https:\/\/infinitteurope.com\/wp-content\/uploads\/2024\/07\/ieu_logo_blue-bg-white.jpg","contentUrl":"https:\/\/infinitteurope.com\/wp-content\/uploads\/2024\/07\/ieu_logo_blue-bg-white.jpg","width":600,"height":600,"caption":"Infinitt Europe GmbH"},"image":{"@id":"https:\/\/infinitteurope.com\/fr\/#\/schema\/logo\/image\/"}}]}},"_links":{"self":[{"href":"https:\/\/infinitteurope.com\/fr\/wp-json\/wp\/v2\/pages\/6778","targetHints":{"allow":["GET"]}}],"collection":[{"href":"https:\/\/infinitteurope.com\/fr\/wp-json\/wp\/v2\/pages"}],"about":[{"href":"https:\/\/infinitteurope.com\/fr\/wp-json\/wp\/v2\/types\/page"}],"author":[{"embeddable":true,"href":"https:\/\/infinitteurope.com\/fr\/wp-json\/wp\/v2\/users\/1"}],"replies":[{"embeddable":true,"href":"https:\/\/infinitteurope.com\/fr\/wp-json\/wp\/v2\/comments?post=6778"}],"version-history":[{"count":1,"href":"https:\/\/infinitteurope.com\/fr\/wp-json\/wp\/v2\/pages\/6778\/revisions"}],"predecessor-version":[{"id":8677,"href":"https:\/\/infinitteurope.com\/fr\/wp-json\/wp\/v2\/pages\/6778\/revisions\/8677"}],"wp:attachment":[{"href":"https:\/\/infinitteurope.com\/fr\/wp-json\/wp\/v2\/media?parent=6778"}],"curies":[{"name":"wp","href":"https:\/\/api.w.org\/{rel}","templated":true}]}}