{"id":6802,"date":"2024-06-25T14:17:54","date_gmt":"2024-06-25T12:17:54","guid":{"rendered":"https:\/\/infinitteurope.com\/?page_id=6802"},"modified":"2024-10-09T09:26:13","modified_gmt":"2024-10-09T07:26:13","slug":"modele-de-gestion-des-donnees-dimagerie-medicale","status":"publish","type":"page","link":"https:\/\/infinitteurope.com\/fr\/modele-de-gestion-des-donnees-dimagerie-medicale\/","title":{"rendered":"Mod\u00e8le de gestion des donn\u00e9es d&rsquo;imagerie m\u00e9dicale"},"content":{"rendered":"<div id='av_section_1'  class='avia-section av-hg1757-2b94b7571e5dcf279c7ed5bd430fbcf8 main_color avia-section-default avia-no-border-styling  avia-builder-el-0  el_before_av_section  avia-builder-el-first  text-video avia-bg-style-scroll container_wrap fullsize'  ><div class='container av-section-cont-open' ><main  role=\"main\" itemprop=\"mainContentOfPage\"  class='template-page content  av-content-full alpha units'><div class='post-entry post-entry-type-page post-entry-6802'><div class='entry-content-wrapper clearfix'>\r\n\r\n<div  class='flex_column av-g2yngr-14a933014925279a7200e868dc75ddaa av_one_half  avia-builder-el-1  el_before_av_one_half  avia-builder-el-first  first flex_column_div  '     ><style type=\"text\/css\" data-created_by=\"avia_inline_auto\" id=\"style-css-av-ec6a0b-a2d045636de6533af4bc7e2fed81d857\">\n#top .av-special-heading.av-ec6a0b-a2d045636de6533af4bc7e2fed81d857{\npadding-bottom:10px;\n}\nbody .av-special-heading.av-ec6a0b-a2d045636de6533af4bc7e2fed81d857 .av-special-heading-tag .heading-char{\nfont-size:25px;\n}\n.av-special-heading.av-ec6a0b-a2d045636de6533af4bc7e2fed81d857 .av-subheading{\nfont-size:15px;\n}\n<\/style>\n<div  class='av-special-heading av-ec6a0b-a2d045636de6533af4bc7e2fed81d857 av-special-heading-h2  avia-builder-el-2  el_before_av_textblock  avia-builder-el-first '><h2 class='av-special-heading-tag'  itemprop=\"headline\"  >La gestion des donn\u00e9es d\u2019imagerie m\u00e9dicale est dans notre ADN<\/h2><div class=\"special-heading-border\"><div class=\"special-heading-inner-border\"><\/div><\/div><\/div>\n<section  class='av_textblock_section av-buebp7-8a1a5ccb574dd483bc4877b4d82cab13 '   itemscope=\"itemscope\" itemtype=\"https:\/\/schema.org\/CreativeWork\" ><div class='avia_textblock'  itemprop=\"text\" ><p>Depuis plus de 20 ans, le c\u0153ur de m\u00e9tier d&rsquo;INFINITT est le d\u00e9veloppement de solutions logicielles pour l&rsquo;imagerie diagnostique. Aujourd&rsquo;hui, plus de 6 500 clients dans plus de 55 pays utilisent les solutions innovantes d&rsquo;INFINITT.<br \/>\nFaites confiance \u00e0 notre longue exp\u00e9rience et profitez de notre service de premi\u00e8re classe.<\/p>\n<\/div><\/section>\n\n<style type=\"text\/css\" data-created_by=\"avia_inline_auto\" id=\"style-css-av-m21jclg3-2760d61904915e6ecb3edfc38d16c543\">\n#top .togglecontainer.av-m21jclg3-2760d61904915e6ecb3edfc38d16c543 p.toggler{\ncolor:#000000;\nborder-color:#000000;\n}\n#top .togglecontainer.av-m21jclg3-2760d61904915e6ecb3edfc38d16c543 p.toggler .toggle_icon{\ncolor:#0060a5;\nborder-color:#0060a5;\n}\n#top .togglecontainer.av-m21jclg3-2760d61904915e6ecb3edfc38d16c543 p.toggler .toggle_icon > span{\ncolor:#0060a5;\nborder-color:#0060a5;\n}\n#top .togglecontainer.av-m21jclg3-2760d61904915e6ecb3edfc38d16c543 p.toggler.activeTitle .toggle_icon, #top .togglecontainer.av-m21jclg3-2760d61904915e6ecb3edfc38d16c543 p.toggler.activeTitle .toggle_icon > span{\ncolor:#72246c;\nborder-color:#72246c;\n}\n#top .togglecontainer.av-m21jclg3-2760d61904915e6ecb3edfc38d16c543 .toggle_wrap .toggle_content{\ncolor:#000000;\nborder-color:#000000;\n}\n<\/style>\n<div  class='togglecontainer av-m21jclg3-2760d61904915e6ecb3edfc38d16c543  avia-builder-el-4  el_after_av_textblock  avia-builder-el-last '  itemscope=\"itemscope\" itemtype=\"https:\/\/schema.org\/FAQPage\" >\n<section class='av_toggle_section av-m21jc97x-8168f87c8e061a136b802c0a64b9bb3c'  itemscope=\"itemscope\" itemprop=\"mainEntity\" itemtype=\"https:\/\/schema.org\/Question\" ><div role=\"tablist\" class=\"single_toggle\" data-tags=\"{Tout} \"  ><p data-fake-id='#toggle-id-1' class='toggler  activeTitle av-inherit-border-color'  itemprop=\"name\"  role='tab' tabindex='0' aria-controls='toggle-id-1'>Nous proposons des solutions logicielles personnalis\u00e9es qui sont constamment adapt\u00e9es \u00e0 vos besoins.<span class=\"toggle_icon\"><span class=\"vert_icon\"><\/span><span class=\"hor_icon\"><\/span><\/span><\/p><div id='toggle-id-1' class='toggle_wrap  active_tc' style='display:block;'  itemscope=\"itemscope\" itemprop=\"acceptedAnswer\" itemtype=\"https:\/\/schema.org\/Answer\" ><div class='toggle_content invers-color av-inherit-border-color'  itemprop=\"text\" ><p>Les solutions d&rsquo;imagerie m\u00e9dicale d&rsquo;INFINITT sont \u00e0 la pointe de la technologie et se distinguent par leur grande convivialit\u00e9, leurs flux de travail optimis\u00e9s et leur prise en charge de l&rsquo;IA. Nous impl\u00e9mentons nos solutions sur mesure et de mani\u00e8re individuelle et vous accompagnons tout au long du cycle de vie avec un support professionnel. Lors du d\u00e9veloppement des produits, nous accordons une grande importance aux caract\u00e9ristiques des produits qui favorisent un diagnostic pr\u00e9cis et rapide et contribuent ainsi \u00e0 un traitement optimal du patient. Nos solutions d&rsquo;imagerie s&rsquo;adaptent \u00e0 la structure de votre cabinet ou de votre clinique et peuvent facilement \u00eatre \u00e9tendues \u00e0 de nouveaux appareils, \u00e0 d&rsquo;autres services et \u00e0 d&rsquo;autres sites.<\/p>\n<\/div><\/div><\/div><\/section>\n<section class='av_toggle_section av-m21jcd8p-213ffaea9175e1061d1a62a88f836237'  itemscope=\"itemscope\" itemprop=\"mainEntity\" itemtype=\"https:\/\/schema.org\/Question\" ><div role=\"tablist\" class=\"single_toggle\" data-tags=\"{Tout} \"  ><p data-fake-id='#toggle-id-2' class='toggler   av-inherit-border-color'  itemprop=\"name\"  role='tab' tabindex='0' aria-controls='toggle-id-2'>Notre service ne s\u2019arr\u00eate pas pour votre satisfaction<span class=\"toggle_icon\"><span class=\"vert_icon\"><\/span><span class=\"hor_icon\"><\/span><\/span><\/p><div id='toggle-id-2' class='toggle_wrap  '   itemscope=\"itemscope\" itemprop=\"acceptedAnswer\" itemtype=\"https:\/\/schema.org\/Answer\" ><div class='toggle_content invers-color av-inherit-border-color'  itemprop=\"text\" ><p>Toute l&rsquo;\u00e9quipe d&rsquo;INFINITT Europe met chaque jour son expertise et son c\u0153ur \u00e0 l&rsquo;ouvrage pour fournir \u00e0 nos clients le meilleur service et le meilleur support afin de soutenir les soins m\u00e9dicaux optimaux des patients.<\/p>\n<\/div><\/div><\/div><\/section>\n<section class='av_toggle_section av-m21jckts-de094e25d304052318f2d82c86b525df'  itemscope=\"itemscope\" itemprop=\"mainEntity\" itemtype=\"https:\/\/schema.org\/Question\" ><div role=\"tablist\" class=\"single_toggle\" data-tags=\"{Tout} \"  ><p data-fake-id='#toggle-id-3' class='toggler   av-inherit-border-color'  itemprop=\"name\"  role='tab' tabindex='0' aria-controls='toggle-id-3'>INFINITT est un leader mondial et un fournisseur s\u00fbr de logiciels d\u2019imagerie m\u00e9dicale<span class=\"toggle_icon\"><span class=\"vert_icon\"><\/span><span class=\"hor_icon\"><\/span><\/span><\/p><div id='toggle-id-3' class='toggle_wrap  '   itemscope=\"itemscope\" itemprop=\"acceptedAnswer\" itemtype=\"https:\/\/schema.org\/Answer\" ><div class='toggle_content invers-color av-inherit-border-color'  itemprop=\"text\" ><p>Pionnier du PACS, INFINITT d\u00e9veloppe depuis 2002 des solutions informatiques pour la gestion des images et des donn\u00e9es en radiologie. D\u00e8s le d\u00e9but, INFINITT s&rsquo;est concentr\u00e9 sur les logiciels li\u00e9s \u00e0 l&rsquo;imagerie diagnostique. C&rsquo;est ainsi qu&rsquo;au fil des ann\u00e9es, l&rsquo;entreprise a acquis une comp\u00e9tence unique en mati\u00e8re de march\u00e9 et de produits, ainsi qu&rsquo;une expertise dans des domaines connexes tels que la s\u00e9curit\u00e9 informatique.<\/p>\n<\/div><\/div><\/div><\/section>\n<\/div><\/div><div  class='flex_column av-49pkx7-b36f9cb83aa853e229e8bb4ff9b3e86f av_one_half  avia-builder-el-5  el_after_av_one_half  avia-builder-el-last  flex_column_div  '     ><style type=\"text\/css\" data-created_by=\"avia_inline_auto\" id=\"style-css-av-2kaxl7-0cd0a3005012891c9bbc25e280abc93a\">\n.avia-video.av-2kaxl7-0cd0a3005012891c9bbc25e280abc93a{\nbackground-image:url(https:\/\/infinitteurope.com\/wp-content\/uploads\/2024\/07\/Video-Vorschau-Website.png);\n}\n<\/style>\n<div  class='avia-video av-2kaxl7-0cd0a3005012891c9bbc25e280abc93a avia-video-16-9 av-preview-image avia-video-load-always avia-video-html5'  itemprop=\"video\" itemtype=\"https:\/\/schema.org\/VideoObject\"  data-original_url='https:\/\/infinitteurope.com\/wp-content\/uploads\/2024\/01\/INFINITT-Healthcare-corporate-video-ENG.mp4'><video class='avia_video' poster=\"https:\/\/infinitteurope.com\/wp-content\/uploads\/2024\/07\/Video-Vorschau-Website.png\"   preload=\"auto\"  controls id='player_6802_1932109086_1470377496'><source src='https:\/\/infinitteurope.com\/wp-content\/uploads\/2024\/01\/INFINITT-Healthcare-corporate-video-ENG.mp4' type='video\/mp4' \/><\/video><\/div><\/div><\/div><\/div><\/main><!-- close content main element --><\/div><\/div><div id='av_section_2'  class='avia-section av-bzc0az-290bc070bf962b3daf75a7ec5ac689ed main_color avia-section-default avia-no-border-styling  avia-builder-el-7  el_after_av_section  avia-builder-el-last  partner-slider avia-bg-style-scroll container_wrap fullsize'  ><div class='container av-section-cont-open' ><div class='template-page content  av-content-full alpha units'><div class='post-entry post-entry-type-page post-entry-6802'><div class='entry-content-wrapper clearfix'>\r\n<div  class='flex_column av-avxjhn-f70315ab33d1dfd4af3f95dbb346f6cd av_one_full  avia-builder-el-8  avia-builder-el-no-sibling  first flex_column_div  '     ><div class='slider-div-wrapper' style='visibility:hidden'><div id='splide-contentslider-91303988' class='splides-slider   avia-builder-el-9  avia-builder-el-no-sibling  partner-slider-full ' data-splide='{\"focus\":2,\n\t            \t\t\t\t\t\"type\":\"loop\",\n\t            \t\t\t\t\t\"perMove\":1,\n\t            \t\t\t\t\t\"pagination\":false,\n\t            \t\t\t\t\t\"gap\":\"50px\",\n\t            \t\t\t\t\t\"perPage\":6,\n\t\t\t\t\t\t\t\t\t\"breakpoints\": {\"1440\": {\n                                            \"perPage\": \"3\"\n                                        },\"1024\": {\n                                            \"perPage\": \"2\"\n                                        },\"768\": {\n                                        \"perPage\": \"1\"\n                                        }} \n        }'><div class='splide__track'><ul class='splide__list'><li class='splide__slide slide-entry flex_column slide-width-1  only-image '   itemscope=\"itemscope\" itemtype=\"https:\/\/schema.org\/CreativeWork\" ><div class='background-contentslider' style='height:100%; background-size:cover;'><div class='product-img'><img src='https:\/\/infinitteurope.com\/wp-content\/uploads\/2024\/06\/Microsoft-Partner_2.png' class='slide-entry-img'><\/div><h3 class='slide-entry-title entry-title '  itemprop=\"headline\" >Microsoft<\/h3><\/div><\/li><li class='splide__slide slide-entry flex_column slide-width-1  only-image  only-image '   itemscope=\"itemscope\" itemtype=\"https:\/\/schema.org\/CreativeWork\" ><div class='background-contentslider' style='height:100%; background-size:cover;'><div class='product-img'><img src='https:\/\/infinitteurope.com\/wp-content\/uploads\/2024\/06\/LG_1.png' class='slide-entry-img'><\/div><h3 class='slide-entry-title entry-title '  itemprop=\"headline\" >LG<\/h3><\/div><\/li><li class='splide__slide slide-entry flex_column slide-width-1  only-image  only-image  only-image '   itemscope=\"itemscope\" itemtype=\"https:\/\/schema.org\/CreativeWork\" ><div class='background-contentslider' style='height:100%; background-size:cover;'><div class='product-img'><img src='https:\/\/infinitteurope.com\/wp-content\/uploads\/2024\/06\/EIZO.png' class='slide-entry-img'><\/div><h3 class='slide-entry-title entry-title '  itemprop=\"headline\" >Eizo<\/h3><\/div><\/li><li class='splide__slide slide-entry flex_column slide-width-1  only-image  only-image  only-image  only-image '   itemscope=\"itemscope\" itemtype=\"https:\/\/schema.org\/CreativeWork\" ><div class='background-contentslider' style='height:100%; background-size:cover;'><div class='product-img'><img src='https:\/\/infinitteurope.com\/wp-content\/uploads\/2024\/06\/BARCO_rgb_primarylogo_red-1.png' class='slide-entry-img'><\/div><h3 class='slide-entry-title entry-title '  itemprop=\"headline\" >Barco<\/h3><\/div><\/li><li class='splide__slide slide-entry flex_column slide-width-1  only-image  only-image  only-image  only-image  only-image '   itemscope=\"itemscope\" itemtype=\"https:\/\/schema.org\/CreativeWork\" ><div class='background-contentslider' style='height:100%; background-size:cover;'><div class='product-img'><img src='https:\/\/infinitteurope.com\/wp-content\/uploads\/2024\/06\/Oracle-Logo_40.png' class='slide-entry-img'><\/div><h3 class='slide-entry-title entry-title '  itemprop=\"headline\" >Oracle<\/h3><\/div><\/li><li class='splide__slide slide-entry flex_column slide-width-1  only-image  only-image  only-image  only-image  only-image  only-image '   itemscope=\"itemscope\" itemtype=\"https:\/\/schema.org\/CreativeWork\" ><div class='background-contentslider' style='height:100%; background-size:cover;'><div class='product-img'><img src='https:\/\/infinitteurope.com\/wp-content\/uploads\/2024\/07\/Evident_Logo_Color_40.png' class='slide-entry-img'><\/div><h3 class='slide-entry-title entry-title '  itemprop=\"headline\" >Evident<\/h3><\/div><\/li><\/ul><\/div><\/div><\/div><script type=\"text\/javascript\">\n\t\t\t\t\t\t\t\tjQuery(window).on(\"load\",function() {\n\t\t\t\t\t\t\t\t\tvar splide91303988 = new Splide( \"#splide-contentslider-91303988\" );\n\n\t\t\t\t\t\t\t\t\tsplide91303988.on( \"mounted\", function () {\n\t\t\t\t\t\t\t\t\t\tjQuery(\"#splide-contentslider-91303988\").parent()\n\t\t\t\t\t\t\t\t\t\t\t\t.css(\"visibility\",\"visible\")\n\t\t\t\t\t\t\t\t\t\t\t\t.hide()\n\t\t\t\t\t\t\t\t\t\t\t\t.slideDown(1300,\"swing\")\n\t\t\t\t\t\t\t\t\t\t\t\t.css(\"opacity\",0)\n\t\t\t\t\t\t\t\t\t\t\t\t.animate(\n\t\t\t\t\t\t\t\t\t\t\t\t\t{ opacity:1 },\n    \t\t\t\t\t\t\t\t\t\t\t{ queue: false, duration: 1300 }\n  \t\t\t\t\t\t\t\t\t\t\t);\n\t\t\t\t\t\t\t\t\t} );\n\n\t\t\t\t\t\t\t\t\tsplide91303988.mount();\n\n                                    \n\n\n\n\t\t\t\t\t\t\t\t});\n\t\t\t\t\t\t<\/script><\/div>\r\n","protected":false},"excerpt":{"rendered":"","protected":false},"author":1,"featured_media":0,"parent":0,"menu_order":0,"comment_status":"closed","ping_status":"closed","template":"","meta":{"_acf_changed":false,"footnotes":""},"class_list":["post-6802","page","type-page","status-publish","hentry"],"acf":[],"yoast_head":"<!-- This site is optimized with the Yoast SEO plugin v27.4 - https:\/\/yoast.com\/product\/yoast-seo-wordpress\/ -->\n<title>Mod\u00e8le de gestion des donn\u00e9es d&#039;imagerie m\u00e9dicale - infinitteurope<\/title>\n<meta name=\"robots\" content=\"index, follow, max-snippet:-1, max-image-preview:large, max-video-preview:-1\" \/>\n<link rel=\"canonical\" href=\"https:\/\/infinitteurope.com\/fr\/modele-de-gestion-des-donnees-dimagerie-medicale\/\" \/>\n<meta property=\"og:locale\" content=\"fr_FR\" \/>\n<meta property=\"og:type\" content=\"article\" \/>\n<meta property=\"og:title\" content=\"Mod\u00e8le de gestion des donn\u00e9es d&#039;imagerie m\u00e9dicale - infinitteurope\" \/>\n<meta property=\"og:url\" content=\"https:\/\/infinitteurope.com\/fr\/modele-de-gestion-des-donnees-dimagerie-medicale\/\" \/>\n<meta property=\"og:site_name\" content=\"infinitteurope\" \/>\n<meta property=\"article:modified_time\" content=\"2024-10-09T07:26:13+00:00\" \/>\n<meta name=\"twitter:card\" content=\"summary_large_image\" \/>\n<meta name=\"twitter:label1\" content=\"Dur\u00e9e de lecture estim\u00e9e\" \/>\n\t<meta name=\"twitter:data1\" content=\"3 minutes\" \/>\n<script type=\"application\/ld+json\" class=\"yoast-schema-graph\">{\"@context\":\"https:\\\/\\\/schema.org\",\"@graph\":[{\"@type\":\"WebPage\",\"@id\":\"https:\\\/\\\/infinitteurope.com\\\/fr\\\/modele-de-gestion-des-donnees-dimagerie-medicale\\\/\",\"url\":\"https:\\\/\\\/infinitteurope.com\\\/fr\\\/modele-de-gestion-des-donnees-dimagerie-medicale\\\/\",\"name\":\"Mod\u00e8le de gestion des donn\u00e9es d'imagerie m\u00e9dicale - infinitteurope\",\"isPartOf\":{\"@id\":\"https:\\\/\\\/infinitteurope.com\\\/fr\\\/#website\"},\"datePublished\":\"2024-06-25T12:17:54+00:00\",\"dateModified\":\"2024-10-09T07:26:13+00:00\",\"breadcrumb\":{\"@id\":\"https:\\\/\\\/infinitteurope.com\\\/fr\\\/modele-de-gestion-des-donnees-dimagerie-medicale\\\/#breadcrumb\"},\"inLanguage\":\"fr-FR\",\"potentialAction\":[{\"@type\":\"ReadAction\",\"target\":[\"https:\\\/\\\/infinitteurope.com\\\/fr\\\/modele-de-gestion-des-donnees-dimagerie-medicale\\\/\"]}]},{\"@type\":\"BreadcrumbList\",\"@id\":\"https:\\\/\\\/infinitteurope.com\\\/fr\\\/modele-de-gestion-des-donnees-dimagerie-medicale\\\/#breadcrumb\",\"itemListElement\":[{\"@type\":\"ListItem\",\"position\":1,\"name\":\"Startseite\",\"item\":\"https:\\\/\\\/infinitteurope.com\\\/fr\\\/\"},{\"@type\":\"ListItem\",\"position\":2,\"name\":\"Mod\u00e8le de gestion des donn\u00e9es d&#8217;imagerie m\u00e9dicale\"}]},{\"@type\":\"WebSite\",\"@id\":\"https:\\\/\\\/infinitteurope.com\\\/fr\\\/#website\",\"url\":\"https:\\\/\\\/infinitteurope.com\\\/fr\\\/\",\"name\":\"infinitteurope\",\"description\":\"\",\"publisher\":{\"@id\":\"https:\\\/\\\/infinitteurope.com\\\/fr\\\/#organization\"},\"potentialAction\":[{\"@type\":\"SearchAction\",\"target\":{\"@type\":\"EntryPoint\",\"urlTemplate\":\"https:\\\/\\\/infinitteurope.com\\\/fr\\\/?s={search_term_string}\"},\"query-input\":{\"@type\":\"PropertyValueSpecification\",\"valueRequired\":true,\"valueName\":\"search_term_string\"}}],\"inLanguage\":\"fr-FR\"},{\"@type\":\"Organization\",\"@id\":\"https:\\\/\\\/infinitteurope.com\\\/fr\\\/#organization\",\"name\":\"Infinitt Europe GmbH\",\"url\":\"https:\\\/\\\/infinitteurope.com\\\/fr\\\/\",\"logo\":{\"@type\":\"ImageObject\",\"inLanguage\":\"fr-FR\",\"@id\":\"https:\\\/\\\/infinitteurope.com\\\/fr\\\/#\\\/schema\\\/logo\\\/image\\\/\",\"url\":\"https:\\\/\\\/infinitteurope.com\\\/wp-content\\\/uploads\\\/2024\\\/07\\\/ieu_logo_blue-bg-white.jpg\",\"contentUrl\":\"https:\\\/\\\/infinitteurope.com\\\/wp-content\\\/uploads\\\/2024\\\/07\\\/ieu_logo_blue-bg-white.jpg\",\"width\":600,\"height\":600,\"caption\":\"Infinitt Europe GmbH\"},\"image\":{\"@id\":\"https:\\\/\\\/infinitteurope.com\\\/fr\\\/#\\\/schema\\\/logo\\\/image\\\/\"}}]}<\/script>\n<!-- \/ Yoast SEO plugin. -->","yoast_head_json":{"title":"Mod\u00e8le de gestion des donn\u00e9es d'imagerie m\u00e9dicale - infinitteurope","robots":{"index":"index","follow":"follow","max-snippet":"max-snippet:-1","max-image-preview":"max-image-preview:large","max-video-preview":"max-video-preview:-1"},"canonical":"https:\/\/infinitteurope.com\/fr\/modele-de-gestion-des-donnees-dimagerie-medicale\/","og_locale":"fr_FR","og_type":"article","og_title":"Mod\u00e8le de gestion des donn\u00e9es d'imagerie m\u00e9dicale - infinitteurope","og_url":"https:\/\/infinitteurope.com\/fr\/modele-de-gestion-des-donnees-dimagerie-medicale\/","og_site_name":"infinitteurope","article_modified_time":"2024-10-09T07:26:13+00:00","twitter_card":"summary_large_image","twitter_misc":{"Dur\u00e9e de lecture estim\u00e9e":"3 minutes"},"schema":{"@context":"https:\/\/schema.org","@graph":[{"@type":"WebPage","@id":"https:\/\/infinitteurope.com\/fr\/modele-de-gestion-des-donnees-dimagerie-medicale\/","url":"https:\/\/infinitteurope.com\/fr\/modele-de-gestion-des-donnees-dimagerie-medicale\/","name":"Mod\u00e8le de gestion des donn\u00e9es d'imagerie m\u00e9dicale - infinitteurope","isPartOf":{"@id":"https:\/\/infinitteurope.com\/fr\/#website"},"datePublished":"2024-06-25T12:17:54+00:00","dateModified":"2024-10-09T07:26:13+00:00","breadcrumb":{"@id":"https:\/\/infinitteurope.com\/fr\/modele-de-gestion-des-donnees-dimagerie-medicale\/#breadcrumb"},"inLanguage":"fr-FR","potentialAction":[{"@type":"ReadAction","target":["https:\/\/infinitteurope.com\/fr\/modele-de-gestion-des-donnees-dimagerie-medicale\/"]}]},{"@type":"BreadcrumbList","@id":"https:\/\/infinitteurope.com\/fr\/modele-de-gestion-des-donnees-dimagerie-medicale\/#breadcrumb","itemListElement":[{"@type":"ListItem","position":1,"name":"Startseite","item":"https:\/\/infinitteurope.com\/fr\/"},{"@type":"ListItem","position":2,"name":"Mod\u00e8le de gestion des donn\u00e9es d&#8217;imagerie m\u00e9dicale"}]},{"@type":"WebSite","@id":"https:\/\/infinitteurope.com\/fr\/#website","url":"https:\/\/infinitteurope.com\/fr\/","name":"infinitteurope","description":"","publisher":{"@id":"https:\/\/infinitteurope.com\/fr\/#organization"},"potentialAction":[{"@type":"SearchAction","target":{"@type":"EntryPoint","urlTemplate":"https:\/\/infinitteurope.com\/fr\/?s={search_term_string}"},"query-input":{"@type":"PropertyValueSpecification","valueRequired":true,"valueName":"search_term_string"}}],"inLanguage":"fr-FR"},{"@type":"Organization","@id":"https:\/\/infinitteurope.com\/fr\/#organization","name":"Infinitt Europe GmbH","url":"https:\/\/infinitteurope.com\/fr\/","logo":{"@type":"ImageObject","inLanguage":"fr-FR","@id":"https:\/\/infinitteurope.com\/fr\/#\/schema\/logo\/image\/","url":"https:\/\/infinitteurope.com\/wp-content\/uploads\/2024\/07\/ieu_logo_blue-bg-white.jpg","contentUrl":"https:\/\/infinitteurope.com\/wp-content\/uploads\/2024\/07\/ieu_logo_blue-bg-white.jpg","width":600,"height":600,"caption":"Infinitt Europe GmbH"},"image":{"@id":"https:\/\/infinitteurope.com\/fr\/#\/schema\/logo\/image\/"}}]}},"_links":{"self":[{"href":"https:\/\/infinitteurope.com\/fr\/wp-json\/wp\/v2\/pages\/6802","targetHints":{"allow":["GET"]}}],"collection":[{"href":"https:\/\/infinitteurope.com\/fr\/wp-json\/wp\/v2\/pages"}],"about":[{"href":"https:\/\/infinitteurope.com\/fr\/wp-json\/wp\/v2\/types\/page"}],"author":[{"embeddable":true,"href":"https:\/\/infinitteurope.com\/fr\/wp-json\/wp\/v2\/users\/1"}],"replies":[{"embeddable":true,"href":"https:\/\/infinitteurope.com\/fr\/wp-json\/wp\/v2\/comments?post=6802"}],"version-history":[{"count":1,"href":"https:\/\/infinitteurope.com\/fr\/wp-json\/wp\/v2\/pages\/6802\/revisions"}],"predecessor-version":[{"id":7239,"href":"https:\/\/infinitteurope.com\/fr\/wp-json\/wp\/v2\/pages\/6802\/revisions\/7239"}],"wp:attachment":[{"href":"https:\/\/infinitteurope.com\/fr\/wp-json\/wp\/v2\/media?parent=6802"}],"curies":[{"name":"wp","href":"https:\/\/api.w.org\/{rel}","templated":true}]}}