{"id":6811,"date":"2023-11-21T15:43:55","date_gmt":"2023-11-21T14:43:55","guid":{"rendered":"https:\/\/infinitteurope.com\/?page_id=6811"},"modified":"2026-03-05T08:14:17","modified_gmt":"2026-03-05T07:14:17","slug":"modele-de-contact","status":"publish","type":"page","link":"https:\/\/infinitteurope.com\/fr\/modele-de-contact\/","title":{"rendered":"Mod\u00e8le de contact"},"content":{"rendered":"<div id='av_section_1'  class='avia-section av-1ezw2c-75881ba7301d37af1347681aa2addc60 main_color avia-section-default avia-no-border-styling  avia-builder-el-0  avia-builder-el-no-sibling  contact-sektion avia-bg-style-scroll container_wrap fullsize'  ><div class='container av-section-cont-open' ><main  role=\"main\" itemprop=\"mainContentOfPage\"  class='template-page content  av-content-full alpha units'><div class='post-entry post-entry-type-page post-entry-6811'><div class='entry-content-wrapper clearfix'>\r\n\r\n<div class='flex_column_table av-1bgg3o-20e100cb70dc5da66a9d7bda090c0b39 sc-av_one_half av-equal-height-column-flextable'><div  class='flex_column av-1bgg3o-20e100cb70dc5da66a9d7bda090c0b39 av_one_half  avia-builder-el-1  el_before_av_one_half  avia-builder-el-first  contact-form-column first no_margin flex_column_table_cell av-equal-height-column av-align-top  '     ><style type=\"text\/css\" data-created_by=\"avia_inline_auto\" id=\"style-css-av-3gpp3o-3b331f47291aa3109bf2ee44fe1e8af6\">\n#top .av-special-heading.av-3gpp3o-3b331f47291aa3109bf2ee44fe1e8af6{\npadding-bottom:10px;\n}\nbody .av-special-heading.av-3gpp3o-3b331f47291aa3109bf2ee44fe1e8af6 .av-special-heading-tag .heading-char{\nfont-size:25px;\n}\n.av-special-heading.av-3gpp3o-3b331f47291aa3109bf2ee44fe1e8af6 .av-subheading{\nfont-size:15px;\n}\n<\/style>\n<div  class='av-special-heading av-3gpp3o-3b331f47291aa3109bf2ee44fe1e8af6 av-special-heading-h3  avia-builder-el-2  el_before_av_textblock  avia-builder-el-first '><h3 class='av-special-heading-tag'  itemprop=\"headline\"  >\u00c9crivez-nous un message<\/h3><div class=\"special-heading-border\"><div class=\"special-heading-inner-border\"><\/div><\/div><\/div>\n<section  class='av_textblock_section av-37aomk-3f7c63468bc16a878dee9ef783a83ff0 '   itemscope=\"itemscope\" itemtype=\"https:\/\/schema.org\/CreativeWork\" ><div class='avia_textblock'  itemprop=\"text\" ><p>Faites-nous savoir comment nous pouvons vous aider et nous vous contacterons rapidement.<\/p>\n<\/div><\/section><\/div><div  class='flex_column av-v4z6k-0431833230aff03e83c71f36a72a15e3 av_one_half  avia-builder-el-5  el_after_av_one_half  avia-builder-el-last  contact-info-column no_margin flex_column_table_cell av-equal-height-column av-align-top  '     ><style type=\"text\/css\" data-created_by=\"avia_inline_auto\" id=\"style-css-av-lp8g1gwh-1750d82e8ab09001113f5885929811a4\">\n#top .av-special-heading.av-lp8g1gwh-1750d82e8ab09001113f5885929811a4{\npadding-bottom:10px;\n}\nbody .av-special-heading.av-lp8g1gwh-1750d82e8ab09001113f5885929811a4 .av-special-heading-tag .heading-char{\nfont-size:25px;\n}\n.av-special-heading.av-lp8g1gwh-1750d82e8ab09001113f5885929811a4 .av-subheading{\nfont-size:15px;\n}\n<\/style>\n<div  class='av-special-heading av-lp8g1gwh-1750d82e8ab09001113f5885929811a4 av-special-heading-h3  avia-builder-el-6  el_before_av_textblock  avia-builder-el-first '><h3 class='av-special-heading-tag'  itemprop=\"headline\"  >Support technique<\/h3><div class=\"special-heading-border\"><div class=\"special-heading-inner-border\"><\/div><\/div><\/div>\n<section  class='av_textblock_section av-2x33lo-dda004a342a59491234a839e0b84836b '   itemscope=\"itemscope\" itemtype=\"https:\/\/schema.org\/CreativeWork\" ><div class='avia_textblock'  itemprop=\"text\" ><p>Vous \u00eates d\u00e9j\u00e0 notre client et vous avez un probl\u00e8me technique ?<br \/>\nNos experts sont \u00e0 votre disposition !<\/p>\n<\/div><\/section>\n<div  class='avia-buttonrow-wrap av-mmd4qvxk-c64091b8a53d8080129b0b8a2d658d21 avia-buttonrow-left  avia-builder-el-8  el_after_av_textblock  el_before_av_heading '>\n\n<style type=\"text\/css\" data-created_by=\"avia_inline_auto\" id=\"style-css-av-av_buttonrow_item-972b162ed2a4bc096b6f08b268ece3ba\">\n#top #wrap_all .avia-button.av-av_buttonrow_item-972b162ed2a4bc096b6f08b268ece3ba{\nmargin-bottom:5px;\nmargin-right:5px;\n}\n<\/style>\n<a href='https:\/\/support.infinitteu.com' class='avia-button av-av_buttonrow_item-972b162ed2a4bc096b6f08b268ece3ba avia-icon_select-yes-left-icon avia-size-small avia-color-light' target=\"_blank\" rel=\"noopener noreferrer nofollow\"><span class='avia_button_icon avia_button_icon_left ' aria-hidden='true' data-av_icon='\ue921' data-av_iconfont='infinitt-icons'><\/span><span class='avia_iconbox_title' >support<\/span><\/a>\n\n<style type=\"text\/css\" data-created_by=\"avia_inline_auto\" id=\"style-css-av-av_buttonrow_item-9c93459809d61a0414d84dd32425a9c3\">\n#top #wrap_all .avia-button.av-av_buttonrow_item-9c93459809d61a0414d84dd32425a9c3{\nmargin-bottom:5px;\nmargin-right:5px;\n}\n<\/style>\n<a href='tel:+4969583000300'  class='avia-button av-av_buttonrow_item-9c93459809d61a0414d84dd32425a9c3 avia-icon_select-yes-left-icon avia-size-small avia-color-light'  ><span class='avia_button_icon avia_button_icon_left ' aria-hidden='true' data-av_icon='\ue916' data-av_iconfont='infinitt-icons'><\/span><span class='avia_iconbox_title' >+33 1 59 00 19 87<\/span><\/a>\n<\/div>\n\n<style type=\"text\/css\" data-created_by=\"avia_inline_auto\" id=\"style-css-av-26rf38-83ea8555f5670dc6c9cb61060f31e793\">\n#top .av-special-heading.av-26rf38-83ea8555f5670dc6c9cb61060f31e793{\npadding-bottom:10px;\n}\nbody .av-special-heading.av-26rf38-83ea8555f5670dc6c9cb61060f31e793 .av-special-heading-tag .heading-char{\nfont-size:25px;\n}\n.av-special-heading.av-26rf38-83ea8555f5670dc6c9cb61060f31e793 .av-subheading{\nfont-size:15px;\n}\n<\/style>\n<div  class='av-special-heading av-26rf38-83ea8555f5670dc6c9cb61060f31e793 av-special-heading-h3  avia-builder-el-9  el_after_av_buttonrow  el_before_av_textblock '><h3 class='av-special-heading-tag'  itemprop=\"headline\"  >Distribution France, pays francophones<\/h3><div class=\"special-heading-border\"><div class=\"special-heading-inner-border\"><\/div><\/div><\/div>\n<section  class='av_textblock_section av-240lzo-d9603f429b2c01021ab418bcae566cd8 '   itemscope=\"itemscope\" itemtype=\"https:\/\/schema.org\/CreativeWork\" ><div class='avia_textblock'  itemprop=\"text\" ><p>Contactez notre \u00e9quipe commerciale si vous souhaitez en savoir plus sur nos solutions !<\/p>\n<\/div><\/section>\n<div  class='avia-buttonrow-wrap av-m192czab-3e019022945dc31ff7031ea36fb9f476 avia-buttonrow-left  avia-builder-el-11  el_after_av_textblock  el_before_av_heading '>\n\n<style type=\"text\/css\" data-created_by=\"avia_inline_auto\" id=\"style-css-av-2jrh0b-826938e909fc98daaf427f0cd7f1ca06\">\n#top #wrap_all .avia-button.av-2jrh0b-826938e909fc98daaf427f0cd7f1ca06{\nmargin-bottom:5px;\nmargin-right:5px;\n}\n<\/style>\n<a href='mailto:sales@infinitteu.com'  class='avia-button av-2jrh0b-826938e909fc98daaf427f0cd7f1ca06 avia-icon_select-yes-left-icon avia-size-small avia-color-light'  ><span class='avia_button_icon avia_button_icon_left ' aria-hidden='true' data-av_icon='\ue921' data-av_iconfont='infinitt-icons'><\/span><span class='avia_iconbox_title' >sales(at)infinitteu.com<\/span><\/a>\n\n<style type=\"text\/css\" data-created_by=\"avia_inline_auto\" id=\"style-css-av-m192cyp8-1cbaaa81ac4c0f17e053f0aad86592ac\">\n#top #wrap_all .avia-button.av-m192cyp8-1cbaaa81ac4c0f17e053f0aad86592ac{\nmargin-bottom:5px;\nmargin-right:5px;\n}\n<\/style>\n<a href='tel:+4969583000300'  class='avia-button av-m192cyp8-1cbaaa81ac4c0f17e053f0aad86592ac avia-icon_select-yes-left-icon avia-size-small avia-color-light'  ><span class='avia_button_icon avia_button_icon_left ' aria-hidden='true' data-av_icon='\ue916' data-av_iconfont='infinitt-icons'><\/span><span class='avia_iconbox_title' >+33 6640 81953<\/span><\/a>\n<\/div>\n\n<style type=\"text\/css\" data-created_by=\"avia_inline_auto\" id=\"style-css-av-1hfq3o-207987ffb75e75f2150d9da0a128b5c7\">\n#top .av-special-heading.av-1hfq3o-207987ffb75e75f2150d9da0a128b5c7{\npadding-bottom:10px;\n}\nbody .av-special-heading.av-1hfq3o-207987ffb75e75f2150d9da0a128b5c7 .av-special-heading-tag .heading-char{\nfont-size:25px;\n}\n.av-special-heading.av-1hfq3o-207987ffb75e75f2150d9da0a128b5c7 .av-subheading{\nfont-size:15px;\n}\n<\/style>\n<div  class='av-special-heading av-1hfq3o-207987ffb75e75f2150d9da0a128b5c7 av-special-heading-h3  avia-builder-el-12  el_after_av_buttonrow  el_before_av_buttonrow '><h3 class='av-special-heading-tag'  itemprop=\"headline\"  >Presse et marketing<\/h3><div class=\"special-heading-border\"><div class=\"special-heading-inner-border\"><\/div><\/div><\/div>\n<div  class='avia-buttonrow-wrap av-ly5rqiqz-6bce90d90d77ea6ce037093704221712 avia-buttonrow-left  avia-builder-el-13  el_after_av_heading  el_before_av_heading '>\n\n<style type=\"text\/css\" data-created_by=\"avia_inline_auto\" id=\"style-css-av-ly5rqhv2-5fe45027309dd8eeb9ca836a5bb55775\">\n#top #wrap_all .avia-button.av-ly5rqhv2-5fe45027309dd8eeb9ca836a5bb55775{\nmargin-bottom:5px;\nmargin-right:5px;\n}\n<\/style>\n<a href='mailto:marketing@infinitteu.com'  class='avia-button av-ly5rqhv2-5fe45027309dd8eeb9ca836a5bb55775 avia-icon_select-yes-left-icon avia-size-small avia-color-light'  ><span class='avia_button_icon avia_button_icon_left ' aria-hidden='true' data-av_icon='\ue921' data-av_iconfont='infinitt-icons'><\/span><span class='avia_iconbox_title' >marketing(at)infinitteu.com<\/span><\/a>\n\n<style type=\"text\/css\" data-created_by=\"avia_inline_auto\" id=\"style-css-av-d3l3g-f52c1f5cf1f88f693b94046fd90d92e2\">\n#top #wrap_all .avia-button.av-d3l3g-f52c1f5cf1f88f693b94046fd90d92e2{\nmargin-bottom:5px;\nmargin-right:5px;\n}\n<\/style>\n<a href='tel:+4969583000300'  class='avia-button av-d3l3g-f52c1f5cf1f88f693b94046fd90d92e2 avia-icon_select-yes-left-icon avia-size-small avia-color-light'  ><span class='avia_button_icon avia_button_icon_left ' aria-hidden='true' data-av_icon='\ue916' data-av_iconfont='infinitt-icons'><\/span><span class='avia_iconbox_title' >+49 (0)69 583 000-200<\/span><\/a>\n<\/div>\n\n<style type=\"text\/css\" data-created_by=\"avia_inline_auto\" id=\"style-css-av-prkzo-b56810e50ca5ddd413824cfd6c5af1dc\">\n#top .av-special-heading.av-prkzo-b56810e50ca5ddd413824cfd6c5af1dc{\npadding-bottom:10px;\n}\nbody .av-special-heading.av-prkzo-b56810e50ca5ddd413824cfd6c5af1dc .av-special-heading-tag .heading-char{\nfont-size:25px;\n}\n.av-special-heading.av-prkzo-b56810e50ca5ddd413824cfd6c5af1dc .av-subheading{\nfont-size:15px;\n}\n<\/style>\n<div  class='av-special-heading av-prkzo-b56810e50ca5ddd413824cfd6c5af1dc av-special-heading-h3  avia-builder-el-14  el_after_av_buttonrow  el_before_av_buttonrow '><h3 class='av-special-heading-tag'  itemprop=\"headline\"  >Administration<\/h3><div class=\"special-heading-border\"><div class=\"special-heading-inner-border\"><\/div><\/div><\/div>\n<div  class='avia-buttonrow-wrap av-ly5rqq3h-236cee409a78da69ff34b39f6472417c avia-buttonrow-left  avia-builder-el-15  el_after_av_heading  el_before_av_hr '>\n\n<style type=\"text\/css\" data-created_by=\"avia_inline_auto\" id=\"style-css-av-ly5rqpha-d110920b008d742ec617516b8f9031f3\">\n#top #wrap_all .avia-button.av-ly5rqpha-d110920b008d742ec617516b8f9031f3{\nmargin-bottom:5px;\nmargin-right:5px;\n}\n<\/style>\n<a href='mailto:info@infinitteu.com'  class='avia-button av-ly5rqpha-d110920b008d742ec617516b8f9031f3 avia-icon_select-yes-left-icon avia-size-small avia-color-light'  ><span class='avia_button_icon avia_button_icon_left ' aria-hidden='true' data-av_icon='\ue921' data-av_iconfont='infinitt-icons'><\/span><span class='avia_iconbox_title' >info(at)infinitteu.com<\/span><\/a>\n\n<style type=\"text\/css\" data-created_by=\"avia_inline_auto\" id=\"style-css-av-9sfqs-665d2a1bc345811c078fda08141a474a\">\n#top #wrap_all .avia-button.av-9sfqs-665d2a1bc345811c078fda08141a474a{\nmargin-bottom:5px;\nmargin-right:5px;\n}\n<\/style>\n<a href='tel:+4969583000300'  class='avia-button av-9sfqs-665d2a1bc345811c078fda08141a474a avia-icon_select-yes-left-icon avia-size-small avia-color-light'  ><span class='avia_button_icon avia_button_icon_left ' aria-hidden='true' data-av_icon='\ue916' data-av_iconfont='infinitt-icons'><\/span><span class='avia_iconbox_title' >+49 (0)69 583 000-200<\/span><\/a>\n<\/div>\n\n<style type=\"text\/css\" data-created_by=\"avia_inline_auto\" id=\"style-css-av-9qqsc-e8d69ad665b9b5dd58f325782cf55f19\">\n#top .hr.hr-invisible.av-9qqsc-e8d69ad665b9b5dd58f325782cf55f19{\nheight:50px;\n}\n<\/style>\n<div  class='hr av-9qqsc-e8d69ad665b9b5dd58f325782cf55f19 hr-invisible  avia-builder-el-16  el_after_av_buttonrow  el_before_av_button '><span class='hr-inner '><span class=\"hr-inner-style\"><\/span><\/span><\/div>\n<div  class='avia-button-wrap av-lp8g4ew3-62d196a2d771f70cb74d4d1d6f4a0b40-wrap avia-button-left  avia-builder-el-17  el_after_av_hr  avia-builder-el-last '><a href='https:\/\/infinitteurope.com\/kontakt\/'  class='avia-button av-lp8g4ew3-62d196a2d771f70cb74d4d1d6f4a0b40 avia-icon_select-yes-right-icon avia-size-small avia-position-left avia-color-light'  ><span class='avia_iconbox_title' >vers la page de contact<\/span><span class='avia_button_icon avia_button_icon_right' aria-hidden='true' data-av_icon='\ue87d' data-av_iconfont='entypo-fontello'><\/span><\/a><\/div><\/div><\/div><!--close column table wrapper. Autoclose: 1 -->","protected":false},"excerpt":{"rendered":"","protected":false},"author":1,"featured_media":0,"parent":0,"menu_order":0,"comment_status":"closed","ping_status":"closed","template":"","meta":{"_acf_changed":false,"footnotes":""},"class_list":["post-6811","page","type-page","status-publish","hentry"],"acf":[],"yoast_head":"<!-- This site is optimized with the Yoast SEO plugin v27.4 - https:\/\/yoast.com\/product\/yoast-seo-wordpress\/ -->\n<title>Mod\u00e8le de contact - infinitteurope<\/title>\n<meta name=\"robots\" content=\"index, follow, max-snippet:-1, max-image-preview:large, max-video-preview:-1\" \/>\n<link rel=\"canonical\" href=\"https:\/\/infinitteurope.com\/fr\/modele-de-contact\/\" \/>\n<meta property=\"og:locale\" content=\"fr_FR\" \/>\n<meta property=\"og:type\" content=\"article\" \/>\n<meta property=\"og:title\" content=\"Mod\u00e8le de contact - infinitteurope\" \/>\n<meta property=\"og:url\" content=\"https:\/\/infinitteurope.com\/fr\/modele-de-contact\/\" \/>\n<meta property=\"og:site_name\" content=\"infinitteurope\" \/>\n<meta property=\"article:modified_time\" content=\"2026-03-05T07:14:17+00:00\" \/>\n<meta name=\"twitter:card\" content=\"summary_large_image\" \/>\n<meta name=\"twitter:label1\" content=\"Dur\u00e9e de lecture estim\u00e9e\" \/>\n\t<meta name=\"twitter:data1\" content=\"1 minute\" \/>\n<script type=\"application\/ld+json\" class=\"yoast-schema-graph\">{\"@context\":\"https:\\\/\\\/schema.org\",\"@graph\":[{\"@type\":\"WebPage\",\"@id\":\"https:\\\/\\\/infinitteurope.com\\\/fr\\\/modele-de-contact\\\/\",\"url\":\"https:\\\/\\\/infinitteurope.com\\\/fr\\\/modele-de-contact\\\/\",\"name\":\"Mod\u00e8le de contact - infinitteurope\",\"isPartOf\":{\"@id\":\"https:\\\/\\\/infinitteurope.com\\\/fr\\\/#website\"},\"datePublished\":\"2023-11-21T14:43:55+00:00\",\"dateModified\":\"2026-03-05T07:14:17+00:00\",\"breadcrumb\":{\"@id\":\"https:\\\/\\\/infinitteurope.com\\\/fr\\\/modele-de-contact\\\/#breadcrumb\"},\"inLanguage\":\"fr-FR\",\"potentialAction\":[{\"@type\":\"ReadAction\",\"target\":[\"https:\\\/\\\/infinitteurope.com\\\/fr\\\/modele-de-contact\\\/\"]}]},{\"@type\":\"BreadcrumbList\",\"@id\":\"https:\\\/\\\/infinitteurope.com\\\/fr\\\/modele-de-contact\\\/#breadcrumb\",\"itemListElement\":[{\"@type\":\"ListItem\",\"position\":1,\"name\":\"Startseite\",\"item\":\"https:\\\/\\\/infinitteurope.com\\\/fr\\\/\"},{\"@type\":\"ListItem\",\"position\":2,\"name\":\"Mod\u00e8le de contact\"}]},{\"@type\":\"WebSite\",\"@id\":\"https:\\\/\\\/infinitteurope.com\\\/fr\\\/#website\",\"url\":\"https:\\\/\\\/infinitteurope.com\\\/fr\\\/\",\"name\":\"infinitteurope\",\"description\":\"\",\"publisher\":{\"@id\":\"https:\\\/\\\/infinitteurope.com\\\/fr\\\/#organization\"},\"potentialAction\":[{\"@type\":\"SearchAction\",\"target\":{\"@type\":\"EntryPoint\",\"urlTemplate\":\"https:\\\/\\\/infinitteurope.com\\\/fr\\\/?s={search_term_string}\"},\"query-input\":{\"@type\":\"PropertyValueSpecification\",\"valueRequired\":true,\"valueName\":\"search_term_string\"}}],\"inLanguage\":\"fr-FR\"},{\"@type\":\"Organization\",\"@id\":\"https:\\\/\\\/infinitteurope.com\\\/fr\\\/#organization\",\"name\":\"Infinitt Europe GmbH\",\"url\":\"https:\\\/\\\/infinitteurope.com\\\/fr\\\/\",\"logo\":{\"@type\":\"ImageObject\",\"inLanguage\":\"fr-FR\",\"@id\":\"https:\\\/\\\/infinitteurope.com\\\/fr\\\/#\\\/schema\\\/logo\\\/image\\\/\",\"url\":\"https:\\\/\\\/infinitteurope.com\\\/wp-content\\\/uploads\\\/2024\\\/07\\\/ieu_logo_blue-bg-white.jpg\",\"contentUrl\":\"https:\\\/\\\/infinitteurope.com\\\/wp-content\\\/uploads\\\/2024\\\/07\\\/ieu_logo_blue-bg-white.jpg\",\"width\":600,\"height\":600,\"caption\":\"Infinitt Europe GmbH\"},\"image\":{\"@id\":\"https:\\\/\\\/infinitteurope.com\\\/fr\\\/#\\\/schema\\\/logo\\\/image\\\/\"}}]}<\/script>\n<!-- \/ Yoast SEO plugin. -->","yoast_head_json":{"title":"Mod\u00e8le de contact - infinitteurope","robots":{"index":"index","follow":"follow","max-snippet":"max-snippet:-1","max-image-preview":"max-image-preview:large","max-video-preview":"max-video-preview:-1"},"canonical":"https:\/\/infinitteurope.com\/fr\/modele-de-contact\/","og_locale":"fr_FR","og_type":"article","og_title":"Mod\u00e8le de contact - infinitteurope","og_url":"https:\/\/infinitteurope.com\/fr\/modele-de-contact\/","og_site_name":"infinitteurope","article_modified_time":"2026-03-05T07:14:17+00:00","twitter_card":"summary_large_image","twitter_misc":{"Dur\u00e9e de lecture estim\u00e9e":"1 minute"},"schema":{"@context":"https:\/\/schema.org","@graph":[{"@type":"WebPage","@id":"https:\/\/infinitteurope.com\/fr\/modele-de-contact\/","url":"https:\/\/infinitteurope.com\/fr\/modele-de-contact\/","name":"Mod\u00e8le de contact - infinitteurope","isPartOf":{"@id":"https:\/\/infinitteurope.com\/fr\/#website"},"datePublished":"2023-11-21T14:43:55+00:00","dateModified":"2026-03-05T07:14:17+00:00","breadcrumb":{"@id":"https:\/\/infinitteurope.com\/fr\/modele-de-contact\/#breadcrumb"},"inLanguage":"fr-FR","potentialAction":[{"@type":"ReadAction","target":["https:\/\/infinitteurope.com\/fr\/modele-de-contact\/"]}]},{"@type":"BreadcrumbList","@id":"https:\/\/infinitteurope.com\/fr\/modele-de-contact\/#breadcrumb","itemListElement":[{"@type":"ListItem","position":1,"name":"Startseite","item":"https:\/\/infinitteurope.com\/fr\/"},{"@type":"ListItem","position":2,"name":"Mod\u00e8le de contact"}]},{"@type":"WebSite","@id":"https:\/\/infinitteurope.com\/fr\/#website","url":"https:\/\/infinitteurope.com\/fr\/","name":"infinitteurope","description":"","publisher":{"@id":"https:\/\/infinitteurope.com\/fr\/#organization"},"potentialAction":[{"@type":"SearchAction","target":{"@type":"EntryPoint","urlTemplate":"https:\/\/infinitteurope.com\/fr\/?s={search_term_string}"},"query-input":{"@type":"PropertyValueSpecification","valueRequired":true,"valueName":"search_term_string"}}],"inLanguage":"fr-FR"},{"@type":"Organization","@id":"https:\/\/infinitteurope.com\/fr\/#organization","name":"Infinitt Europe GmbH","url":"https:\/\/infinitteurope.com\/fr\/","logo":{"@type":"ImageObject","inLanguage":"fr-FR","@id":"https:\/\/infinitteurope.com\/fr\/#\/schema\/logo\/image\/","url":"https:\/\/infinitteurope.com\/wp-content\/uploads\/2024\/07\/ieu_logo_blue-bg-white.jpg","contentUrl":"https:\/\/infinitteurope.com\/wp-content\/uploads\/2024\/07\/ieu_logo_blue-bg-white.jpg","width":600,"height":600,"caption":"Infinitt Europe GmbH"},"image":{"@id":"https:\/\/infinitteurope.com\/fr\/#\/schema\/logo\/image\/"}}]}},"_links":{"self":[{"href":"https:\/\/infinitteurope.com\/fr\/wp-json\/wp\/v2\/pages\/6811","targetHints":{"allow":["GET"]}}],"collection":[{"href":"https:\/\/infinitteurope.com\/fr\/wp-json\/wp\/v2\/pages"}],"about":[{"href":"https:\/\/infinitteurope.com\/fr\/wp-json\/wp\/v2\/types\/page"}],"author":[{"embeddable":true,"href":"https:\/\/infinitteurope.com\/fr\/wp-json\/wp\/v2\/users\/1"}],"replies":[{"embeddable":true,"href":"https:\/\/infinitteurope.com\/fr\/wp-json\/wp\/v2\/comments?post=6811"}],"version-history":[{"count":3,"href":"https:\/\/infinitteurope.com\/fr\/wp-json\/wp\/v2\/pages\/6811\/revisions"}],"predecessor-version":[{"id":9805,"href":"https:\/\/infinitteurope.com\/fr\/wp-json\/wp\/v2\/pages\/6811\/revisions\/9805"}],"wp:attachment":[{"href":"https:\/\/infinitteurope.com\/fr\/wp-json\/wp\/v2\/media?parent=6811"}],"curies":[{"name":"wp","href":"https:\/\/api.w.org\/{rel}","templated":true}]}}