{"id":5685,"date":"2024-06-19T16:06:03","date_gmt":"2024-06-19T14:06:03","guid":{"rendered":"https:\/\/infinitteurope.com\/gtc\/"},"modified":"2025-10-13T11:18:06","modified_gmt":"2025-10-13T09:18:06","slug":"gtc","status":"publish","type":"page","link":"https:\/\/infinitteurope.com\/pl\/gtc\/","title":{"rendered":"GTC"},"content":{"rendered":"\n<style type=\"text\/css\" data-created_by=\"avia_inline_auto\" id=\"style-css-av-4x7z6m-a6316211bcbb1b7ed71273e69aaed9dc\">\n.avia-section.av-4x7z6m-a6316211bcbb1b7ed71273e69aaed9dc{\nmargin-top:90px;\nmargin-bottom:0px;\n}\n<\/style>\n<div id='av_section_1'  class='avia-section av-4x7z6m-a6316211bcbb1b7ed71273e69aaed9dc main_color avia-section-default avia-no-border-styling  avia-builder-el-0  avia-builder-el-no-sibling  avia-bg-style-scroll container_wrap fullsize'  ><div class='container av-section-cont-open' ><main  role=\"main\" itemprop=\"mainContentOfPage\"  class='template-page content  av-content-full alpha units'><div class='post-entry post-entry-type-page post-entry-5685'><div class='entry-content-wrapper clearfix'>\r\n\r\n<div  class='flex_column av-2x6qpa-d360b92fd59e500f96167514f273cff7 av_one_full  avia-builder-el-1  avia-builder-el-no-sibling  first flex_column_div  '     ><section  class='av_textblock_section av-lxlwony5-d223804f56cc41ad7ce50dad9b81e0de '   itemscope=\"itemscope\" itemtype=\"https:\/\/schema.org\/CreativeWork\" ><div class='avia_textblock'  itemprop=\"text\" ><h1>Og\u00f3lne warunki dostaw i us\u0142ug (od 2024 r.)<\/h1>\n<p><strong>\u00a71 Zakres: <\/strong><\/p>\n<p>Wszystkie dostawy i us\u0142ugi s\u0105 \u015bwiadczone na podstawie niniejszych Og\u00f3lnych Warunk\u00f3w.<br \/>\nOg\u00f3lne Warunki Dostaw i Us\u0142ug INFINITT Europe GmbH obejmuj\u0105 sprzeda\u017c, dostaw\u0119 i dostarczanie produkt\u00f3w sprz\u0119towych wraz z akcesoriami oraz licencjonowanie i dostaw\u0119 oprogramowania i powi\u0105zanych us\u0142ug, takich jak doradztwo, zarz\u0105dzanie projektami, szkolenia, konserwacja i opieka nad systemem.<br \/>\nPonadto przekazanie u\u017cytkowania oprogramowania w zwi\u0105zku z us\u0142ugami operatorskimi i gwarancjami wykonania.<\/p>\n<p><strong>\u00a72 \u015awiadczenie us\u0142ug: <\/strong><\/p>\n<p>Zakres \u015bwiadczonych us\u0142ug okre\u015blaj\u0105 warunki przyj\u0119tej oferty lub potwierdzenie zam\u00f3wienia oraz opis techniczny us\u0142ugi, a tak\u017ce indywidualna pisemna umowa mi\u0119dzy klientem a wykonawc\u0105, kt\u00f3ra zawsze musi by\u0107 utrwalona na pi\u015bmie.<\/p>\n<p><strong>\u00a73 Obowi\u0105zek:\u00a0<\/strong><\/p>\n<p>Tworzenia kopii zapasowych danych Jako istotny obowi\u0105zek umowny, klient musi tworzy\u0107 kopie zapasowe danych i program\u00f3w w formie nadaj\u0105cej si\u0119 do odczytu maszynowego w odst\u0119pach czasu odpowiednich do zastosowania, co najmniej raz dziennie, a tym samym zapewni\u0107, \u017ce mo\u017cna je przywr\u00f3ci\u0107 przy rozs\u0105dnym wysi\u0142ku.<br \/>\n\u017ce mo\u017cna je przywr\u00f3ci\u0107 przy odpowiednim wysi\u0142ku.<br \/>\nINFINITT ponosi odpowiedzialno\u015b\u0107 za utrat\u0119 danych tylko w zakresie, w jakim jest to nieuniknione, nawet je\u015bli klient spe\u0142nia lub spe\u0142ni\u0142by sw\u00f3j obowi\u0105zek tworzenia kopii zapasowych danych.<\/p>\n<p><strong>\u00a74 Ceny i warunki: <\/strong><\/p>\n<p>Ceny i op\u0142aty licencyjne wynikaj\u0105 w przypadku terminowego przyj\u0119cia pisemnej oferty z niniejszej, w przeciwnym razie, w przypadku braku pisemnej umowy, z ceny i listy produkt\u00f3w obowi\u0105zuj\u0105cej w momencie przyj\u0119cia zam\u00f3wienia przez INFINITT.<br \/>\nZ\u0142o\u017cone oferty mog\u0105 ulec zmianie.<br \/>\nUmowy i zam\u00f3wienia staj\u0105 si\u0119 wi\u0105\u017c\u0105ce dopiero po ich pisemnym potwierdzeniu.<br \/>\nCeny s\u0105 bezp\u0142atne do miejsca odbioru przez klienta, plus VAT i wszelkie inne ustawowe podatki.<br \/>\nVAT i wszelkie inne op\u0142aty ustawowe wed\u0142ug obowi\u0105zuj\u0105cej stawki ustawowej.<br \/>\nKoszty instalacji s\u0105 wliczone tylko wtedy, gdy zosta\u0142o to wyra\u017anie uzgodnione na pi\u015bmie.<br \/>\nJe\u015bli poszczeg\u00f3lne elementy oferty nie s\u0105 ju\u017c dost\u0119pne w momencie realizacji niniejszej oferty, np. z powodu zaprzestania produkcji produktu, niewielkie odchylenia neutralne pod wzgl\u0119dem koszt\u00f3w w sensie post\u0119pu technicznego zostan\u0105 uznane za zatwierdzone przez klienta.<br \/>\nAktualne op\u0142aty za licencje na oprogramowanie mog\u0105 zosta\u0107 zmienione z zachowaniem okresu wypowiedzenia wynosz\u0105cego dziewi\u0119\u0107dziesi\u0105t (90) dni.<br \/>\nW przypadku podwy\u017cszenia wynagrodzenia Klientowi przys\u0142uguje nadzwyczajne prawo do odst\u0105pienia od umowy, z kt\u00f3rego nale\u017cy skorzysta\u0107 przed wej\u015bciem podwy\u017cki w \u017cycie.<br \/>\nTerminy \u015bwiadczenia us\u0142ug b\u0119d\u0105 uzgadniane w ramach zarz\u0105dzania projektem i b\u0119d\u0105 opiera\u0107 si\u0119 na okre\u015blonym w nim harmonogramie.<br \/>\nCeny za us\u0142ugi (instalacja, integracja, szkolenia i zarz\u0105dzanie projektem), a tak\u017ce za konserwacj\u0119 i opiek\u0119 s\u0105 oparte na 5-dniowym tygodniu pracy i 8-godzinnym dniu pracy.<br \/>\nNast\u0119puj\u0105ce dop\u0142aty za nadgodziny maj\u0105 zastosowanie do godzin pracy poza normalnymi godzinami pracy 8:00-17:00: 25% w dni robocze, 50% w soboty i 75% w niedziele i \u015bwi\u0119ta pa\u0144stwowe.<br \/>\nPo up\u0142ywie dozwolonego \u0142\u0105cznego dziennego czasu pracy wynosz\u0105cego 10 godzin, praca mo\u017ce zosta\u0107 przerwana wed\u0142ug uznania naszego pracownika i kontynuowana w nast\u0119pnym dniu roboczym.<br \/>\nKoszty prac zwi\u0105zanych z planowaniem projektu obejmuj\u0105 przygotowanie przez kierownika projektu INFINITT. Planowanie projektu odbywa si\u0119 zar\u00f3wno na miejscu w siedzibie klienta, jak i w INFINITT.<br \/>\nFakturowanie opiera si\u0119 na poziomie us\u0142ug.<br \/>\nJe\u015bli mo\u017cna przewidzie\u0107, \u017ce planowane wydatki zostan\u0105 przekroczone, klient otrzyma ofert\u0119 przed\u0142u\u017cenia us\u0142ugi z odpowiednim wyprzedzeniem.<\/p>\n<p><strong>\u00a75 Warunki dostawy i p\u0142atno\u015bci: <\/strong><\/p>\n<p>P\u0142atno\u015bci nale\u017cy dokona\u0107 w ci\u0105gu czternastu dni od daty wystawienia faktury w nast\u0119puj\u0105cy spos\u00f3b, bez potr\u0105ce\u0144:<\/p>\n<ol>\n<li>100% za \u0142\u0105czn\u0105 cen\u0119 (bez VAT) poni\u017cej 15 000 EUR.<\/li>\n<li>W przypadku \u0142\u0105cznej ceny wynosz\u0105cej 15 000 EUR lub wi\u0119cej<br \/>\n&#8211; 30% w momencie z\u0142o\u017cenia zam\u00f3wienia<br \/>\n&#8211; 40% w momencie dostawy<br \/>\n&#8211; 30% w momencie zg\u0142oszenia gotowo\u015bci do pracy<\/li>\n<\/ol>\n<p>Terminowe przyjmowanie dostaw i us\u0142ug jest podstawowym obowi\u0105zkiem umownym klienta.<br \/>\nRezerwacja dostawy musi zosta\u0107 niezw\u0142ocznie potwierdzona na pi\u015bmie.<br \/>\nDostawy cz\u0119\u015bciowe s\u0105 dozwolone, o ile nie s\u0105 nieuzasadnione dla klienta.<br \/>\nDrobne wady lub niewielkie b\u0142\u0119dy podlegaj\u0105 naprawie przez INFINITT.<br \/>\nW przypadku reklamacji, kontrahent otrzyma rozs\u0105dny czas na usuni\u0119cie wady.<br \/>\nW przypadku niepowodzenia p\u00f3\u017aniejszej realizacji, klient ma prawo do wstrzymania us\u0142ug lub odst\u0105pienia od umowy.<br \/>\nPrzesuni\u0119cie terminu dostawy na wniosek klienta mo\u017ce nast\u0105pi\u0107 wy\u0142\u0105cznie za wyra\u017an\u0105 zgod\u0105 INFINITT.<br \/>\nJe\u015bli klient powiadomi INFINITT o zmianie daty w ci\u0105gu 12 godzin przed uzgodnionym terminem, INFINITT zastrzega sobie prawo do naliczenia op\u0142aty za anulowanie w wysoko\u015bci 50% us\u0142ugi, kt\u00f3ra ma by\u0107 \u015bwiadczona.<br \/>\nKlient mo\u017ce dokona\u0107 kompensaty wy\u0142\u0105cznie z bezspornymi lub prawnie ustalonymi roszczeniami.<br \/>\nDostawy cz\u0119\u015bciowe s\u0105 dozwolone, pod warunkiem, \u017ce nie jest to nieuzasadnione dla klienta i mog\u0105 by\u0107 fakturowane oddzielnie.<\/p>\n<p><strong>\u00a76 Gwarancja:<\/strong><br \/>\nGwarancja na oprogramowanie INFINITT wynosi 12 miesi\u0119cy, gwarancja na oprogramowanie i sprz\u0119t os\u00f3b trzecich odpowiada warunkom danego producenta.<br \/>\nDane techniczne, specyfikacje lub opisy jako\u015bci wydane przez INFINITT, w szczeg\u00f3lno\u015bci dla sprz\u0119tu i oprogramowania stron trzecich, nie stanowi\u0105 gwarancji, chyba \u017ce zosta\u0142y wyra\u017anie potwierdzone przez INFINITT na pi\u015bmie.<br \/>\nPrace gwarancyjne b\u0119d\u0105 wykonywane wed\u0142ug uznania INFINITT w siedzibie klienta lub w centrum serwisowym INFINITT.<br \/>\nW przypadku oprogramowania i sprz\u0119tu innych firm, INFINITT zapewnia gwarancj\u0119 producenta, je\u015bli nie jest to wyra\u017anie wspomniane w ofercie lub potwierdzeniu zam\u00f3wienia.<br \/>\nStandardowa gwarancja na sprz\u0119t obejmuje gwarancj\u0119 na cz\u0119\u015bci zamienne, ale nie na cz\u0119\u015bci zu\u017cywaj\u0105ce si\u0119.<br \/>\nGwarancja i umowy serwisowe nie obejmuj\u0105 Usuwanie usterek i awarii spowodowanych niew\u0142a\u015bciw\u0105 obs\u0142ug\u0105 i\/lub eksploatacj\u0105, wp\u0142ywem os\u00f3b trzecich, si\u0142\u0105 wy\u017csz\u0105, niedopuszczalnymi warunkami \u015brodowiskowymi w miejscu instalacji (temperatura, wilgotno\u015b\u0107 itp.), zawodnym zasilaniem, przepi\u0119ciami (np. w przypadku uderzenia pioruna) oraz akcesoriami i materia\u0142ami eksploatacyjnymi, kt\u00f3re nie s\u0105 zgodne ze specyfikacj\u0105 INFINITTS.<\/p>\n<p><strong>\u00a77 LICENCJA NA OPROGRAMOWANIE:<\/strong><\/p>\n<p>Klient mo\u017ce korzysta\u0107 z oprogramowania INFINITT, w tym dokumentacji, wy\u0142\u0105cznie na podstawie licencji na oprogramowanie udzielonej przez INFINITT.<br \/>\nLicencja na oprogramowanie udzielona przez INFINITT jest osobista, niewy\u0142\u0105czna, zbywalna tylko za wyra\u017an\u0105 uprzedni\u0105 zgod\u0105 INFINITT i nie upowa\u017cnia do udzielania sublicencji.<br \/>\nOprogramowanie mo\u017ce by\u0107 kopiowane, powielane lub przenoszone do innego systemu za po\u015brednictwem sieci tylko w takim zakresie, w jakim jest to konieczne do dzia\u0142ania w licencjonowanym systemie oraz do cel\u00f3w archiwizacji i tworzenia kopii zapasowych.<br \/>\nJe\u015bli dzia\u0142anie oprogramowania w licencjonowanym systemie jest niemo\u017cliwe z powodu usterki urz\u0105dzenia, klient mo\u017ce w tym wyj\u0105tkowym przypadku tymczasowo korzysta\u0107 z oprogramowania w innej jednostce centralnej lub konfiguracji systemu.<\/p>\n<\/div><\/section>\n<section  class='av_textblock_section av-lxlwugjr-020604a81edf9873be9fa1ce2420379b '   itemscope=\"itemscope\" itemtype=\"https:\/\/schema.org\/CreativeWork\" ><div class='avia_textblock'  itemprop=\"text\" ><p>Klient b\u0119dzie traktowa\u0142 wszystkie informacje o oprogramowaniu, stosowanych metodach i procedurach jako poufne.<br \/>\nKlient nie mo\u017ce u\u017cywa\u0107 \u017cadnych procedur jakiegokolwiek rodzaju w celu przywr\u00f3cenia program\u00f3w \u017ar\u00f3d\u0142owych lub ich cz\u0119\u015bci z oprogramowania binarnego lub uzyskania wiedzy na temat projektowania lub tworzenia oprogramowania lub implementacji sprz\u0119tu lub oprogramowania uk\u0142adowego oprogramowania.<br \/>\nLicencje na oprogramowanie s\u0105 udzielane na czas nieokre\u015blony i mog\u0105 zosta\u0107 wypowiedziane przez INFINITT tylko z wa\u017cnego powodu.<br \/>\nWa\u017cny pow\u00f3d istnieje w szczeg\u00f3lno\u015bci w przypadku, gdy klient nie wywi\u0105zuje si\u0119 nale\u017cycie ze swoich zobowi\u0105za\u0144 umownych lub nie dokonuje nale\u017cnych p\u0142atno\u015bci w ci\u0105gu dziesi\u0119ciu dni od otrzymania upomnienia pomimo wezwania do zap\u0142aty.<\/p>\n<p><strong>\u00a78 Umowa:<\/strong><\/p>\n<p>Umowy mi\u0119dzy INFINITT a klientem s\u0105 zasadniczo skuteczne po ich wzajemnym podpisaniu, chyba \u017ce uzgodniono inaczej.<br \/>\nZawarcie umowy na konserwacj\u0119 oprogramowania jest obowi\u0105zkowe i obejmuje zar\u00f3wno aktualizacj\u0119, jak i uaktualnienie.<br \/>\nINFINITT \u015bwiadczy us\u0142ugi serwisowe dla dostarczonego standardowego oprogramowania zgodnie z ustaleniami zawartymi w umowie i przez personel, kt\u00f3ry jest wykwalifikowany do \u015bwiadczenia uzgodnionych us\u0142ug serwisowych.<br \/>\nO ile nie uzgodniono inaczej w umowie, konserwacja oprogramowania obejmuje nast\u0119puj\u0105ce elementy:<\/p>\n<ul>\n<li>Aktualizacja: \u0141\u0105czenie kilku poprawek b\u0142\u0119d\u00f3w w standardowym oprogramowaniu w jednej dostawie<\/li>\n<li>Aktualizacja: pakiet kilku poprawek b\u0142\u0119d\u00f3w i drobnych ulepsze\u0144 funkcjonalnych i\/lub dostosowa\u0144 (np. do zmienionych warunk\u00f3w pracy) standardowego oprogramowania.<\/li>\n<li>Zdalna diagnostyka za po\u015brednictwem pulpitu zdalnego<\/li>\n<\/ul>\n<p>Roczne koszty z tego tytu\u0142u wynosz\u0105 15% ceny katalogowej licencji i s\u0105 p\u0142atne co roku z g\u00f3ry.<br \/>\nNa \u017cyczenie klienta obszar &#8222;New Versions\/Major Releases&#8221; mo\u017ce zosta\u0107 w\u0142\u0105czony do umowy serwisowej oprogramowania jako dodatek.<br \/>\nKoszty z tym zwi\u0105zane zostan\u0105 og\u0142oszone w formie oferty.<br \/>\nObejmuj\u0105 one wydanie\/wersj\u0119\/dodatkowe i\/lub zmodyfikowane funkcje oraz inne dostosowania\/korekty (np. do zmienionych warunk\u00f3w u\u017cytkowania) standardowego oprogramowania.<\/p>\n<p><strong>\u00a79 Wypowiedzenie:<\/strong><\/p>\n<p>Umow\u0119 dotycz\u0105c\u0105 konserwacji lub utrzymania oprogramowania mo\u017cna wypowiedzie\u0107 z zachowaniem okresu wypowiedzenia wynosz\u0105cego 6 miesi\u0119cy do ko\u0144ca roku obowi\u0105zywania umowy, ale po raz pierwszy na koniec uzgodnionego minimalnego okresu obowi\u0105zywania.<br \/>\nO ile nie uzgodniono inaczej, minimalny okres rozpoczyna si\u0119 wraz z obowi\u0105zkiem zap\u0142aty i wynosi 36 miesi\u0119cy.<\/p>\n<p><strong>\u00a710 Odpowiedzialno\u015b\u0107:<\/strong><\/p>\n<p>Roszczenia odszkodowawcze &#8211; niezale\u017cnie od przyczyny prawnej &#8211; wobec INFINITT, kt\u00f3re zak\u0142adaj\u0105 niewielkie zaniedbanie, istniej\u0105 tylko wtedy, gdy naruszono istotne zobowi\u0105zanie umowne \/ zobowi\u0105zanie kardynalne. To samo dotyczy roszcze\u0144 z tytu\u0142u daremnych wydatk\u00f3w. Roszczenia odszkodowawcze z tytu\u0142u naruszenia obowi\u0105zk\u00f3w w fazie dostawy s\u0105 ograniczone do warto\u015bci zam\u00f3wienia, ale max. 10.000 \u20ac na roszczenie.<br \/>\nW przypadku narusze\u0144 w fazie konserwacji i serwisowania, roszczenia odszkodowawcze na roszczenie s\u0105 ograniczone do kwot rycza\u0142towych p\u0142atnych w roku, w kt\u00f3rym powsta\u0142o poszczeg\u00f3lne roszczenie.<br \/>\nOdpowiedzialno\u015b\u0107 za utrat\u0119 zysku jest wy\u0142\u0105czona.<br \/>\nKlient mo\u017ce jednak za\u017c\u0105da\u0107 dalszej odpowiedzialno\u015bci za zap\u0142at\u0105 dodatkowej op\u0142aty za ryzyko.<br \/>\nOkres przedawnienia roszcze\u0144 z tytu\u0142u wad wynosi 12 miesi\u0119cy.<br \/>\nRozszerzenie prawa do korzystania z oprogramowania nie prowadzi do nowego okresu przedawnienia.<\/p>\n<p><strong>\u00a711 Klient:<\/strong><\/p>\n<p>Uznaje, \u017ce oprogramowanie, w tym dokumentacja u\u017cytkownika i inne dokumenty, jest chronione prawem autorskim i stanowi tajemnic\u0119 handlow\u0105 danego producenta.<br \/>\nPodejmie on \u015brodki ostro\u017cno\u015bci w celu zapewnienia, \u017ce nie zostan\u0105 one udost\u0119pnione osobom trzecim bez zgody INFINITT.<br \/>\nKlient mo\u017ce powiela\u0107 dokumentacj\u0119 u\u017cytkownika wy\u0142\u0105cznie na w\u0142asny u\u017cytek.<\/p>\n<p><strong> \u00a712 Og\u00f3lny obowi\u0105zek:<\/strong><\/p>\n<p><strong>\u00a0<\/strong> wsp\u00f3\u0142pracy Klient i INFINITT wyznaczaj\u0105 kierownika projektu, kt\u00f3ry podejmuje decyzje lub niezw\u0142ocznie je realizuje.<br \/>\nKierownik projektu klienta jest dost\u0119pny dla INFINITT w celu uzyskania odpowiednich informacji.<br \/>\nINFINITT jest zobowi\u0105zany do zaanga\u017cowania kierownika projektu klienta, o ile wymaga tego realizacja zam\u00f3wienia.<br \/>\nKlient musi zapewni\u0107, \u017ce najp\u00f3\u017aniej w momencie instalacji dost\u0119pny b\u0119dzie fachowy personel operacyjny w celu wsparcia wdro\u017cenia.<br \/>\nINFINITT udowodni gotowo\u015b\u0107 operacyjn\u0105 po zako\u0144czeniu instalacji i zadeklaruje j\u0105 na pi\u015bmie.<br \/>\nDeklaracj\u0119 t\u0119 uznaje si\u0119 za potwierdzon\u0105 przez klienta, je\u015bli nie zg\u0142osi on sprzeciwu w ci\u0105gu dw\u00f3ch tygodni wraz ze szczeg\u00f3\u0142owym wyja\u015bnieniem.<\/p>\n<p><strong>\u00a713 Zak\u0142\u00f3cenia i przerwy:<\/strong><\/p>\n<p>Klient niezw\u0142ocznie i w pe\u0142ni zg\u0142asza usterki, b\u0142\u0119dy lub uszkodzenia.<br \/>\nW zwi\u0105zku z tym obowi\u0105zuje termin zg\u0142oszenia i reklamacji zgodnie z \u00a7 377 HGB. Odpowiednie powiadomienie mo\u017ce by\u0107 dokonane z wyprzedzeniem telefonicznie i musi jednak zosta\u0107 niezw\u0142ocznie zg\u0142oszone na pi\u015bmie, poczt\u0105 elektroniczn\u0105 lub faksem do dzia\u0142u wsparcia INFINITT.<\/p>\n<p><strong>\u00a714 Odbi\u00f3r i obowi\u0105zki: <\/strong><\/p>\n<p>Gotowo\u015b\u0107 operacyjna zainstalowanego przedmiotu dostawy jest potwierdzona przez pomy\u015blny test funkcjonalny z procedurami testowymi i programami opracowanymi przez INFINITT i potwierdzona przez klienta poprzez kontrasygnat\u0119 certyfikatu odbioru.<br \/>\nJe\u015bli klient nie podpisze \u015bwiadectwa odbioru pomimo pomy\u015blnego testu funkcjonalnego, gotowo\u015b\u0107 operacyjn\u0105 uznaje si\u0119 jednak za uznan\u0105 w dniu testu funkcjonalnego, je\u015bli klient nie zadeklaruje akceptacji w okresie karencji, nawet je\u015bli INFINITT wyznaczy\u0142 mu okres karencji wynosz\u0105cy co najmniej dwa tygodnie z odniesieniem do konsekwencji up\u0142ywu terminu.<\/p>\n<p><strong>\u00a715 Postanowienia ko\u0144cowe:<\/strong><\/p>\n<p>Prawo Republiki Federalnej Niemiec ma zastosowanie wy\u0142\u0105cznie do wszystkich roszcze\u0144 wynikaj\u0105cych z niniejszej umowy.<br \/>\nJe\u017celi postanowienie umowne jest lub stanie si\u0119 niewa\u017cne w ca\u0142o\u015bci lub w cz\u0119\u015bci, pozosta\u0142a cz\u0119\u015b\u0107 umowy pozostaje wa\u017cna.<br \/>\nMiejscem jurysdykcji jest, o ile jest to dopuszczalne dla handlowc\u00f3w lub os\u00f3b prawnych prawa publicznego, siedziba INFINITT Europe GmbH.<\/p>\n<\/div><\/section><\/div>","protected":false},"excerpt":{"rendered":"","protected":false},"author":1,"featured_media":0,"parent":0,"menu_order":0,"comment_status":"closed","ping_status":"closed","template":"","meta":{"_acf_changed":false,"footnotes":""},"class_list":["post-5685","page","type-page","status-publish","hentry"],"acf":[],"yoast_head":"<!-- This site is optimized with the Yoast SEO plugin v27.4 - https:\/\/yoast.com\/product\/yoast-seo-wordpress\/ -->\n<title>GTC - infinitteurope<\/title>\n<meta name=\"robots\" content=\"index, follow, max-snippet:-1, max-image-preview:large, max-video-preview:-1\" \/>\n<link rel=\"canonical\" href=\"https:\/\/infinitteurope.com\/pl\/gtc\/\" \/>\n<meta property=\"og:locale\" content=\"pl_PL\" \/>\n<meta property=\"og:type\" content=\"article\" \/>\n<meta property=\"og:title\" content=\"GTC - infinitteurope\" \/>\n<meta property=\"og:url\" content=\"https:\/\/infinitteurope.com\/pl\/gtc\/\" \/>\n<meta property=\"og:site_name\" content=\"infinitteurope\" \/>\n<meta property=\"article:modified_time\" content=\"2025-10-13T09:18:06+00:00\" \/>\n<meta name=\"twitter:card\" content=\"summary_large_image\" \/>\n<meta name=\"twitter:label1\" content=\"Szacowany czas czytania\" \/>\n\t<meta name=\"twitter:data1\" content=\"10 minut\" \/>\n<script type=\"application\/ld+json\" class=\"yoast-schema-graph\">{\"@context\":\"https:\\\/\\\/schema.org\",\"@graph\":[{\"@type\":\"WebPage\",\"@id\":\"https:\\\/\\\/infinitteurope.com\\\/pl\\\/gtc\\\/\",\"url\":\"https:\\\/\\\/infinitteurope.com\\\/pl\\\/gtc\\\/\",\"name\":\"GTC - infinitteurope\",\"isPartOf\":{\"@id\":\"https:\\\/\\\/infinitteurope.com\\\/pl\\\/#website\"},\"datePublished\":\"2024-06-19T14:06:03+00:00\",\"dateModified\":\"2025-10-13T09:18:06+00:00\",\"breadcrumb\":{\"@id\":\"https:\\\/\\\/infinitteurope.com\\\/pl\\\/gtc\\\/#breadcrumb\"},\"inLanguage\":\"pl-PL\",\"potentialAction\":[{\"@type\":\"ReadAction\",\"target\":[\"https:\\\/\\\/infinitteurope.com\\\/pl\\\/gtc\\\/\"]}]},{\"@type\":\"BreadcrumbList\",\"@id\":\"https:\\\/\\\/infinitteurope.com\\\/pl\\\/gtc\\\/#breadcrumb\",\"itemListElement\":[{\"@type\":\"ListItem\",\"position\":1,\"name\":\"Startseite\",\"item\":\"https:\\\/\\\/infinitteurope.com\\\/pl\\\/\"},{\"@type\":\"ListItem\",\"position\":2,\"name\":\"GTC\"}]},{\"@type\":\"WebSite\",\"@id\":\"https:\\\/\\\/infinitteurope.com\\\/pl\\\/#website\",\"url\":\"https:\\\/\\\/infinitteurope.com\\\/pl\\\/\",\"name\":\"infinitteurope\",\"description\":\"\",\"publisher\":{\"@id\":\"https:\\\/\\\/infinitteurope.com\\\/pl\\\/#organization\"},\"potentialAction\":[{\"@type\":\"SearchAction\",\"target\":{\"@type\":\"EntryPoint\",\"urlTemplate\":\"https:\\\/\\\/infinitteurope.com\\\/pl\\\/?s={search_term_string}\"},\"query-input\":{\"@type\":\"PropertyValueSpecification\",\"valueRequired\":true,\"valueName\":\"search_term_string\"}}],\"inLanguage\":\"pl-PL\"},{\"@type\":\"Organization\",\"@id\":\"https:\\\/\\\/infinitteurope.com\\\/pl\\\/#organization\",\"name\":\"Infinitt Europe GmbH\",\"url\":\"https:\\\/\\\/infinitteurope.com\\\/pl\\\/\",\"logo\":{\"@type\":\"ImageObject\",\"inLanguage\":\"pl-PL\",\"@id\":\"https:\\\/\\\/infinitteurope.com\\\/pl\\\/#\\\/schema\\\/logo\\\/image\\\/\",\"url\":\"https:\\\/\\\/infinitteurope.com\\\/wp-content\\\/uploads\\\/2024\\\/07\\\/ieu_logo_blue-bg-white.jpg\",\"contentUrl\":\"https:\\\/\\\/infinitteurope.com\\\/wp-content\\\/uploads\\\/2024\\\/07\\\/ieu_logo_blue-bg-white.jpg\",\"width\":600,\"height\":600,\"caption\":\"Infinitt Europe GmbH\"},\"image\":{\"@id\":\"https:\\\/\\\/infinitteurope.com\\\/pl\\\/#\\\/schema\\\/logo\\\/image\\\/\"}}]}<\/script>\n<!-- \/ Yoast SEO plugin. -->","yoast_head_json":{"title":"GTC - infinitteurope","robots":{"index":"index","follow":"follow","max-snippet":"max-snippet:-1","max-image-preview":"max-image-preview:large","max-video-preview":"max-video-preview:-1"},"canonical":"https:\/\/infinitteurope.com\/pl\/gtc\/","og_locale":"pl_PL","og_type":"article","og_title":"GTC - infinitteurope","og_url":"https:\/\/infinitteurope.com\/pl\/gtc\/","og_site_name":"infinitteurope","article_modified_time":"2025-10-13T09:18:06+00:00","twitter_card":"summary_large_image","twitter_misc":{"Szacowany czas czytania":"10 minut"},"schema":{"@context":"https:\/\/schema.org","@graph":[{"@type":"WebPage","@id":"https:\/\/infinitteurope.com\/pl\/gtc\/","url":"https:\/\/infinitteurope.com\/pl\/gtc\/","name":"GTC - infinitteurope","isPartOf":{"@id":"https:\/\/infinitteurope.com\/pl\/#website"},"datePublished":"2024-06-19T14:06:03+00:00","dateModified":"2025-10-13T09:18:06+00:00","breadcrumb":{"@id":"https:\/\/infinitteurope.com\/pl\/gtc\/#breadcrumb"},"inLanguage":"pl-PL","potentialAction":[{"@type":"ReadAction","target":["https:\/\/infinitteurope.com\/pl\/gtc\/"]}]},{"@type":"BreadcrumbList","@id":"https:\/\/infinitteurope.com\/pl\/gtc\/#breadcrumb","itemListElement":[{"@type":"ListItem","position":1,"name":"Startseite","item":"https:\/\/infinitteurope.com\/pl\/"},{"@type":"ListItem","position":2,"name":"GTC"}]},{"@type":"WebSite","@id":"https:\/\/infinitteurope.com\/pl\/#website","url":"https:\/\/infinitteurope.com\/pl\/","name":"infinitteurope","description":"","publisher":{"@id":"https:\/\/infinitteurope.com\/pl\/#organization"},"potentialAction":[{"@type":"SearchAction","target":{"@type":"EntryPoint","urlTemplate":"https:\/\/infinitteurope.com\/pl\/?s={search_term_string}"},"query-input":{"@type":"PropertyValueSpecification","valueRequired":true,"valueName":"search_term_string"}}],"inLanguage":"pl-PL"},{"@type":"Organization","@id":"https:\/\/infinitteurope.com\/pl\/#organization","name":"Infinitt Europe GmbH","url":"https:\/\/infinitteurope.com\/pl\/","logo":{"@type":"ImageObject","inLanguage":"pl-PL","@id":"https:\/\/infinitteurope.com\/pl\/#\/schema\/logo\/image\/","url":"https:\/\/infinitteurope.com\/wp-content\/uploads\/2024\/07\/ieu_logo_blue-bg-white.jpg","contentUrl":"https:\/\/infinitteurope.com\/wp-content\/uploads\/2024\/07\/ieu_logo_blue-bg-white.jpg","width":600,"height":600,"caption":"Infinitt Europe GmbH"},"image":{"@id":"https:\/\/infinitteurope.com\/pl\/#\/schema\/logo\/image\/"}}]}},"_links":{"self":[{"href":"https:\/\/infinitteurope.com\/pl\/wp-json\/wp\/v2\/pages\/5685","targetHints":{"allow":["GET"]}}],"collection":[{"href":"https:\/\/infinitteurope.com\/pl\/wp-json\/wp\/v2\/pages"}],"about":[{"href":"https:\/\/infinitteurope.com\/pl\/wp-json\/wp\/v2\/types\/page"}],"author":[{"embeddable":true,"href":"https:\/\/infinitteurope.com\/pl\/wp-json\/wp\/v2\/users\/1"}],"replies":[{"embeddable":true,"href":"https:\/\/infinitteurope.com\/pl\/wp-json\/wp\/v2\/comments?post=5685"}],"version-history":[{"count":1,"href":"https:\/\/infinitteurope.com\/pl\/wp-json\/wp\/v2\/pages\/5685\/revisions"}],"predecessor-version":[{"id":8544,"href":"https:\/\/infinitteurope.com\/pl\/wp-json\/wp\/v2\/pages\/5685\/revisions\/8544"}],"wp:attachment":[{"href":"https:\/\/infinitteurope.com\/pl\/wp-json\/wp\/v2\/media?parent=5685"}],"curies":[{"name":"wp","href":"https:\/\/api.w.org\/{rel}","templated":true}]}}