{"id":5703,"date":"2024-02-21T13:41:30","date_gmt":"2024-02-21T12:41:30","guid":{"rendered":"https:\/\/infinitteurope.com\/kariera\/"},"modified":"2024-09-30T09:04:13","modified_gmt":"2024-09-30T07:04:13","slug":"kariera","status":"publish","type":"page","link":"https:\/\/infinitteurope.com\/pl\/kariera\/","title":{"rendered":"Kariera"},"content":{"rendered":"<div id='av_section_1'  class='avia-section av-eufkax-01c76de893427c07ac917ec14bc7eaaa main_color avia-section-default avia-no-border-styling  avia-builder-el-0  el_before_av_section  avia-builder-el-first  avia-bg-style-scroll container_wrap fullsize'  ><div class='container av-section-cont-open' ><main  role=\"main\" itemprop=\"mainContentOfPage\"  class='template-page content  av-content-full alpha units'><div class='post-entry post-entry-type-page post-entry-5703'><div class='entry-content-wrapper clearfix'>\r\n<div  class='flex_column av-cphxih-b047a01ab2fc6d7b0c10926f7f3a7b79 av_one_full  avia-builder-el-1  avia-builder-el-no-sibling  first flex_column_div  '     ><style type=\"text\/css\" data-created_by=\"avia_inline_auto\" id=\"style-css-av-lsvyird9-ef9f76bc753f7ea92627cea3541109d5\">\n#top .av-special-heading.av-lsvyird9-ef9f76bc753f7ea92627cea3541109d5{\npadding-bottom:10px;\n}\nbody .av-special-heading.av-lsvyird9-ef9f76bc753f7ea92627cea3541109d5 .av-special-heading-tag .heading-char{\nfont-size:25px;\n}\n.av-special-heading.av-lsvyird9-ef9f76bc753f7ea92627cea3541109d5 .av-subheading{\nfont-size:15px;\n}\n<\/style>\n<div  class='av-special-heading av-lsvyird9-ef9f76bc753f7ea92627cea3541109d5 av-special-heading-h1  avia-builder-el-2  avia-builder-el-no-sibling '><h1 class='av-special-heading-tag'  itemprop=\"headline\"  >Kariera<\/h1><div class=\"special-heading-border\"><div class=\"special-heading-inner-border\"><\/div><\/div><\/div><\/div>\r\n\r\n\r\n<\/div><\/div><\/main><!-- close content main element --><\/div><\/div><div id='av_section_2'  class='avia-section av-5keyi1-33446a9a2e938c1ff79f110f3a8f7251 main_color avia-section-default avia-no-border-styling  avia-builder-el-3  el_after_av_section  el_before_av_section  avia-bg-style-scroll container_wrap fullsize'  ><div class='container av-section-cont-open' ><div class='template-page content  av-content-full alpha units'><div class='post-entry post-entry-type-page post-entry-5703'><div class='entry-content-wrapper clearfix'>\r\n<div  class='flex_column av-15jfq1-b715310f5019c322d1012c74514a9720 av_one_half  avia-builder-el-4  el_before_av_one_half  avia-builder-el-first  first flex_column_div  '     ><style type=\"text\/css\" data-created_by=\"avia_inline_auto\" id=\"style-css-av-lt472wiq-5b43db817c127c2de118989f1a875db9\">\n#top .av-special-heading.av-lt472wiq-5b43db817c127c2de118989f1a875db9{\npadding-bottom:10px;\n}\nbody .av-special-heading.av-lt472wiq-5b43db817c127c2de118989f1a875db9 .av-special-heading-tag .heading-char{\nfont-size:25px;\n}\n.av-special-heading.av-lt472wiq-5b43db817c127c2de118989f1a875db9 .av-subheading{\nfont-size:15px;\n}\n<\/style>\n<div  class='av-special-heading av-lt472wiq-5b43db817c127c2de118989f1a875db9 av-special-heading-h3  avia-builder-el-5  el_before_av_textblock  avia-builder-el-first '><h3 class='av-special-heading-tag'  itemprop=\"headline\"  >Optymalne rozwi\u0105zania s\u0105 projektowane przez ludzi<\/h3><div class=\"special-heading-border\"><div class=\"special-heading-inner-border\"><\/div><\/div><\/div>\n<section  class='av_textblock_section av-lt47fhr3-89e5f69947490535027bbdde6b140757 '   itemscope=\"itemscope\" itemtype=\"https:\/\/schema.org\/CreativeWork\" ><div class='avia_textblock'  itemprop=\"text\" ><p>W INFINITT ludzie zawsze s\u0105 w centrum uwagi.<br \/>\nPoniewa\u017c dobra praca nigdy nie jest wykonywana przez firm\u0119, ale przez ludzi, kt\u00f3rzy w niej pracuj\u0105.<br \/>\nOd in\u017cynier\u00f3w rozwoju, naukowc\u00f3w i mened\u017cer\u00f3w produktu po ludzi biznesu, pracownik\u00f3w logistyki i zespo\u0142y wsparcia, INFINITT ma ca\u0142\u0105 sie\u0107 specjalist\u00f3w ze wszystkich dzia\u0142\u00f3w pracuj\u0105cych razem z oddaniem.<br \/>\nWszyscy wspieraj\u0105 si\u0119 nawzajem w rozwi\u0105zywaniu zada\u0144 poprzez kreatywno\u015b\u0107, wsp\u00f3\u0142prac\u0119 i uczciwo\u015b\u0107.<br \/>\nS\u0105 to pracownicy o szerokim zakresie wiedzy i do\u015bwiadczenia, z kt\u00f3rych ka\u017cdy charakteryzuje si\u0119 wyj\u0105tkowymi kompetencjami.<br \/>\nPrzede wszystkim jednak nasz zesp\u00f3\u0142 ekspert\u00f3w tworz\u0105 ludzie.<br \/>\nLudzie z wizj\u0105.<br \/>\nLudzie, kt\u00f3rzy stawiaj\u0105 sobie cele klienta i w ten spos\u00f3b opracowuj\u0105 ca\u0142o\u015bciowe, zoptymalizowane rozwi\u0105zania.<br \/>\nLudzie, kt\u00f3rzy wierz\u0105 w magi\u0119 sukcesu.<br \/>\nZawsze na najwy\u017cszym poziomie, skuteczni i zorientowani na wyniki.<\/p>\n<\/div><\/section><\/div><div  class='flex_column av-8nifzd-216cef11d57f4ae571f85a970933eccd av_one_half  avia-builder-el-7  el_after_av_one_half  avia-builder-el-last  flex_column_div  '     ><style type=\"text\/css\" data-created_by=\"avia_inline_auto\" id=\"style-css-av-lt46c6pf-f570256e52b85077ad3f2566f479935d\">\n.avia-image-container.av-lt46c6pf-f570256e52b85077ad3f2566f479935d img.avia_image{\nbox-shadow:none;\n}\n.avia-image-container.av-lt46c6pf-f570256e52b85077ad3f2566f479935d .av-image-caption-overlay-center{\ncolor:#ffffff;\n}\n<\/style>\n<div  class='avia-image-container av-lt46c6pf-f570256e52b85077ad3f2566f479935d av-styling- avia-align-center  avia-builder-el-8  avia-builder-el-no-sibling '   itemprop=\"image\" itemscope=\"itemscope\" itemtype=\"https:\/\/schema.org\/ImageObject\" ><div class=\"avia-image-container-inner\"><div class=\"avia-image-overlay-wrap\"><img decoding=\"async\" class='wp-image-3245 avia-img-lazy-loading-not-3245 avia_image ' src=\"https:\/\/infinitteurope.com\/wp-content\/uploads\/2024\/05\/Karriere-Team-Platzhalter.png\" alt='' title='Symbol zast\u0119pczy zespo\u0142u ds. kariery'  height=\"435\" width=\"585\"  itemprop=\"thumbnailUrl\" srcset=\"https:\/\/infinitteurope.com\/wp-content\/uploads\/2024\/05\/Karriere-Team-Platzhalter.png 585w, https:\/\/infinitteurope.com\/wp-content\/uploads\/2024\/05\/Karriere-Team-Platzhalter-300x223.png 300w\" sizes=\"(max-width: 585px) 100vw, 585px\" \/><\/div><\/div><\/div><\/div>\r\n\r\n\r\n<\/div><\/div><\/div><!-- close content main div --><\/div><\/div><div id='av_section_3'  class='avia-section av-7gvt2h-1402f83a94ca2daf681a8c6277121b8b main_color avia-section-default avia-no-border-styling  avia-builder-el-9  el_after_av_section  el_before_av_section  avia-bg-style-scroll container_wrap fullsize'  ><div class='container av-section-cont-open' ><div class='template-page content  av-content-full alpha units'><div class='post-entry post-entry-type-page post-entry-5703'><div class='entry-content-wrapper clearfix'>\r\n<div  class='flex_column av-5tj3rt-9a83dda98bf4fa723ccdea15d99173de av_one_full  avia-builder-el-10  avia-builder-el-no-sibling  first flex_column_div  '     ><style type=\"text\/css\" data-created_by=\"avia_inline_auto\" id=\"style-css-av-lt463luv-e89c65e3dab05d98eba032024bf83c17\">\n#top .av-special-heading.av-lt463luv-e89c65e3dab05d98eba032024bf83c17{\npadding-bottom:10px;\n}\nbody .av-special-heading.av-lt463luv-e89c65e3dab05d98eba032024bf83c17 .av-special-heading-tag .heading-char{\nfont-size:25px;\n}\n.av-special-heading.av-lt463luv-e89c65e3dab05d98eba032024bf83c17 .av-subheading{\nfont-size:15px;\n}\n<\/style>\n<div  class='av-special-heading av-lt463luv-e89c65e3dab05d98eba032024bf83c17 av-special-heading-h3  avia-builder-el-11  el_before_av_textblock  avia-builder-el-first '><h3 class='av-special-heading-tag'  itemprop=\"headline\"  >Wakaty<\/h3><div class=\"special-heading-border\"><div class=\"special-heading-inner-border\"><\/div><\/div><\/div>\n<section  class='av_textblock_section av-cl2w7d-c8003c6f42bb884557e5d25bc7ade741 '   itemscope=\"itemscope\" itemtype=\"https:\/\/schema.org\/CreativeWork\" ><div class='avia_textblock'  itemprop=\"text\" ><p>Sta\u0144 si\u0119 cz\u0119\u015bci\u0105 odnosz\u0105cego sukcesy zespo\u0142u na rozwijaj\u0105cym si\u0119 rynku przysz\u0142o\u015bci i realizuj z nami swoje osobiste cele zawodowe.<\/p>\n<\/div><\/section><\/div>\r\n\r\n\r\n<\/div><\/div><\/div><!-- close content main div --><\/div><\/div>\n<style type=\"text\/css\" data-created_by=\"avia_inline_auto\" id=\"style-css-av-fiju0p-c1ffe451b9690fd893bef158a3f0052c\">\n.avia-section.av-fiju0p-c1ffe451b9690fd893bef158a3f0052c{\nbackground-color:#ffffff;\nbackground:linear-gradient( to bottom, #ffffff, #ffffff );\n}\n<\/style>\n<div id='av_section_4'  class='avia-section av-fiju0p-c1ffe451b9690fd893bef158a3f0052c main_color avia-section-default avia-no-border-styling  avia-builder-el-14  el_after_av_section  avia-builder-el-last  contact-sektion avia-bg-style-scroll container_wrap fullsize'  ><div class='container av-section-cont-open' ><div class='template-page content  av-content-full alpha units'><div class='post-entry post-entry-type-page post-entry-5703'><div class='entry-content-wrapper clearfix'>\r\n\r\n<div  class='flex_column av-3ut0tl-56f9d2ad6a92d2661a39fa16aebd2167 av_one_half  avia-builder-el-15  el_before_av_one_half  avia-builder-el-first  first flex_column_div  '     ><style type=\"text\/css\" data-created_by=\"avia_inline_auto\" id=\"style-css-av-277yll-c651055846a5c46187766818b2747343\">\n.avia-image-container.av-277yll-c651055846a5c46187766818b2747343 img.avia_image{\nbox-shadow:none;\n}\n.avia-image-container.av-277yll-c651055846a5c46187766818b2747343 .av-image-caption-overlay-center{\ncolor:#ffffff;\n}\n<\/style>\n<div  class='avia-image-container av-277yll-c651055846a5c46187766818b2747343 av-styling- avia-align-center  avia-builder-el-16  avia-builder-el-no-sibling '   itemprop=\"image\" itemscope=\"itemscope\" itemtype=\"https:\/\/schema.org\/ImageObject\" ><div class=\"avia-image-container-inner\"><div class=\"avia-image-overlay-wrap\"><img decoding=\"async\" class='wp-image-1257 avia-img-lazy-loading-not-1257 avia_image ' src=\"https:\/\/infinitteurope.com\/wp-content\/uploads\/2024\/02\/INFINITT-Bildvorlagen-28-team.png\" alt='Kariera w INFINITT' title='NIESKO\u0143CZONO\u015a\u0106'  height=\"435\" width=\"585\"  itemprop=\"thumbnailUrl\" srcset=\"https:\/\/infinitteurope.com\/wp-content\/uploads\/2024\/02\/INFINITT-Bildvorlagen-28-team.png 585w, https:\/\/infinitteurope.com\/wp-content\/uploads\/2024\/02\/INFINITT-Bildvorlagen-28-team-300x223.png 300w\" sizes=\"(max-width: 585px) 100vw, 585px\" \/><\/div><\/div><\/div><\/div><div  class='flex_column av-dfexh5-5bb1c34a7fbf752342a7cbe2c317b72f av_one_half  avia-builder-el-17  el_after_av_one_half  avia-builder-el-last  contact-form-column flex_column_div  '     ><style type=\"text\/css\" data-created_by=\"avia_inline_auto\" id=\"style-css-av-39mmu1-c13eddc7e14efe3e4f3144ed33d9c458\">\n#top .av-special-heading.av-39mmu1-c13eddc7e14efe3e4f3144ed33d9c458{\npadding-bottom:10px;\n}\nbody .av-special-heading.av-39mmu1-c13eddc7e14efe3e4f3144ed33d9c458 .av-special-heading-tag .heading-char{\nfont-size:25px;\n}\n.av-special-heading.av-39mmu1-c13eddc7e14efe3e4f3144ed33d9c458 .av-subheading{\nfont-size:15px;\n}\n<\/style>\n<div  class='av-special-heading av-39mmu1-c13eddc7e14efe3e4f3144ed33d9c458 av-special-heading-h3  avia-builder-el-18  el_before_av_textblock  avia-builder-el-first '><h3 class='av-special-heading-tag'  itemprop=\"headline\"  >Aplikuj teraz!<\/h3><div class=\"special-heading-border\"><div class=\"special-heading-inner-border\"><\/div><\/div><\/div>\n<section  class='av_textblock_section av-lt47sjoj-baea097fe4124b688145f5e76b4f0aaa '   itemscope=\"itemscope\" itemtype=\"https:\/\/schema.org\/CreativeWork\" ><div class='avia_textblock'  itemprop=\"text\" ><p>Podaj swoje dane kontaktowe, a my skontaktujemy si\u0119 z Tob\u0105 tak szybko, jak to mo\u017cliwe!<\/p>\n<\/div><\/section><\/div>","protected":false},"excerpt":{"rendered":"","protected":false},"author":1,"featured_media":0,"parent":0,"menu_order":0,"comment_status":"closed","ping_status":"closed","template":"","meta":{"_acf_changed":false,"footnotes":""},"class_list":["post-5703","page","type-page","status-publish","hentry"],"acf":[],"yoast_head":"<!-- This site is optimized with the Yoast SEO plugin v27.3 - https:\/\/yoast.com\/product\/yoast-seo-wordpress\/ -->\n<title>Kariera - infinitteurope<\/title>\n<meta name=\"robots\" content=\"index, follow, max-snippet:-1, max-image-preview:large, max-video-preview:-1\" \/>\n<link rel=\"canonical\" href=\"https:\/\/infinitteurope.com\/pl\/kariera\/\" \/>\n<meta property=\"og:locale\" content=\"pl_PL\" \/>\n<meta property=\"og:type\" content=\"article\" \/>\n<meta property=\"og:title\" content=\"Kariera - infinitteurope\" \/>\n<meta property=\"og:url\" content=\"https:\/\/infinitteurope.com\/pl\/kariera\/\" \/>\n<meta property=\"og:site_name\" content=\"infinitteurope\" \/>\n<meta property=\"article:modified_time\" content=\"2024-09-30T07:04:13+00:00\" \/>\n<meta name=\"twitter:card\" content=\"summary_large_image\" \/>\n<meta name=\"twitter:label1\" content=\"Szacowany czas czytania\" \/>\n\t<meta name=\"twitter:data1\" content=\"2 minuty\" \/>\n<script type=\"application\/ld+json\" class=\"yoast-schema-graph\">{\"@context\":\"https:\\\/\\\/schema.org\",\"@graph\":[{\"@type\":\"WebPage\",\"@id\":\"https:\\\/\\\/infinitteurope.com\\\/pl\\\/kariera\\\/\",\"url\":\"https:\\\/\\\/infinitteurope.com\\\/pl\\\/kariera\\\/\",\"name\":\"Kariera - infinitteurope\",\"isPartOf\":{\"@id\":\"https:\\\/\\\/infinitteurope.com\\\/pl\\\/#website\"},\"datePublished\":\"2024-02-21T12:41:30+00:00\",\"dateModified\":\"2024-09-30T07:04:13+00:00\",\"breadcrumb\":{\"@id\":\"https:\\\/\\\/infinitteurope.com\\\/pl\\\/kariera\\\/#breadcrumb\"},\"inLanguage\":\"pl-PL\",\"potentialAction\":[{\"@type\":\"ReadAction\",\"target\":[\"https:\\\/\\\/infinitteurope.com\\\/pl\\\/kariera\\\/\"]}]},{\"@type\":\"BreadcrumbList\",\"@id\":\"https:\\\/\\\/infinitteurope.com\\\/pl\\\/kariera\\\/#breadcrumb\",\"itemListElement\":[{\"@type\":\"ListItem\",\"position\":1,\"name\":\"Startseite\",\"item\":\"https:\\\/\\\/infinitteurope.com\\\/pl\\\/\"},{\"@type\":\"ListItem\",\"position\":2,\"name\":\"Kariera\"}]},{\"@type\":\"WebSite\",\"@id\":\"https:\\\/\\\/infinitteurope.com\\\/pl\\\/#website\",\"url\":\"https:\\\/\\\/infinitteurope.com\\\/pl\\\/\",\"name\":\"infinitteurope\",\"description\":\"\",\"publisher\":{\"@id\":\"https:\\\/\\\/infinitteurope.com\\\/pl\\\/#organization\"},\"potentialAction\":[{\"@type\":\"SearchAction\",\"target\":{\"@type\":\"EntryPoint\",\"urlTemplate\":\"https:\\\/\\\/infinitteurope.com\\\/pl\\\/?s={search_term_string}\"},\"query-input\":{\"@type\":\"PropertyValueSpecification\",\"valueRequired\":true,\"valueName\":\"search_term_string\"}}],\"inLanguage\":\"pl-PL\"},{\"@type\":\"Organization\",\"@id\":\"https:\\\/\\\/infinitteurope.com\\\/pl\\\/#organization\",\"name\":\"Infinitt Europe GmbH\",\"url\":\"https:\\\/\\\/infinitteurope.com\\\/pl\\\/\",\"logo\":{\"@type\":\"ImageObject\",\"inLanguage\":\"pl-PL\",\"@id\":\"https:\\\/\\\/infinitteurope.com\\\/pl\\\/#\\\/schema\\\/logo\\\/image\\\/\",\"url\":\"https:\\\/\\\/infinitteurope.com\\\/wp-content\\\/uploads\\\/2024\\\/07\\\/ieu_logo_blue-bg-white.jpg\",\"contentUrl\":\"https:\\\/\\\/infinitteurope.com\\\/wp-content\\\/uploads\\\/2024\\\/07\\\/ieu_logo_blue-bg-white.jpg\",\"width\":600,\"height\":600,\"caption\":\"Infinitt Europe GmbH\"},\"image\":{\"@id\":\"https:\\\/\\\/infinitteurope.com\\\/pl\\\/#\\\/schema\\\/logo\\\/image\\\/\"}}]}<\/script>\n<!-- \/ Yoast SEO plugin. -->","yoast_head_json":{"title":"Kariera - infinitteurope","robots":{"index":"index","follow":"follow","max-snippet":"max-snippet:-1","max-image-preview":"max-image-preview:large","max-video-preview":"max-video-preview:-1"},"canonical":"https:\/\/infinitteurope.com\/pl\/kariera\/","og_locale":"pl_PL","og_type":"article","og_title":"Kariera - infinitteurope","og_url":"https:\/\/infinitteurope.com\/pl\/kariera\/","og_site_name":"infinitteurope","article_modified_time":"2024-09-30T07:04:13+00:00","twitter_card":"summary_large_image","twitter_misc":{"Szacowany czas czytania":"2 minuty"},"schema":{"@context":"https:\/\/schema.org","@graph":[{"@type":"WebPage","@id":"https:\/\/infinitteurope.com\/pl\/kariera\/","url":"https:\/\/infinitteurope.com\/pl\/kariera\/","name":"Kariera - infinitteurope","isPartOf":{"@id":"https:\/\/infinitteurope.com\/pl\/#website"},"datePublished":"2024-02-21T12:41:30+00:00","dateModified":"2024-09-30T07:04:13+00:00","breadcrumb":{"@id":"https:\/\/infinitteurope.com\/pl\/kariera\/#breadcrumb"},"inLanguage":"pl-PL","potentialAction":[{"@type":"ReadAction","target":["https:\/\/infinitteurope.com\/pl\/kariera\/"]}]},{"@type":"BreadcrumbList","@id":"https:\/\/infinitteurope.com\/pl\/kariera\/#breadcrumb","itemListElement":[{"@type":"ListItem","position":1,"name":"Startseite","item":"https:\/\/infinitteurope.com\/pl\/"},{"@type":"ListItem","position":2,"name":"Kariera"}]},{"@type":"WebSite","@id":"https:\/\/infinitteurope.com\/pl\/#website","url":"https:\/\/infinitteurope.com\/pl\/","name":"infinitteurope","description":"","publisher":{"@id":"https:\/\/infinitteurope.com\/pl\/#organization"},"potentialAction":[{"@type":"SearchAction","target":{"@type":"EntryPoint","urlTemplate":"https:\/\/infinitteurope.com\/pl\/?s={search_term_string}"},"query-input":{"@type":"PropertyValueSpecification","valueRequired":true,"valueName":"search_term_string"}}],"inLanguage":"pl-PL"},{"@type":"Organization","@id":"https:\/\/infinitteurope.com\/pl\/#organization","name":"Infinitt Europe GmbH","url":"https:\/\/infinitteurope.com\/pl\/","logo":{"@type":"ImageObject","inLanguage":"pl-PL","@id":"https:\/\/infinitteurope.com\/pl\/#\/schema\/logo\/image\/","url":"https:\/\/infinitteurope.com\/wp-content\/uploads\/2024\/07\/ieu_logo_blue-bg-white.jpg","contentUrl":"https:\/\/infinitteurope.com\/wp-content\/uploads\/2024\/07\/ieu_logo_blue-bg-white.jpg","width":600,"height":600,"caption":"Infinitt Europe GmbH"},"image":{"@id":"https:\/\/infinitteurope.com\/pl\/#\/schema\/logo\/image\/"}}]}},"_links":{"self":[{"href":"https:\/\/infinitteurope.com\/pl\/wp-json\/wp\/v2\/pages\/5703","targetHints":{"allow":["GET"]}}],"collection":[{"href":"https:\/\/infinitteurope.com\/pl\/wp-json\/wp\/v2\/pages"}],"about":[{"href":"https:\/\/infinitteurope.com\/pl\/wp-json\/wp\/v2\/types\/page"}],"author":[{"embeddable":true,"href":"https:\/\/infinitteurope.com\/pl\/wp-json\/wp\/v2\/users\/1"}],"replies":[{"embeddable":true,"href":"https:\/\/infinitteurope.com\/pl\/wp-json\/wp\/v2\/comments?post=5703"}],"version-history":[{"count":1,"href":"https:\/\/infinitteurope.com\/pl\/wp-json\/wp\/v2\/pages\/5703\/revisions"}],"predecessor-version":[{"id":7228,"href":"https:\/\/infinitteurope.com\/pl\/wp-json\/wp\/v2\/pages\/5703\/revisions\/7228"}],"wp:attachment":[{"href":"https:\/\/infinitteurope.com\/pl\/wp-json\/wp\/v2\/media?parent=5703"}],"curies":[{"name":"wp","href":"https:\/\/api.w.org\/{rel}","templated":true}]}}