{"id":5775,"date":"2024-07-01T09:32:17","date_gmt":"2024-07-01T07:32:17","guid":{"rendered":"https:\/\/infinitteurope.com\/nadruk\/"},"modified":"2025-08-15T09:02:01","modified_gmt":"2025-08-15T07:02:01","slug":"nadruk","status":"publish","type":"page","link":"https:\/\/infinitteurope.com\/pl\/nadruk\/","title":{"rendered":"Nadruk"},"content":{"rendered":"<div id='av_section_1'  class='avia-section av-ly2nwoln-04b2323e76e6b0d3f1ec055bfedbe891 main_color avia-section-huge avia-no-border-styling  avia-builder-el-0  avia-builder-el-no-sibling  avia-bg-style-scroll container_wrap fullsize'  ><div class='container av-section-cont-open' ><main  role=\"main\" itemprop=\"mainContentOfPage\"  class='template-page content  av-content-full alpha units'><div class='post-entry post-entry-type-page post-entry-5775'><div class='entry-content-wrapper clearfix'>\r\n\r\n<div  class='flex_column av-20ef1y-c247ff3a9e2f1f30d3cda93ba9838c96 av_one_full  avia-builder-el-1  avia-builder-el-no-sibling  first flex_column_div  '     ><style type=\"text\/css\" data-created_by=\"avia_inline_auto\" id=\"style-css-av-ly2nw719-cc694b8aa05ab1c7e0088d9e7c77a43c\">\n#top .av-special-heading.av-ly2nw719-cc694b8aa05ab1c7e0088d9e7c77a43c{\npadding-bottom:10px;\n}\nbody .av-special-heading.av-ly2nw719-cc694b8aa05ab1c7e0088d9e7c77a43c .av-special-heading-tag .heading-char{\nfont-size:25px;\n}\n.av-special-heading.av-ly2nw719-cc694b8aa05ab1c7e0088d9e7c77a43c .av-subheading{\nfont-size:15px;\n}\n<\/style>\n<div  class='av-special-heading av-ly2nw719-cc694b8aa05ab1c7e0088d9e7c77a43c av-special-heading-h1 blockquote modern-quote  avia-builder-el-2  el_before_av_textblock  avia-builder-el-first '><h1 class='av-special-heading-tag'  itemprop=\"headline\"  >Nadruk<\/h1><div class=\"special-heading-border\"><div class=\"special-heading-inner-border\"><\/div><\/div><\/div>\n<section  class='av_textblock_section av-ly2nwhep-d65ec1aed9edcdfb27648635c4400e4d '   itemscope=\"itemscope\" itemtype=\"https:\/\/schema.org\/CreativeWork\" ><div class='avia_textblock'  itemprop=\"text\" ><p>INFINITT Europe GmbH<br \/>\nGaugrafenstra\u00dfe 34<br \/>\n60489 Frankfurt am Main<br \/>\nRejestr handlowy: HRB 85551<br \/>\nS\u0105d rejestrowy: S\u0105d rejonowy we Frankfurcie nad Menem<\/p>\n<p><strong>Reprezentowany przez:<br \/>\n<\/strong>Kun Hong Lim<\/p>\n<h2>Skontaktuj si\u0119 z nami<\/h2>\n<p>Telefon: +49 (0) 69 583 000 200<br \/>\nFaks: +49 (0) 69 583 000 299<br \/>\nE-mail: info@infinitteu.com<\/p>\n<h2>Identyfikator podatkowy sprzeda\u017cy<\/h2>\n<p>Numer identyfikacji podatkowej zgodnie z \u00a7 27 ustawy o podatku od sprzeda\u017cy: DE 265062399<\/p>\n<h2>Odpowiedzialno\u015b\u0107 redakcyjna<\/h2>\n<p>Gabriela Sch\u00fctte<br \/>\nGaugrafenstra\u00dfe 34<br \/>\n60489 Frankfurt nad Menem<\/p>\n<h2>Rozstrzyganie spor\u00f3w konsumenckich\/uniwersalne centrum arbitra\u017cowe<\/h2>\n<p>Nie jeste\u015bmy sk\u0142onni ani zobowi\u0105zani do udzia\u0142u w post\u0119powaniu rozstrzygaj\u0105cym spory przed komisj\u0105 arbitra\u017cow\u0105 ds. konsument\u00f3w.<\/p>\n<h2>Realizacja<\/h2>\n<p>ECONSOR |<br \/>\n<a title=\"Agencja WordPress w Heilbronn\" href=\"https:\/\/www.econsor.de\/wordpress\/wordpress-agentur-frankfurt\" target=\"_blank\" rel=\"noopener\">Agencja WordPress we Frankfurcie<\/a><br \/>\nTaunusanlage 8 60329 Frankfurt nad Menem<br \/>\nTelefon: 069 \/ 24 7 49 58 &#8211; 40<br \/>\ninfo@econsor.de <a title=\"Agencja cyfrowa\" href=\"https:\/\/www.econsor.de\/\" target=\"_blank\" rel=\"noopener noreferrer\">www.econsor.de<\/a><\/p>\n<\/div><\/section><\/div>","protected":false},"excerpt":{"rendered":"","protected":false},"author":1,"featured_media":0,"parent":0,"menu_order":0,"comment_status":"closed","ping_status":"closed","template":"","meta":{"_acf_changed":false,"footnotes":""},"class_list":["post-5775","page","type-page","status-publish","hentry"],"acf":[],"yoast_head":"<!-- This site is optimized with the Yoast SEO plugin v27.3 - https:\/\/yoast.com\/product\/yoast-seo-wordpress\/ -->\n<title>Nadruk - infinitteurope<\/title>\n<meta name=\"robots\" content=\"index, follow, max-snippet:-1, max-image-preview:large, max-video-preview:-1\" \/>\n<link rel=\"canonical\" href=\"https:\/\/infinitteurope.com\/pl\/nadruk\/\" \/>\n<meta property=\"og:locale\" content=\"pl_PL\" \/>\n<meta property=\"og:type\" content=\"article\" \/>\n<meta property=\"og:title\" content=\"Nadruk - infinitteurope\" \/>\n<meta property=\"og:url\" content=\"https:\/\/infinitteurope.com\/pl\/nadruk\/\" \/>\n<meta property=\"og:site_name\" content=\"infinitteurope\" \/>\n<meta property=\"article:modified_time\" content=\"2025-08-15T07:02:01+00:00\" \/>\n<meta name=\"twitter:card\" content=\"summary_large_image\" \/>\n<meta name=\"twitter:label1\" content=\"Szacowany czas czytania\" \/>\n\t<meta name=\"twitter:data1\" content=\"1 minuta\" \/>\n<script type=\"application\/ld+json\" class=\"yoast-schema-graph\">{\"@context\":\"https:\\\/\\\/schema.org\",\"@graph\":[{\"@type\":\"WebPage\",\"@id\":\"https:\\\/\\\/infinitteurope.com\\\/pl\\\/nadruk\\\/\",\"url\":\"https:\\\/\\\/infinitteurope.com\\\/pl\\\/nadruk\\\/\",\"name\":\"Nadruk - infinitteurope\",\"isPartOf\":{\"@id\":\"https:\\\/\\\/infinitteurope.com\\\/pl\\\/#website\"},\"datePublished\":\"2024-07-01T07:32:17+00:00\",\"dateModified\":\"2025-08-15T07:02:01+00:00\",\"breadcrumb\":{\"@id\":\"https:\\\/\\\/infinitteurope.com\\\/pl\\\/nadruk\\\/#breadcrumb\"},\"inLanguage\":\"pl-PL\",\"potentialAction\":[{\"@type\":\"ReadAction\",\"target\":[\"https:\\\/\\\/infinitteurope.com\\\/pl\\\/nadruk\\\/\"]}]},{\"@type\":\"BreadcrumbList\",\"@id\":\"https:\\\/\\\/infinitteurope.com\\\/pl\\\/nadruk\\\/#breadcrumb\",\"itemListElement\":[{\"@type\":\"ListItem\",\"position\":1,\"name\":\"Startseite\",\"item\":\"https:\\\/\\\/infinitteurope.com\\\/pl\\\/\"},{\"@type\":\"ListItem\",\"position\":2,\"name\":\"Nadruk\"}]},{\"@type\":\"WebSite\",\"@id\":\"https:\\\/\\\/infinitteurope.com\\\/pl\\\/#website\",\"url\":\"https:\\\/\\\/infinitteurope.com\\\/pl\\\/\",\"name\":\"infinitteurope\",\"description\":\"\",\"publisher\":{\"@id\":\"https:\\\/\\\/infinitteurope.com\\\/pl\\\/#organization\"},\"potentialAction\":[{\"@type\":\"SearchAction\",\"target\":{\"@type\":\"EntryPoint\",\"urlTemplate\":\"https:\\\/\\\/infinitteurope.com\\\/pl\\\/?s={search_term_string}\"},\"query-input\":{\"@type\":\"PropertyValueSpecification\",\"valueRequired\":true,\"valueName\":\"search_term_string\"}}],\"inLanguage\":\"pl-PL\"},{\"@type\":\"Organization\",\"@id\":\"https:\\\/\\\/infinitteurope.com\\\/pl\\\/#organization\",\"name\":\"Infinitt Europe GmbH\",\"url\":\"https:\\\/\\\/infinitteurope.com\\\/pl\\\/\",\"logo\":{\"@type\":\"ImageObject\",\"inLanguage\":\"pl-PL\",\"@id\":\"https:\\\/\\\/infinitteurope.com\\\/pl\\\/#\\\/schema\\\/logo\\\/image\\\/\",\"url\":\"https:\\\/\\\/infinitteurope.com\\\/wp-content\\\/uploads\\\/2024\\\/07\\\/ieu_logo_blue-bg-white.jpg\",\"contentUrl\":\"https:\\\/\\\/infinitteurope.com\\\/wp-content\\\/uploads\\\/2024\\\/07\\\/ieu_logo_blue-bg-white.jpg\",\"width\":600,\"height\":600,\"caption\":\"Infinitt Europe GmbH\"},\"image\":{\"@id\":\"https:\\\/\\\/infinitteurope.com\\\/pl\\\/#\\\/schema\\\/logo\\\/image\\\/\"}}]}<\/script>\n<!-- \/ Yoast SEO plugin. -->","yoast_head_json":{"title":"Nadruk - infinitteurope","robots":{"index":"index","follow":"follow","max-snippet":"max-snippet:-1","max-image-preview":"max-image-preview:large","max-video-preview":"max-video-preview:-1"},"canonical":"https:\/\/infinitteurope.com\/pl\/nadruk\/","og_locale":"pl_PL","og_type":"article","og_title":"Nadruk - infinitteurope","og_url":"https:\/\/infinitteurope.com\/pl\/nadruk\/","og_site_name":"infinitteurope","article_modified_time":"2025-08-15T07:02:01+00:00","twitter_card":"summary_large_image","twitter_misc":{"Szacowany czas czytania":"1 minuta"},"schema":{"@context":"https:\/\/schema.org","@graph":[{"@type":"WebPage","@id":"https:\/\/infinitteurope.com\/pl\/nadruk\/","url":"https:\/\/infinitteurope.com\/pl\/nadruk\/","name":"Nadruk - infinitteurope","isPartOf":{"@id":"https:\/\/infinitteurope.com\/pl\/#website"},"datePublished":"2024-07-01T07:32:17+00:00","dateModified":"2025-08-15T07:02:01+00:00","breadcrumb":{"@id":"https:\/\/infinitteurope.com\/pl\/nadruk\/#breadcrumb"},"inLanguage":"pl-PL","potentialAction":[{"@type":"ReadAction","target":["https:\/\/infinitteurope.com\/pl\/nadruk\/"]}]},{"@type":"BreadcrumbList","@id":"https:\/\/infinitteurope.com\/pl\/nadruk\/#breadcrumb","itemListElement":[{"@type":"ListItem","position":1,"name":"Startseite","item":"https:\/\/infinitteurope.com\/pl\/"},{"@type":"ListItem","position":2,"name":"Nadruk"}]},{"@type":"WebSite","@id":"https:\/\/infinitteurope.com\/pl\/#website","url":"https:\/\/infinitteurope.com\/pl\/","name":"infinitteurope","description":"","publisher":{"@id":"https:\/\/infinitteurope.com\/pl\/#organization"},"potentialAction":[{"@type":"SearchAction","target":{"@type":"EntryPoint","urlTemplate":"https:\/\/infinitteurope.com\/pl\/?s={search_term_string}"},"query-input":{"@type":"PropertyValueSpecification","valueRequired":true,"valueName":"search_term_string"}}],"inLanguage":"pl-PL"},{"@type":"Organization","@id":"https:\/\/infinitteurope.com\/pl\/#organization","name":"Infinitt Europe GmbH","url":"https:\/\/infinitteurope.com\/pl\/","logo":{"@type":"ImageObject","inLanguage":"pl-PL","@id":"https:\/\/infinitteurope.com\/pl\/#\/schema\/logo\/image\/","url":"https:\/\/infinitteurope.com\/wp-content\/uploads\/2024\/07\/ieu_logo_blue-bg-white.jpg","contentUrl":"https:\/\/infinitteurope.com\/wp-content\/uploads\/2024\/07\/ieu_logo_blue-bg-white.jpg","width":600,"height":600,"caption":"Infinitt Europe GmbH"},"image":{"@id":"https:\/\/infinitteurope.com\/pl\/#\/schema\/logo\/image\/"}}]}},"_links":{"self":[{"href":"https:\/\/infinitteurope.com\/pl\/wp-json\/wp\/v2\/pages\/5775","targetHints":{"allow":["GET"]}}],"collection":[{"href":"https:\/\/infinitteurope.com\/pl\/wp-json\/wp\/v2\/pages"}],"about":[{"href":"https:\/\/infinitteurope.com\/pl\/wp-json\/wp\/v2\/types\/page"}],"author":[{"embeddable":true,"href":"https:\/\/infinitteurope.com\/pl\/wp-json\/wp\/v2\/users\/1"}],"replies":[{"embeddable":true,"href":"https:\/\/infinitteurope.com\/pl\/wp-json\/wp\/v2\/comments?post=5775"}],"version-history":[{"count":1,"href":"https:\/\/infinitteurope.com\/pl\/wp-json\/wp\/v2\/pages\/5775\/revisions"}],"predecessor-version":[{"id":8332,"href":"https:\/\/infinitteurope.com\/pl\/wp-json\/wp\/v2\/pages\/5775\/revisions\/8332"}],"wp:attachment":[{"href":"https:\/\/infinitteurope.com\/pl\/wp-json\/wp\/v2\/media?parent=5775"}],"curies":[{"name":"wp","href":"https:\/\/api.w.org\/{rel}","templated":true}]}}