{"id":5939,"date":"2024-06-25T14:17:54","date_gmt":"2024-06-25T12:17:54","guid":{"rendered":"https:\/\/infinitteurope.com\/szablon-zarzadzania-danymi-obrazow-medycznych\/"},"modified":"2024-07-29T10:02:50","modified_gmt":"2024-07-29T08:02:50","slug":"szablon-zarzadzania-danymi-obrazow-medycznych","status":"publish","type":"page","link":"https:\/\/infinitteurope.com\/pl\/szablon-zarzadzania-danymi-obrazow-medycznych\/","title":{"rendered":"Szablon zarz\u0105dzania danymi obraz\u00f3w medycznych"},"content":{"rendered":"<div id='av_section_1'  class='avia-section av-hg1757-2b94b7571e5dcf279c7ed5bd430fbcf8 main_color avia-section-default avia-no-border-styling  avia-builder-el-0  el_before_av_section  avia-builder-el-first  text-video avia-bg-style-scroll container_wrap fullsize'  ><div class='container av-section-cont-open' ><main  role=\"main\" itemprop=\"mainContentOfPage\"  class='template-page content  av-content-full alpha units'><div class='post-entry post-entry-type-page post-entry-5939'><div class='entry-content-wrapper clearfix'>\n<div  class='flex_column av-g2yngr-14a933014925279a7200e868dc75ddaa av_one_half  avia-builder-el-1  el_before_av_one_half  avia-builder-el-first  first flex_column_div  '     ><style type=\"text\/css\" data-created_by=\"avia_inline_auto\" id=\"style-css-av-ec6a0b-70f98a7f67216ce5b7210f547012b0fa\">\n#top .av-special-heading.av-ec6a0b-70f98a7f67216ce5b7210f547012b0fa{\npadding-bottom:10px;\n}\nbody .av-special-heading.av-ec6a0b-70f98a7f67216ce5b7210f547012b0fa .av-special-heading-tag .heading-char{\nfont-size:25px;\n}\n.av-special-heading.av-ec6a0b-70f98a7f67216ce5b7210f547012b0fa .av-subheading{\nfont-size:15px;\n}\n<\/style>\n<div  class='av-special-heading av-ec6a0b-70f98a7f67216ce5b7210f547012b0fa av-special-heading-h2  avia-builder-el-2  el_before_av_textblock  avia-builder-el-first '><h2 class='av-special-heading-tag'  itemprop=\"headline\"  >Zarz\u0105dzanie danymi obraz\u00f3w medycznych jest w naszym DNA<\/h2><div class=\"special-heading-border\"><div class=\"special-heading-inner-border\"><\/div><\/div><\/div>\n<section  class='av_textblock_section av-buebp7-8a1a5ccb574dd483bc4877b4d82cab13 '   itemscope=\"itemscope\" itemtype=\"https:\/\/schema.org\/CreativeWork\" ><div class='avia_textblock'  itemprop=\"text\" ><p>Od ponad 20 lat podstawow\u0105 kompetencj\u0105 INFINITT jest rozw\u00f3j oprogramowania do obrazowania diagnostycznego, dzi\u0119ki czemu ponad 6500 klient\u00f3w w ponad 55 krajach korzysta obecnie z innowacyjnych rozwi\u0105za\u0144 INFINITT.<br \/>\nZaufaj naszemu wieloletniemu do\u015bwiadczeniu i skorzystaj z naszych najwy\u017cszej klasy us\u0142ug.<\/p>\n<\/div><\/section>\n\n<style type=\"text\/css\" data-created_by=\"avia_inline_auto\" id=\"style-css-av-ly4l90f0-5833d5838976f9c4f1d2d3b2481830bd\">\n#top .togglecontainer.av-ly4l90f0-5833d5838976f9c4f1d2d3b2481830bd p.toggler{\ncolor:#000000;\nborder-color:#000000;\n}\n#top .togglecontainer.av-ly4l90f0-5833d5838976f9c4f1d2d3b2481830bd p.toggler .toggle_icon{\ncolor:#0060a5;\nborder-color:#0060a5;\n}\n#top .togglecontainer.av-ly4l90f0-5833d5838976f9c4f1d2d3b2481830bd p.toggler .toggle_icon > span{\ncolor:#0060a5;\nborder-color:#0060a5;\n}\n#top .togglecontainer.av-ly4l90f0-5833d5838976f9c4f1d2d3b2481830bd p.toggler.activeTitle .toggle_icon, #top .togglecontainer.av-ly4l90f0-5833d5838976f9c4f1d2d3b2481830bd p.toggler.activeTitle .toggle_icon > span{\ncolor:#72246c;\nborder-color:#72246c;\n}\n#top .togglecontainer.av-ly4l90f0-5833d5838976f9c4f1d2d3b2481830bd .toggle_wrap .toggle_content{\ncolor:#000000;\nborder-color:#000000;\n}\n<\/style>\n<div  class='togglecontainer av-ly4l90f0-5833d5838976f9c4f1d2d3b2481830bd  avia-builder-el-4  el_after_av_textblock  avia-builder-el-last '  itemscope=\"itemscope\" itemtype=\"https:\/\/schema.org\/FAQPage\" >\n<section class='av_toggle_section av-5mihdn-3884fe04a0cd7367fb209a7f0f3fa449'  itemscope=\"itemscope\" itemprop=\"mainEntity\" itemtype=\"https:\/\/schema.org\/Question\" ><div role=\"tablist\" class=\"single_toggle\" data-tags=\"{Wszystko} \"  ><p data-fake-id='#toggle-id-1' class='toggler  activeTitle av-inherit-border-color'  itemprop=\"name\"  role='tab' tabindex='0' aria-controls='toggle-id-1'>Oferujemy niestandardowe rozwi\u0105zania programowe, kt\u00f3re s\u0105 konsekwentnie dostosowywane do Twoich potrzeb<span class=\"toggle_icon\"><span class=\"vert_icon\"><\/span><span class=\"hor_icon\"><\/span><\/span><\/p><div id='toggle-id-1' class='toggle_wrap  active_tc' style='display:block;'  itemscope=\"itemscope\" itemprop=\"acceptedAnswer\" itemtype=\"https:\/\/schema.org\/Answer\" ><div class='toggle_content invers-color av-inherit-border-color'  itemprop=\"text\" ><p>Rozwi\u0105zania INFINITT do obrazowania medycznego s\u0105 wiod\u0105ce pod wzgl\u0119dem technologicznym i imponuj\u0105 wysok\u0105 u\u017cyteczno\u015bci\u0105, zoptymalizowanymi przep\u0142ywami pracy i wsparciem sztucznej inteligencji.<br \/>\nWdra\u017camy nasze rozwi\u0105zania w spos\u00f3b indywidualny i dostosowany do potrzeb klienta, zapewniaj\u0105c profesjonalne wsparcie przez ca\u0142y cykl \u017cycia produktu.<br \/>\nPodczas opracowywania produkt\u00f3w przywi\u0105zujemy du\u017c\u0105 wag\u0119 do funkcji produktu, kt\u00f3re wspieraj\u0105 precyzyjn\u0105 i szybk\u0105 diagnoz\u0119, a tym samym przyczyniaj\u0105 si\u0119 do optymalnego leczenia pacjent\u00f3w.<br \/>\nNasze rozwi\u0105zania w zakresie obrazowania dostosowuj\u0105 si\u0119 do struktur Twojej praktyki lub \u015brodowiska kliniki i mo\u017cna je \u0142atwo rozszerzy\u0107 o nowe urz\u0105dzenia, dodatkowe oddzia\u0142y i lokalizacje.<\/p>\n<\/div><\/div><\/div><\/section>\n<section class='av_toggle_section av-4bdlez-bf4721dcfadbdedb8caa2ed8a2dee6ca'  itemscope=\"itemscope\" itemprop=\"mainEntity\" itemtype=\"https:\/\/schema.org\/Question\" ><div role=\"tablist\" class=\"single_toggle\" data-tags=\"{Wszystko} \"  ><p data-fake-id='#toggle-id-2' class='toggler   av-inherit-border-color'  itemprop=\"name\"  role='tab' tabindex='0' aria-controls='toggle-id-2'>Nasze us\u0142ugi nie ko\u0144cz\u0105 si\u0119 na Twojej satysfakcji<span class=\"toggle_icon\"><span class=\"vert_icon\"><\/span><span class=\"hor_icon\"><\/span><\/span><\/p><div id='toggle-id-2' class='toggle_wrap  '   itemscope=\"itemscope\" itemprop=\"acceptedAnswer\" itemtype=\"https:\/\/schema.org\/Answer\" ><div class='toggle_content invers-color av-inherit-border-color'  itemprop=\"text\" ><p>Ca\u0142y zesp\u00f3\u0142 INFINITT Europe pracuje z do\u015bwiadczeniem i pasj\u0105 ka\u017cdego dnia, aby zapewni\u0107 naszym klientom najlepsz\u0105 obs\u0142ug\u0119 i wsparcie w celu wspierania optymalnej opieki medycznej dla pacjent\u00f3w.<\/p>\n<\/div><\/div><\/div><\/section>\n<section class='av_toggle_section av-381hh7-2b741d9376b30b18987a771571147d54'  itemscope=\"itemscope\" itemprop=\"mainEntity\" itemtype=\"https:\/\/schema.org\/Question\" ><div role=\"tablist\" class=\"single_toggle\" data-tags=\"{Wszystko} \"  ><p data-fake-id='#toggle-id-3' class='toggler   av-inherit-border-color'  itemprop=\"name\"  role='tab' tabindex='0' aria-controls='toggle-id-3'>INFINITT jest wiod\u0105cym globalnym i bezpiecznym dostawc\u0105 oprogramowania do obrazowania medycznego<span class=\"toggle_icon\"><span class=\"vert_icon\"><\/span><span class=\"hor_icon\"><\/span><\/span><\/p><div id='toggle-id-3' class='toggle_wrap  '   itemscope=\"itemscope\" itemprop=\"acceptedAnswer\" itemtype=\"https:\/\/schema.org\/Answer\" ><div class='toggle_content invers-color av-inherit-border-color'  itemprop=\"text\" ><p>Jako pionier PACS, INFINITT opracowuje rozwi\u0105zania informatyczne do zarz\u0105dzania obrazami i danymi w radiologii od 2002 roku.<br \/>\nOd samego pocz\u0105tku INFINITT koncentrowa\u0142 si\u0119 na oprogramowaniu do obrazowania diagnostycznego.<br \/>\nZ biegiem lat firma zbudowa\u0142a unikalne kompetencje rynkowe i produktowe, a tak\u017ce wiedz\u0119 specjalistyczn\u0105 w powi\u0105zanych obszarach, takich jak bezpiecze\u0144stwo IT.<\/p>\n<\/div><\/div><\/div><\/section>\n<\/div><\/div><div  class='flex_column av-49pkx7-b36f9cb83aa853e229e8bb4ff9b3e86f av_one_half  avia-builder-el-5  el_after_av_one_half  avia-builder-el-last  flex_column_div  '     ><style type=\"text\/css\" data-created_by=\"avia_inline_auto\" id=\"style-css-av-2kaxl7-c6f7c6b1504afc2f1019d51696655728\">\n.avia-video.av-2kaxl7-c6f7c6b1504afc2f1019d51696655728{\nbackground-image:url(https:\/\/infinitteurope.com\/wp-content\/uploads\/2024\/07\/Video-Vorschau-Website.png);\n}\n<\/style>\n<div  class='avia-video av-2kaxl7-c6f7c6b1504afc2f1019d51696655728 avia-video-16-9 av-preview-image avia-video-load-always avia-video-html5'  itemprop=\"video\" itemtype=\"https:\/\/schema.org\/VideoObject\"  data-original_url='https:\/\/infinitteurope.com\/wp-content\/uploads\/2024\/01\/INFINITT-Healthcare-corporate-video-ENG.mp4'><video class='avia_video' poster=\"https:\/\/infinitteurope.com\/wp-content\/uploads\/2024\/07\/Video-Vorschau-Website.png\"   preload=\"auto\"  controls id='player_5939_1043455840_286354462'><source src='https:\/\/infinitteurope.com\/wp-content\/uploads\/2024\/01\/INFINITT-Healthcare-corporate-video-ENG.mp4' type='video\/mp4' \/><\/video><\/div><\/div>\n<\/div><\/div><\/main><!-- close content main element --><\/div><\/div><div id='av_section_2'  class='avia-section av-bzc0az-290bc070bf962b3daf75a7ec5ac689ed main_color avia-section-default avia-no-border-styling  avia-builder-el-7  el_after_av_section  avia-builder-el-last  partner-slider avia-bg-style-scroll container_wrap fullsize'  ><div class='container av-section-cont-open' ><div class='template-page content  av-content-full alpha units'><div class='post-entry post-entry-type-page post-entry-5939'><div class='entry-content-wrapper clearfix'>\n<div  class='flex_column av-avxjhn-f70315ab33d1dfd4af3f95dbb346f6cd av_one_full  avia-builder-el-8  avia-builder-el-no-sibling  first flex_column_div  '     ><div class='slider-div-wrapper' style='visibility:hidden'><div id='splide-contentslider-85244573' class='splides-slider   avia-builder-el-9  avia-builder-el-no-sibling  partner-slider-full ' data-splide='{\"focus\":2,\n\t            \t\t\t\t\t\"type\":\"loop\",\n\t            \t\t\t\t\t\"perMove\":1,\n\t            \t\t\t\t\t\"pagination\":false,\n\t            \t\t\t\t\t\"gap\":\"50px\",\n\t            \t\t\t\t\t\"perPage\":6,\n\t\t\t\t\t\t\t\t\t\"breakpoints\": {\"1440\": {\n                                            \"perPage\": \"3\"\n                                        },\"1024\": {\n                                            \"perPage\": \"2\"\n                                        },\"768\": {\n                                        \"perPage\": \"1\"\n                                        }} \n        }'><div class='splide__track'><ul class='splide__list'><li class='splide__slide slide-entry flex_column slide-width-1  only-image '   itemscope=\"itemscope\" itemtype=\"https:\/\/schema.org\/CreativeWork\" ><div class='background-contentslider' style='height:100%; background-size:cover;'><div class='product-img'><img src='https:\/\/infinitteurope.com\/wp-content\/uploads\/2024\/06\/Microsoft-Partner_2.png' class='slide-entry-img'><\/div><h3 class='slide-entry-title entry-title '  itemprop=\"headline\" >Microsoft<\/h3><\/div><\/li><li class='splide__slide slide-entry flex_column slide-width-1  only-image  only-image '   itemscope=\"itemscope\" itemtype=\"https:\/\/schema.org\/CreativeWork\" ><div class='background-contentslider' style='height:100%; background-size:cover;'><div class='product-img'><img src='https:\/\/infinitteurope.com\/wp-content\/uploads\/2024\/06\/LG_1.png' class='slide-entry-img'><\/div><h3 class='slide-entry-title entry-title '  itemprop=\"headline\" >LG<\/h3><\/div><\/li><li class='splide__slide slide-entry flex_column slide-width-1  only-image  only-image  only-image '   itemscope=\"itemscope\" itemtype=\"https:\/\/schema.org\/CreativeWork\" ><div class='background-contentslider' style='height:100%; background-size:cover;'><div class='product-img'><img src='https:\/\/infinitteurope.com\/wp-content\/uploads\/2024\/06\/EIZO.png' class='slide-entry-img'><\/div><h3 class='slide-entry-title entry-title '  itemprop=\"headline\" >Eizo<\/h3><\/div><\/li><li class='splide__slide slide-entry flex_column slide-width-1  only-image  only-image  only-image  only-image '   itemscope=\"itemscope\" itemtype=\"https:\/\/schema.org\/CreativeWork\" ><div class='background-contentslider' style='height:100%; background-size:cover;'><div class='product-img'><img src='https:\/\/infinitteurope.com\/wp-content\/uploads\/2024\/06\/BARCO_rgb_primarylogo_red-1.png' class='slide-entry-img'><\/div><h3 class='slide-entry-title entry-title '  itemprop=\"headline\" >Barco<\/h3><\/div><\/li><li class='splide__slide slide-entry flex_column slide-width-1  only-image  only-image  only-image  only-image  only-image '   itemscope=\"itemscope\" itemtype=\"https:\/\/schema.org\/CreativeWork\" ><div class='background-contentslider' style='height:100%; background-size:cover;'><div class='product-img'><img src='https:\/\/infinitteurope.com\/wp-content\/uploads\/2024\/06\/Oracle-Logo_40.png' class='slide-entry-img'><\/div><h3 class='slide-entry-title entry-title '  itemprop=\"headline\" >Oracle<\/h3><\/div><\/li><li class='splide__slide slide-entry flex_column slide-width-1  only-image  only-image  only-image  only-image  only-image  only-image '   itemscope=\"itemscope\" itemtype=\"https:\/\/schema.org\/CreativeWork\" ><div class='background-contentslider' style='height:100%; background-size:cover;'><div class='product-img'><img src='https:\/\/infinitteurope.com\/wp-content\/uploads\/2024\/07\/Evident_Logo_Color_40.png' class='slide-entry-img'><\/div><h3 class='slide-entry-title entry-title '  itemprop=\"headline\" >Oczywiste<\/h3><\/div><\/li><\/ul><\/div><\/div><\/div><script type=\"text\/javascript\">\n\t\t\t\t\t\t\t\tjQuery(window).on(\"load\",function() {\n\t\t\t\t\t\t\t\t\tvar splide85244573 = new Splide( \"#splide-contentslider-85244573\" );\n\n\t\t\t\t\t\t\t\t\tsplide85244573.on( \"mounted\", function () {\n\t\t\t\t\t\t\t\t\t\tjQuery(\"#splide-contentslider-85244573\").parent()\n\t\t\t\t\t\t\t\t\t\t\t\t.css(\"visibility\",\"visible\")\n\t\t\t\t\t\t\t\t\t\t\t\t.hide()\n\t\t\t\t\t\t\t\t\t\t\t\t.slideDown(1300,\"swing\")\n\t\t\t\t\t\t\t\t\t\t\t\t.css(\"opacity\",0)\n\t\t\t\t\t\t\t\t\t\t\t\t.animate(\n\t\t\t\t\t\t\t\t\t\t\t\t\t{ opacity:1 },\n    \t\t\t\t\t\t\t\t\t\t\t{ queue: false, duration: 1300 }\n  \t\t\t\t\t\t\t\t\t\t\t);\n\t\t\t\t\t\t\t\t\t} );\n\n\t\t\t\t\t\t\t\t\tsplide85244573.mount();\n\n                                    \n\n\n\n\t\t\t\t\t\t\t\t});\n\t\t\t\t\t\t<\/script><\/div>\n\n\n","protected":false},"excerpt":{"rendered":"","protected":false},"author":1,"featured_media":0,"parent":0,"menu_order":0,"comment_status":"closed","ping_status":"closed","template":"","meta":{"_acf_changed":false,"footnotes":""},"class_list":["post-5939","page","type-page","status-publish","hentry"],"acf":[],"yoast_head":"<!-- This site is optimized with the Yoast SEO plugin v27.4 - https:\/\/yoast.com\/product\/yoast-seo-wordpress\/ -->\n<title>Szablon zarz\u0105dzania danymi obraz\u00f3w medycznych - infinitteurope<\/title>\n<meta name=\"robots\" content=\"index, follow, max-snippet:-1, max-image-preview:large, max-video-preview:-1\" \/>\n<link rel=\"canonical\" href=\"https:\/\/infinitteurope.com\/pl\/szablon-zarzadzania-danymi-obrazow-medycznych\/\" \/>\n<meta property=\"og:locale\" content=\"pl_PL\" \/>\n<meta property=\"og:type\" content=\"article\" \/>\n<meta property=\"og:title\" content=\"Szablon zarz\u0105dzania danymi obraz\u00f3w medycznych - infinitteurope\" \/>\n<meta property=\"og:url\" content=\"https:\/\/infinitteurope.com\/pl\/szablon-zarzadzania-danymi-obrazow-medycznych\/\" \/>\n<meta property=\"og:site_name\" content=\"infinitteurope\" \/>\n<meta property=\"article:modified_time\" content=\"2024-07-29T08:02:50+00:00\" \/>\n<meta name=\"twitter:card\" content=\"summary_large_image\" \/>\n<meta name=\"twitter:label1\" content=\"Szacowany czas czytania\" \/>\n\t<meta name=\"twitter:data1\" content=\"17 minut\" \/>\n<script type=\"application\/ld+json\" class=\"yoast-schema-graph\">{\"@context\":\"https:\\\/\\\/schema.org\",\"@graph\":[{\"@type\":\"WebPage\",\"@id\":\"https:\\\/\\\/infinitteurope.com\\\/pl\\\/szablon-zarzadzania-danymi-obrazow-medycznych\\\/\",\"url\":\"https:\\\/\\\/infinitteurope.com\\\/pl\\\/szablon-zarzadzania-danymi-obrazow-medycznych\\\/\",\"name\":\"Szablon zarz\u0105dzania danymi obraz\u00f3w medycznych - infinitteurope\",\"isPartOf\":{\"@id\":\"https:\\\/\\\/infinitteurope.com\\\/pl\\\/#website\"},\"datePublished\":\"2024-06-25T12:17:54+00:00\",\"dateModified\":\"2024-07-29T08:02:50+00:00\",\"breadcrumb\":{\"@id\":\"https:\\\/\\\/infinitteurope.com\\\/pl\\\/szablon-zarzadzania-danymi-obrazow-medycznych\\\/#breadcrumb\"},\"inLanguage\":\"pl-PL\",\"potentialAction\":[{\"@type\":\"ReadAction\",\"target\":[\"https:\\\/\\\/infinitteurope.com\\\/pl\\\/szablon-zarzadzania-danymi-obrazow-medycznych\\\/\"]}]},{\"@type\":\"BreadcrumbList\",\"@id\":\"https:\\\/\\\/infinitteurope.com\\\/pl\\\/szablon-zarzadzania-danymi-obrazow-medycznych\\\/#breadcrumb\",\"itemListElement\":[{\"@type\":\"ListItem\",\"position\":1,\"name\":\"Startseite\",\"item\":\"https:\\\/\\\/infinitteurope.com\\\/pl\\\/\"},{\"@type\":\"ListItem\",\"position\":2,\"name\":\"Szablon zarz\u0105dzania danymi obraz\u00f3w medycznych\"}]},{\"@type\":\"WebSite\",\"@id\":\"https:\\\/\\\/infinitteurope.com\\\/pl\\\/#website\",\"url\":\"https:\\\/\\\/infinitteurope.com\\\/pl\\\/\",\"name\":\"infinitteurope\",\"description\":\"\",\"publisher\":{\"@id\":\"https:\\\/\\\/infinitteurope.com\\\/pl\\\/#organization\"},\"potentialAction\":[{\"@type\":\"SearchAction\",\"target\":{\"@type\":\"EntryPoint\",\"urlTemplate\":\"https:\\\/\\\/infinitteurope.com\\\/pl\\\/?s={search_term_string}\"},\"query-input\":{\"@type\":\"PropertyValueSpecification\",\"valueRequired\":true,\"valueName\":\"search_term_string\"}}],\"inLanguage\":\"pl-PL\"},{\"@type\":\"Organization\",\"@id\":\"https:\\\/\\\/infinitteurope.com\\\/pl\\\/#organization\",\"name\":\"Infinitt Europe GmbH\",\"url\":\"https:\\\/\\\/infinitteurope.com\\\/pl\\\/\",\"logo\":{\"@type\":\"ImageObject\",\"inLanguage\":\"pl-PL\",\"@id\":\"https:\\\/\\\/infinitteurope.com\\\/pl\\\/#\\\/schema\\\/logo\\\/image\\\/\",\"url\":\"https:\\\/\\\/infinitteurope.com\\\/wp-content\\\/uploads\\\/2024\\\/07\\\/ieu_logo_blue-bg-white.jpg\",\"contentUrl\":\"https:\\\/\\\/infinitteurope.com\\\/wp-content\\\/uploads\\\/2024\\\/07\\\/ieu_logo_blue-bg-white.jpg\",\"width\":600,\"height\":600,\"caption\":\"Infinitt Europe GmbH\"},\"image\":{\"@id\":\"https:\\\/\\\/infinitteurope.com\\\/pl\\\/#\\\/schema\\\/logo\\\/image\\\/\"}}]}<\/script>\n<!-- \/ Yoast SEO plugin. -->","yoast_head_json":{"title":"Szablon zarz\u0105dzania danymi obraz\u00f3w medycznych - infinitteurope","robots":{"index":"index","follow":"follow","max-snippet":"max-snippet:-1","max-image-preview":"max-image-preview:large","max-video-preview":"max-video-preview:-1"},"canonical":"https:\/\/infinitteurope.com\/pl\/szablon-zarzadzania-danymi-obrazow-medycznych\/","og_locale":"pl_PL","og_type":"article","og_title":"Szablon zarz\u0105dzania danymi obraz\u00f3w medycznych - infinitteurope","og_url":"https:\/\/infinitteurope.com\/pl\/szablon-zarzadzania-danymi-obrazow-medycznych\/","og_site_name":"infinitteurope","article_modified_time":"2024-07-29T08:02:50+00:00","twitter_card":"summary_large_image","twitter_misc":{"Szacowany czas czytania":"17 minut"},"schema":{"@context":"https:\/\/schema.org","@graph":[{"@type":"WebPage","@id":"https:\/\/infinitteurope.com\/pl\/szablon-zarzadzania-danymi-obrazow-medycznych\/","url":"https:\/\/infinitteurope.com\/pl\/szablon-zarzadzania-danymi-obrazow-medycznych\/","name":"Szablon zarz\u0105dzania danymi obraz\u00f3w medycznych - infinitteurope","isPartOf":{"@id":"https:\/\/infinitteurope.com\/pl\/#website"},"datePublished":"2024-06-25T12:17:54+00:00","dateModified":"2024-07-29T08:02:50+00:00","breadcrumb":{"@id":"https:\/\/infinitteurope.com\/pl\/szablon-zarzadzania-danymi-obrazow-medycznych\/#breadcrumb"},"inLanguage":"pl-PL","potentialAction":[{"@type":"ReadAction","target":["https:\/\/infinitteurope.com\/pl\/szablon-zarzadzania-danymi-obrazow-medycznych\/"]}]},{"@type":"BreadcrumbList","@id":"https:\/\/infinitteurope.com\/pl\/szablon-zarzadzania-danymi-obrazow-medycznych\/#breadcrumb","itemListElement":[{"@type":"ListItem","position":1,"name":"Startseite","item":"https:\/\/infinitteurope.com\/pl\/"},{"@type":"ListItem","position":2,"name":"Szablon zarz\u0105dzania danymi obraz\u00f3w medycznych"}]},{"@type":"WebSite","@id":"https:\/\/infinitteurope.com\/pl\/#website","url":"https:\/\/infinitteurope.com\/pl\/","name":"infinitteurope","description":"","publisher":{"@id":"https:\/\/infinitteurope.com\/pl\/#organization"},"potentialAction":[{"@type":"SearchAction","target":{"@type":"EntryPoint","urlTemplate":"https:\/\/infinitteurope.com\/pl\/?s={search_term_string}"},"query-input":{"@type":"PropertyValueSpecification","valueRequired":true,"valueName":"search_term_string"}}],"inLanguage":"pl-PL"},{"@type":"Organization","@id":"https:\/\/infinitteurope.com\/pl\/#organization","name":"Infinitt Europe GmbH","url":"https:\/\/infinitteurope.com\/pl\/","logo":{"@type":"ImageObject","inLanguage":"pl-PL","@id":"https:\/\/infinitteurope.com\/pl\/#\/schema\/logo\/image\/","url":"https:\/\/infinitteurope.com\/wp-content\/uploads\/2024\/07\/ieu_logo_blue-bg-white.jpg","contentUrl":"https:\/\/infinitteurope.com\/wp-content\/uploads\/2024\/07\/ieu_logo_blue-bg-white.jpg","width":600,"height":600,"caption":"Infinitt Europe GmbH"},"image":{"@id":"https:\/\/infinitteurope.com\/pl\/#\/schema\/logo\/image\/"}}]}},"_links":{"self":[{"href":"https:\/\/infinitteurope.com\/pl\/wp-json\/wp\/v2\/pages\/5939","targetHints":{"allow":["GET"]}}],"collection":[{"href":"https:\/\/infinitteurope.com\/pl\/wp-json\/wp\/v2\/pages"}],"about":[{"href":"https:\/\/infinitteurope.com\/pl\/wp-json\/wp\/v2\/types\/page"}],"author":[{"embeddable":true,"href":"https:\/\/infinitteurope.com\/pl\/wp-json\/wp\/v2\/users\/1"}],"replies":[{"embeddable":true,"href":"https:\/\/infinitteurope.com\/pl\/wp-json\/wp\/v2\/comments?post=5939"}],"version-history":[{"count":1,"href":"https:\/\/infinitteurope.com\/pl\/wp-json\/wp\/v2\/pages\/5939\/revisions"}],"predecessor-version":[{"id":5946,"href":"https:\/\/infinitteurope.com\/pl\/wp-json\/wp\/v2\/pages\/5939\/revisions\/5946"}],"wp:attachment":[{"href":"https:\/\/infinitteurope.com\/pl\/wp-json\/wp\/v2\/media?parent=5939"}],"curies":[{"name":"wp","href":"https:\/\/api.w.org\/{rel}","templated":true}]}}