{"id":5959,"date":"2023-11-21T15:43:55","date_gmt":"2023-11-21T14:43:55","guid":{"rendered":"https:\/\/infinitteurope.com\/szablon-kontaktu\/"},"modified":"2025-05-28T14:31:58","modified_gmt":"2025-05-28T12:31:58","slug":"szablon-kontaktu","status":"publish","type":"page","link":"https:\/\/infinitteurope.com\/pl\/szablon-kontaktu\/","title":{"rendered":"Szablon kontaktu"},"content":{"rendered":"<div id='av_section_1'  class='avia-section av-1ezw2c-75881ba7301d37af1347681aa2addc60 main_color avia-section-default avia-no-border-styling  avia-builder-el-0  avia-builder-el-no-sibling  contact-sektion avia-bg-style-scroll container_wrap fullsize'  ><div class='container av-section-cont-open' ><main  role=\"main\" itemprop=\"mainContentOfPage\"  class='template-page content  av-content-full alpha units'><div class='post-entry post-entry-type-page post-entry-5959'><div class='entry-content-wrapper clearfix'>\r\n\r\n<div class='flex_column_table av-1bgg3o-20e100cb70dc5da66a9d7bda090c0b39 sc-av_one_half av-equal-height-column-flextable'><div  class='flex_column av-1bgg3o-20e100cb70dc5da66a9d7bda090c0b39 av_one_half  avia-builder-el-1  el_before_av_one_half  avia-builder-el-first  contact-form-column first no_margin flex_column_table_cell av-equal-height-column av-align-top  '     ><style type=\"text\/css\" data-created_by=\"avia_inline_auto\" id=\"style-css-av-3gpp3o-cc24f66fa8c50f74d5f897de913f690f\">\n#top .av-special-heading.av-3gpp3o-cc24f66fa8c50f74d5f897de913f690f{\npadding-bottom:10px;\n}\nbody .av-special-heading.av-3gpp3o-cc24f66fa8c50f74d5f897de913f690f .av-special-heading-tag .heading-char{\nfont-size:25px;\n}\n.av-special-heading.av-3gpp3o-cc24f66fa8c50f74d5f897de913f690f .av-subheading{\nfont-size:15px;\n}\n<\/style>\n<div  class='av-special-heading av-3gpp3o-cc24f66fa8c50f74d5f897de913f690f av-special-heading-h3  avia-builder-el-2  el_before_av_textblock  avia-builder-el-first '><h3 class='av-special-heading-tag'  itemprop=\"headline\"  >Napisz do nas wiadomo\u015b\u0107<\/h3><div class=\"special-heading-border\"><div class=\"special-heading-inner-border\"><\/div><\/div><\/div>\n<section  class='av_textblock_section av-37aomk-3f7c63468bc16a878dee9ef783a83ff0 '   itemscope=\"itemscope\" itemtype=\"https:\/\/schema.org\/CreativeWork\" ><div class='avia_textblock'  itemprop=\"text\" ><p>Daj nam zna\u0107, jak mo\u017cemy Ci pom\u00f3c, a skontaktujemy si\u0119 z Tob\u0105 tak szybko, jak to mo\u017cliwe.<\/p>\n<\/div><\/section><\/div><div  class='flex_column av-v4z6k-0431833230aff03e83c71f36a72a15e3 av_one_half  avia-builder-el-5  el_after_av_one_half  avia-builder-el-last  contact-info-column no_margin flex_column_table_cell av-equal-height-column av-align-top  '     ><style type=\"text\/css\" data-created_by=\"avia_inline_auto\" id=\"style-css-av-lp8g1gwh-6ff7ceca7172db6a4365cb6e755bea68\">\n#top .av-special-heading.av-lp8g1gwh-6ff7ceca7172db6a4365cb6e755bea68{\npadding-bottom:10px;\n}\nbody .av-special-heading.av-lp8g1gwh-6ff7ceca7172db6a4365cb6e755bea68 .av-special-heading-tag .heading-char{\nfont-size:25px;\n}\n.av-special-heading.av-lp8g1gwh-6ff7ceca7172db6a4365cb6e755bea68 .av-subheading{\nfont-size:15px;\n}\n<\/style>\n<div  class='av-special-heading av-lp8g1gwh-6ff7ceca7172db6a4365cb6e755bea68 av-special-heading-h3  avia-builder-el-6  el_before_av_textblock  avia-builder-el-first '><h3 class='av-special-heading-tag'  itemprop=\"headline\"  >Wsparcie techniczne Polska<\/h3><div class=\"special-heading-border\"><div class=\"special-heading-inner-border\"><\/div><\/div><\/div>\n<section  class='av_textblock_section av-2x33lo-dda004a342a59491234a839e0b84836b '   itemscope=\"itemscope\" itemtype=\"https:\/\/schema.org\/CreativeWork\" ><div class='avia_textblock'  itemprop=\"text\" ><p>Jeste\u015b ju\u017c naszym klientem i masz problem techniczny?<br \/>\nNasi eksperci s\u0105 do Twojej dyspozycji!<\/p>\n<\/div><\/section>\n<div  class='avia-buttonrow-wrap av-m1em5uti-b573f4d6696d10efbf3aa7f188052483 avia-buttonrow-left  avia-builder-el-8  el_after_av_textblock  el_before_av_heading '>\n\n<style type=\"text\/css\" data-created_by=\"avia_inline_auto\" id=\"style-css-av-m1em5gia-1b9d46ddcaf3cd864694bf1468076722\">\n#top #wrap_all .avia-button.av-m1em5gia-1b9d46ddcaf3cd864694bf1468076722{\nmargin-bottom:5px;\nmargin-right:5px;\n}\n<\/style>\n<a href='mailto:support@infinitteu.com'  class='avia-button av-m1em5gia-1b9d46ddcaf3cd864694bf1468076722 avia-icon_select-yes-left-icon avia-size-small avia-color-light'  ><span class='avia_button_icon avia_button_icon_left ' aria-hidden='true' data-av_icon='\ue921' data-av_iconfont='infinitt-icons'><\/span><span class='avia_iconbox_title' >hd@grupaq.pl<\/span><\/a>\n\n<style type=\"text\/css\" data-created_by=\"avia_inline_auto\" id=\"style-css-av-m1em5tdj-374fd5f1d738290a1c9d5d1f0de6f76a\">\n#top #wrap_all .avia-button.av-m1em5tdj-374fd5f1d738290a1c9d5d1f0de6f76a{\nmargin-bottom:5px;\nmargin-right:5px;\n}\n<\/style>\n<a href='tel:+4969583000300'  class='avia-button av-m1em5tdj-374fd5f1d738290a1c9d5d1f0de6f76a avia-icon_select-yes-left-icon avia-size-small avia-color-light'  ><span class='avia_button_icon avia_button_icon_left ' aria-hidden='true' data-av_icon='\ue916' data-av_iconfont='infinitt-icons'><\/span><span class='avia_iconbox_title' >+48 663 336 962<\/span><\/a>\n<\/div>\n\n<style type=\"text\/css\" data-created_by=\"avia_inline_auto\" id=\"style-css-av-26rf38-282d395df2a85a75a69ad22f36970055\">\n#top .av-special-heading.av-26rf38-282d395df2a85a75a69ad22f36970055{\npadding-bottom:10px;\n}\nbody .av-special-heading.av-26rf38-282d395df2a85a75a69ad22f36970055 .av-special-heading-tag .heading-char{\nfont-size:25px;\n}\n.av-special-heading.av-26rf38-282d395df2a85a75a69ad22f36970055 .av-subheading{\nfont-size:15px;\n}\n<\/style>\n<div  class='av-special-heading av-26rf38-282d395df2a85a75a69ad22f36970055 av-special-heading-h3  avia-builder-el-9  el_after_av_buttonrow  el_before_av_textblock '><h3 class='av-special-heading-tag'  itemprop=\"headline\"  >Sprzeda\u017c Polska<\/h3><div class=\"special-heading-border\"><div class=\"special-heading-inner-border\"><\/div><\/div><\/div>\n<section  class='av_textblock_section av-av_textblock-3075de6d7c3e4cfd3ab9952a254a45ef '   itemscope=\"itemscope\" itemtype=\"https:\/\/schema.org\/CreativeWork\" ><div class='avia_textblock'  itemprop=\"text\" ><p>Skontaktuj si\u0119 z naszym zespo\u0142em sprzeda\u017cy, je\u015bli chcesz dowiedzie\u0107 si\u0119 wi\u0119cej o naszych rozwi\u0105zaniach!<\/p>\n<\/div><\/section>\n<div  class='avia-buttonrow-wrap av-m1em7783-6a0156db84cb0e76772e6159188216f6 avia-buttonrow-left  avia-builder-el-11  el_after_av_textblock  el_before_av_heading '>\n\n<style type=\"text\/css\" data-created_by=\"avia_inline_auto\" id=\"style-css-av-m1em6zgh-3d672d7a3e73806aabc81a18eb974d6b\">\n#top #wrap_all .avia-button.av-m1em6zgh-3d672d7a3e73806aabc81a18eb974d6b{\nmargin-bottom:5px;\nmargin-right:5px;\n}\n<\/style>\n<a href='mailto:sales@infinitteu.com'  class='avia-button av-m1em6zgh-3d672d7a3e73806aabc81a18eb974d6b avia-icon_select-yes-left-icon avia-size-small avia-color-light'  ><span class='avia_button_icon avia_button_icon_left ' aria-hidden='true' data-av_icon='\ue921' data-av_iconfont='infinitt-icons'><\/span><span class='avia_iconbox_title' >biuro@resqmed.pl<\/span><\/a>\n\n<style type=\"text\/css\" data-created_by=\"avia_inline_auto\" id=\"style-css-av-m1em762y-5269c9634d2d5fcd8886f8a9eb642133\">\n#top #wrap_all .avia-button.av-m1em762y-5269c9634d2d5fcd8886f8a9eb642133{\nmargin-bottom:5px;\nmargin-right:5px;\n}\n<\/style>\n<a href='tel:+4969583000300'  class='avia-button av-m1em762y-5269c9634d2d5fcd8886f8a9eb642133 avia-icon_select-yes-left-icon avia-size-small avia-color-light'  ><span class='avia_button_icon avia_button_icon_left ' aria-hidden='true' data-av_icon='\ue916' data-av_iconfont='infinitt-icons'><\/span><span class='avia_iconbox_title' >+48 663 336 962<\/span><\/a>\n<\/div>\n\n<style type=\"text\/css\" data-created_by=\"avia_inline_auto\" id=\"style-css-av-lz6y9uwb-9a4efd702ba58e9ccab8c9fdf0d28617\">\n#top .av-special-heading.av-lz6y9uwb-9a4efd702ba58e9ccab8c9fdf0d28617{\npadding-bottom:10px;\n}\nbody .av-special-heading.av-lz6y9uwb-9a4efd702ba58e9ccab8c9fdf0d28617 .av-special-heading-tag .heading-char{\nfont-size:25px;\n}\n.av-special-heading.av-lz6y9uwb-9a4efd702ba58e9ccab8c9fdf0d28617 .av-subheading{\nfont-size:15px;\n}\n<\/style>\n<div  class='av-special-heading av-lz6y9uwb-9a4efd702ba58e9ccab8c9fdf0d28617 av-special-heading-h3  avia-builder-el-12  el_after_av_buttonrow  el_before_av_textblock '><h3 class='av-special-heading-tag'  itemprop=\"headline\"  >Sprzeda\u017c Europa<\/h3><div class=\"special-heading-border\"><div class=\"special-heading-inner-border\"><\/div><\/div><\/div>\n<section  class='av_textblock_section av-240lzo-d9603f429b2c01021ab418bcae566cd8 '   itemscope=\"itemscope\" itemtype=\"https:\/\/schema.org\/CreativeWork\" ><div class='avia_textblock'  itemprop=\"text\" ><p>Skontaktuj si\u0119 z naszym zespo\u0142em sprzeda\u017cy, je\u015bli chcesz dowiedzie\u0107 si\u0119 wi\u0119cej o naszych rozwi\u0105zaniach!<\/p>\n<\/div><\/section>\n<div  class='avia-buttonrow-wrap av-ly5rqaz2-81c0acd6e4ee7f85c20a603532c51a36 avia-buttonrow-left  avia-builder-el-14  el_after_av_textblock  el_before_av_heading '>\n\n<style type=\"text\/css\" data-created_by=\"avia_inline_auto\" id=\"style-css-av-ly5rqak0-db78d7618b8e853334198d2eb505ce74\">\n#top #wrap_all .avia-button.av-ly5rqak0-db78d7618b8e853334198d2eb505ce74{\nmargin-bottom:5px;\nmargin-right:5px;\n}\n<\/style>\n<a href='mailto:sales@infinitteu.com'  class='avia-button av-ly5rqak0-db78d7618b8e853334198d2eb505ce74 avia-icon_select-yes-left-icon avia-size-small avia-color-light'  ><span class='avia_button_icon avia_button_icon_left ' aria-hidden='true' data-av_icon='\ue921' data-av_iconfont='infinitt-icons'><\/span><span class='avia_iconbox_title' >sales(at)infinitteu.com<\/span><\/a>\n\n<style type=\"text\/css\" data-created_by=\"avia_inline_auto\" id=\"style-css-av-nt71g-bca84566e383c2666dcc5d4b2c4db401\">\n#top #wrap_all .avia-button.av-nt71g-bca84566e383c2666dcc5d4b2c4db401{\nmargin-bottom:5px;\nmargin-right:5px;\n}\n<\/style>\n<a href='tel:+4969583000300'  class='avia-button av-nt71g-bca84566e383c2666dcc5d4b2c4db401 avia-icon_select-yes-left-icon avia-size-small avia-color-light'  ><span class='avia_button_icon avia_button_icon_left ' aria-hidden='true' data-av_icon='\ue916' data-av_iconfont='infinitt-icons'><\/span><span class='avia_iconbox_title' >+49 (0)69 583 000-200<\/span><\/a>\n<\/div>\n\n<style type=\"text\/css\" data-created_by=\"avia_inline_auto\" id=\"style-css-av-1hfq3o-11b875a140e001df5f220ae7290a8214\">\n#top .av-special-heading.av-1hfq3o-11b875a140e001df5f220ae7290a8214{\npadding-bottom:10px;\n}\nbody .av-special-heading.av-1hfq3o-11b875a140e001df5f220ae7290a8214 .av-special-heading-tag .heading-char{\nfont-size:25px;\n}\n.av-special-heading.av-1hfq3o-11b875a140e001df5f220ae7290a8214 .av-subheading{\nfont-size:15px;\n}\n<\/style>\n<div  class='av-special-heading av-1hfq3o-11b875a140e001df5f220ae7290a8214 av-special-heading-h3  avia-builder-el-15  el_after_av_buttonrow  el_before_av_buttonrow '><h3 class='av-special-heading-tag'  itemprop=\"headline\"  >Prasa i marketing<\/h3><div class=\"special-heading-border\"><div class=\"special-heading-inner-border\"><\/div><\/div><\/div>\n<div  class='avia-buttonrow-wrap av-ly5rqiqz-6bce90d90d77ea6ce037093704221712 avia-buttonrow-left  avia-builder-el-16  el_after_av_heading  el_before_av_heading '>\n\n<style type=\"text\/css\" data-created_by=\"avia_inline_auto\" id=\"style-css-av-ly5rqhv2-5fe45027309dd8eeb9ca836a5bb55775\">\n#top #wrap_all .avia-button.av-ly5rqhv2-5fe45027309dd8eeb9ca836a5bb55775{\nmargin-bottom:5px;\nmargin-right:5px;\n}\n<\/style>\n<a href='mailto:marketing@infinitteu.com'  class='avia-button av-ly5rqhv2-5fe45027309dd8eeb9ca836a5bb55775 avia-icon_select-yes-left-icon avia-size-small avia-color-light'  ><span class='avia_button_icon avia_button_icon_left ' aria-hidden='true' data-av_icon='\ue921' data-av_iconfont='infinitt-icons'><\/span><span class='avia_iconbox_title' >marketing(at)infinitteu.com<\/span><\/a>\n\n<style type=\"text\/css\" data-created_by=\"avia_inline_auto\" id=\"style-css-av-d3l3g-f52c1f5cf1f88f693b94046fd90d92e2\">\n#top #wrap_all .avia-button.av-d3l3g-f52c1f5cf1f88f693b94046fd90d92e2{\nmargin-bottom:5px;\nmargin-right:5px;\n}\n<\/style>\n<a href='tel:+4969583000300'  class='avia-button av-d3l3g-f52c1f5cf1f88f693b94046fd90d92e2 avia-icon_select-yes-left-icon avia-size-small avia-color-light'  ><span class='avia_button_icon avia_button_icon_left ' aria-hidden='true' data-av_icon='\ue916' data-av_iconfont='infinitt-icons'><\/span><span class='avia_iconbox_title' >+49 (0)69 583 000-200<\/span><\/a>\n<\/div>\n\n<style type=\"text\/css\" data-created_by=\"avia_inline_auto\" id=\"style-css-av-prkzo-21948efdda80db92920e9f7aa36d4c5f\">\n#top .av-special-heading.av-prkzo-21948efdda80db92920e9f7aa36d4c5f{\npadding-bottom:10px;\n}\nbody .av-special-heading.av-prkzo-21948efdda80db92920e9f7aa36d4c5f .av-special-heading-tag .heading-char{\nfont-size:25px;\n}\n.av-special-heading.av-prkzo-21948efdda80db92920e9f7aa36d4c5f .av-subheading{\nfont-size:15px;\n}\n<\/style>\n<div  class='av-special-heading av-prkzo-21948efdda80db92920e9f7aa36d4c5f av-special-heading-h3  avia-builder-el-17  el_after_av_buttonrow  el_before_av_buttonrow '><h3 class='av-special-heading-tag'  itemprop=\"headline\"  >Administracja<\/h3><div class=\"special-heading-border\"><div class=\"special-heading-inner-border\"><\/div><\/div><\/div>\n<div  class='avia-buttonrow-wrap av-ly5rqq3h-236cee409a78da69ff34b39f6472417c avia-buttonrow-left  avia-builder-el-18  el_after_av_heading  el_before_av_hr '>\n\n<style type=\"text\/css\" data-created_by=\"avia_inline_auto\" id=\"style-css-av-ly5rqpha-d110920b008d742ec617516b8f9031f3\">\n#top #wrap_all .avia-button.av-ly5rqpha-d110920b008d742ec617516b8f9031f3{\nmargin-bottom:5px;\nmargin-right:5px;\n}\n<\/style>\n<a href='mailto:info@infinitteu.com'  class='avia-button av-ly5rqpha-d110920b008d742ec617516b8f9031f3 avia-icon_select-yes-left-icon avia-size-small avia-color-light'  ><span class='avia_button_icon avia_button_icon_left ' aria-hidden='true' data-av_icon='\ue921' data-av_iconfont='infinitt-icons'><\/span><span class='avia_iconbox_title' >info(at)infinitteu.com<\/span><\/a>\n\n<style type=\"text\/css\" data-created_by=\"avia_inline_auto\" id=\"style-css-av-9sfqs-665d2a1bc345811c078fda08141a474a\">\n#top #wrap_all .avia-button.av-9sfqs-665d2a1bc345811c078fda08141a474a{\nmargin-bottom:5px;\nmargin-right:5px;\n}\n<\/style>\n<a href='tel:+4969583000300'  class='avia-button av-9sfqs-665d2a1bc345811c078fda08141a474a avia-icon_select-yes-left-icon avia-size-small avia-color-light'  ><span class='avia_button_icon avia_button_icon_left ' aria-hidden='true' data-av_icon='\ue916' data-av_iconfont='infinitt-icons'><\/span><span class='avia_iconbox_title' >+49 (0)69 583 000-200<\/span><\/a>\n<\/div>\n\n<style type=\"text\/css\" data-created_by=\"avia_inline_auto\" id=\"style-css-av-9qqsc-e8d69ad665b9b5dd58f325782cf55f19\">\n#top .hr.hr-invisible.av-9qqsc-e8d69ad665b9b5dd58f325782cf55f19{\nheight:50px;\n}\n<\/style>\n<div  class='hr av-9qqsc-e8d69ad665b9b5dd58f325782cf55f19 hr-invisible  avia-builder-el-19  el_after_av_buttonrow  el_before_av_button '><span class='hr-inner '><span class=\"hr-inner-style\"><\/span><\/span><\/div>\n<div  class='avia-button-wrap av-lp8g4ew3-9ff1b4faa53d6e1811f1866ef29b090f-wrap avia-button-left  avia-builder-el-20  el_after_av_hr  avia-builder-el-last '><a href='https:\/\/infinitteurope.com\/pl\/skontaktuj-sie-z-nami\/'  class='avia-button av-lp8g4ew3-9ff1b4faa53d6e1811f1866ef29b090f avia-icon_select-yes-right-icon avia-size-small avia-position-left avia-color-light'  ><span class='avia_iconbox_title' >do strony kontaktowej<\/span><span class='avia_button_icon avia_button_icon_right' aria-hidden='true' data-av_icon='\ue87d' data-av_iconfont='entypo-fontello'><\/span><\/a><\/div><\/div><\/div><!--close column table wrapper. Autoclose: 1 -->","protected":false},"excerpt":{"rendered":"","protected":false},"author":1,"featured_media":0,"parent":0,"menu_order":0,"comment_status":"closed","ping_status":"closed","template":"","meta":{"_acf_changed":false,"footnotes":""},"class_list":["post-5959","page","type-page","status-publish","hentry"],"acf":[],"yoast_head":"<!-- This site is optimized with the Yoast SEO plugin v27.4 - https:\/\/yoast.com\/product\/yoast-seo-wordpress\/ -->\n<title>Szablon kontaktu - infinitteurope<\/title>\n<meta name=\"robots\" content=\"index, follow, max-snippet:-1, max-image-preview:large, max-video-preview:-1\" \/>\n<link rel=\"canonical\" href=\"https:\/\/infinitteurope.com\/pl\/szablon-kontaktu\/\" \/>\n<meta property=\"og:locale\" content=\"pl_PL\" \/>\n<meta property=\"og:type\" content=\"article\" \/>\n<meta property=\"og:title\" content=\"Szablon kontaktu - infinitteurope\" \/>\n<meta property=\"og:url\" content=\"https:\/\/infinitteurope.com\/pl\/szablon-kontaktu\/\" \/>\n<meta property=\"og:site_name\" content=\"infinitteurope\" \/>\n<meta property=\"article:modified_time\" content=\"2025-05-28T12:31:58+00:00\" \/>\n<meta name=\"twitter:card\" content=\"summary_large_image\" \/>\n<meta name=\"twitter:label1\" content=\"Szacowany czas czytania\" \/>\n\t<meta name=\"twitter:data1\" content=\"1 minuta\" \/>\n<script type=\"application\/ld+json\" class=\"yoast-schema-graph\">{\"@context\":\"https:\\\/\\\/schema.org\",\"@graph\":[{\"@type\":\"WebPage\",\"@id\":\"https:\\\/\\\/infinitteurope.com\\\/pl\\\/szablon-kontaktu\\\/\",\"url\":\"https:\\\/\\\/infinitteurope.com\\\/pl\\\/szablon-kontaktu\\\/\",\"name\":\"Szablon kontaktu - infinitteurope\",\"isPartOf\":{\"@id\":\"https:\\\/\\\/infinitteurope.com\\\/pl\\\/#website\"},\"datePublished\":\"2023-11-21T14:43:55+00:00\",\"dateModified\":\"2025-05-28T12:31:58+00:00\",\"breadcrumb\":{\"@id\":\"https:\\\/\\\/infinitteurope.com\\\/pl\\\/szablon-kontaktu\\\/#breadcrumb\"},\"inLanguage\":\"pl-PL\",\"potentialAction\":[{\"@type\":\"ReadAction\",\"target\":[\"https:\\\/\\\/infinitteurope.com\\\/pl\\\/szablon-kontaktu\\\/\"]}]},{\"@type\":\"BreadcrumbList\",\"@id\":\"https:\\\/\\\/infinitteurope.com\\\/pl\\\/szablon-kontaktu\\\/#breadcrumb\",\"itemListElement\":[{\"@type\":\"ListItem\",\"position\":1,\"name\":\"Startseite\",\"item\":\"https:\\\/\\\/infinitteurope.com\\\/pl\\\/\"},{\"@type\":\"ListItem\",\"position\":2,\"name\":\"Szablon kontaktu\"}]},{\"@type\":\"WebSite\",\"@id\":\"https:\\\/\\\/infinitteurope.com\\\/pl\\\/#website\",\"url\":\"https:\\\/\\\/infinitteurope.com\\\/pl\\\/\",\"name\":\"infinitteurope\",\"description\":\"\",\"publisher\":{\"@id\":\"https:\\\/\\\/infinitteurope.com\\\/pl\\\/#organization\"},\"potentialAction\":[{\"@type\":\"SearchAction\",\"target\":{\"@type\":\"EntryPoint\",\"urlTemplate\":\"https:\\\/\\\/infinitteurope.com\\\/pl\\\/?s={search_term_string}\"},\"query-input\":{\"@type\":\"PropertyValueSpecification\",\"valueRequired\":true,\"valueName\":\"search_term_string\"}}],\"inLanguage\":\"pl-PL\"},{\"@type\":\"Organization\",\"@id\":\"https:\\\/\\\/infinitteurope.com\\\/pl\\\/#organization\",\"name\":\"Infinitt Europe GmbH\",\"url\":\"https:\\\/\\\/infinitteurope.com\\\/pl\\\/\",\"logo\":{\"@type\":\"ImageObject\",\"inLanguage\":\"pl-PL\",\"@id\":\"https:\\\/\\\/infinitteurope.com\\\/pl\\\/#\\\/schema\\\/logo\\\/image\\\/\",\"url\":\"https:\\\/\\\/infinitteurope.com\\\/wp-content\\\/uploads\\\/2024\\\/07\\\/ieu_logo_blue-bg-white.jpg\",\"contentUrl\":\"https:\\\/\\\/infinitteurope.com\\\/wp-content\\\/uploads\\\/2024\\\/07\\\/ieu_logo_blue-bg-white.jpg\",\"width\":600,\"height\":600,\"caption\":\"Infinitt Europe GmbH\"},\"image\":{\"@id\":\"https:\\\/\\\/infinitteurope.com\\\/pl\\\/#\\\/schema\\\/logo\\\/image\\\/\"}}]}<\/script>\n<!-- \/ Yoast SEO plugin. -->","yoast_head_json":{"title":"Szablon kontaktu - infinitteurope","robots":{"index":"index","follow":"follow","max-snippet":"max-snippet:-1","max-image-preview":"max-image-preview:large","max-video-preview":"max-video-preview:-1"},"canonical":"https:\/\/infinitteurope.com\/pl\/szablon-kontaktu\/","og_locale":"pl_PL","og_type":"article","og_title":"Szablon kontaktu - infinitteurope","og_url":"https:\/\/infinitteurope.com\/pl\/szablon-kontaktu\/","og_site_name":"infinitteurope","article_modified_time":"2025-05-28T12:31:58+00:00","twitter_card":"summary_large_image","twitter_misc":{"Szacowany czas czytania":"1 minuta"},"schema":{"@context":"https:\/\/schema.org","@graph":[{"@type":"WebPage","@id":"https:\/\/infinitteurope.com\/pl\/szablon-kontaktu\/","url":"https:\/\/infinitteurope.com\/pl\/szablon-kontaktu\/","name":"Szablon kontaktu - infinitteurope","isPartOf":{"@id":"https:\/\/infinitteurope.com\/pl\/#website"},"datePublished":"2023-11-21T14:43:55+00:00","dateModified":"2025-05-28T12:31:58+00:00","breadcrumb":{"@id":"https:\/\/infinitteurope.com\/pl\/szablon-kontaktu\/#breadcrumb"},"inLanguage":"pl-PL","potentialAction":[{"@type":"ReadAction","target":["https:\/\/infinitteurope.com\/pl\/szablon-kontaktu\/"]}]},{"@type":"BreadcrumbList","@id":"https:\/\/infinitteurope.com\/pl\/szablon-kontaktu\/#breadcrumb","itemListElement":[{"@type":"ListItem","position":1,"name":"Startseite","item":"https:\/\/infinitteurope.com\/pl\/"},{"@type":"ListItem","position":2,"name":"Szablon kontaktu"}]},{"@type":"WebSite","@id":"https:\/\/infinitteurope.com\/pl\/#website","url":"https:\/\/infinitteurope.com\/pl\/","name":"infinitteurope","description":"","publisher":{"@id":"https:\/\/infinitteurope.com\/pl\/#organization"},"potentialAction":[{"@type":"SearchAction","target":{"@type":"EntryPoint","urlTemplate":"https:\/\/infinitteurope.com\/pl\/?s={search_term_string}"},"query-input":{"@type":"PropertyValueSpecification","valueRequired":true,"valueName":"search_term_string"}}],"inLanguage":"pl-PL"},{"@type":"Organization","@id":"https:\/\/infinitteurope.com\/pl\/#organization","name":"Infinitt Europe GmbH","url":"https:\/\/infinitteurope.com\/pl\/","logo":{"@type":"ImageObject","inLanguage":"pl-PL","@id":"https:\/\/infinitteurope.com\/pl\/#\/schema\/logo\/image\/","url":"https:\/\/infinitteurope.com\/wp-content\/uploads\/2024\/07\/ieu_logo_blue-bg-white.jpg","contentUrl":"https:\/\/infinitteurope.com\/wp-content\/uploads\/2024\/07\/ieu_logo_blue-bg-white.jpg","width":600,"height":600,"caption":"Infinitt Europe GmbH"},"image":{"@id":"https:\/\/infinitteurope.com\/pl\/#\/schema\/logo\/image\/"}}]}},"_links":{"self":[{"href":"https:\/\/infinitteurope.com\/pl\/wp-json\/wp\/v2\/pages\/5959","targetHints":{"allow":["GET"]}}],"collection":[{"href":"https:\/\/infinitteurope.com\/pl\/wp-json\/wp\/v2\/pages"}],"about":[{"href":"https:\/\/infinitteurope.com\/pl\/wp-json\/wp\/v2\/types\/page"}],"author":[{"embeddable":true,"href":"https:\/\/infinitteurope.com\/pl\/wp-json\/wp\/v2\/users\/1"}],"replies":[{"embeddable":true,"href":"https:\/\/infinitteurope.com\/pl\/wp-json\/wp\/v2\/comments?post=5959"}],"version-history":[{"count":1,"href":"https:\/\/infinitteurope.com\/pl\/wp-json\/wp\/v2\/pages\/5959\/revisions"}],"predecessor-version":[{"id":8030,"href":"https:\/\/infinitteurope.com\/pl\/wp-json\/wp\/v2\/pages\/5959\/revisions\/8030"}],"wp:attachment":[{"href":"https:\/\/infinitteurope.com\/pl\/wp-json\/wp\/v2\/media?parent=5959"}],"curies":[{"name":"wp","href":"https:\/\/api.w.org\/{rel}","templated":true}]}}